{"id":10240,"date":"2025-09-12T15:46:13","date_gmt":"2025-09-12T07:46:13","guid":{"rendered":"https:\/\/www.hvbio.com\/?post_type=product&#038;p=10240"},"modified":"2025-09-12T16:22:24","modified_gmt":"2025-09-12T08:22:24","slug":"ginseng-fruit-powder","status":"publish","type":"product","link":"https:\/\/www.hvbio.com\/pt\/produto\/ginseng-fruit-powder\/","title":{"rendered":"P\u00f3 de fruta ginseng"},"content":{"rendered":"<table>\n<thead>\n<tr>\n<th>Item<\/th>\n<th>Detalhes<\/th>\n<\/tr>\n<\/thead>\n<tbody>\n<tr>\n<td><strong>Nome do produto<\/strong><\/td>\n<td>P\u00f3 de fruta ginseng<\/td>\n<\/tr>\n<tr>\n<td><strong>Aliases de produtos<\/strong><\/td>\n<td>Fruta Imortal, Pera Perfumada e Maravilhosa, Fruta Maravilhosa, Cao Huan Dan (Elixir Herbal do Renascimento)<\/td>\n<\/tr>\n<tr>\n<td><strong>Nome em ingl\u00eas<\/strong><\/td>\n<td>Fruta de Ginseng<\/td>\n<\/tr>\n<tr>\n<td><strong>Fonte de Extra\u00e7\u00e3o<\/strong><\/td>\n<td>Bagas de\u00a0<em>Ginseng Panax<\/em>\u00a0CA Meyer (uma planta pertencente \u00e0 fam\u00edlia Araliaceae)<\/td>\n<\/tr>\n<tr>\n<td><strong>Apar\u00eancia do produto<\/strong><\/td>\n<td>P\u00f3 fino<\/td>\n<\/tr>\n<tr>\n<td><strong>Especifica\u00e7\u00e3o do produto<\/strong><\/td>\n<td>10:1, 20:1<\/td>\n<\/tr>\n<tr>\n<td><strong>Processo de produ\u00e7\u00e3o<\/strong><\/td>\n<td>1. Selecione mat\u00e9rias-primas de alta qualidade; 2. Limpe as mat\u00e9rias-primas; 3. Extraia por 3 vezes; 4. Concentre; 5. Seque por pulveriza\u00e7\u00e3o at\u00e9 formar p\u00f3; 6. Peneire e esterilize; 7. Embale<\/td>\n<\/tr>\n<tr>\n<td><strong>Tamanho da malha do produto<\/strong><\/td>\n<td>80 malhas \u2013 100 malhas<\/td>\n<\/tr>\n<tr>\n<td><strong>M\u00e9todo de armazenamento<\/strong><\/td>\n<td>Conservar em local fresco, seco, arejado e protegido de tra\u00e7as, ao abrigo da luz.<\/td>\n<\/tr>\n<tr>\n<td><strong>Especifica\u00e7\u00e3o de embalagem<\/strong><\/td>\n<td>1-5 kg\/saco de papel alum\u00ednio + caixa r\u00edgida; 25 kg\/tambor de papel<\/td>\n<\/tr>\n<tr>\n<td><strong>Prazo de validade<\/strong><\/td>\n<td>24 meses<\/td>\n<\/tr>\n<\/tbody>\n<\/table>","protected":false},"excerpt":{"rendered":"<div class=\"auto-hide-last-sibling-br paragraph-JOTKXA paragraph-element br-paragraph-space\"><strong>Nome do produto<\/strong>: P\u00f3 de fruta ginseng<br class=\"container-utlnW2 wrapper-d0Cc1k undefined\" \/><strong>Nomes Alternativos<\/strong>: Fruta Imortal, Pera Perfumada e Linda, Fruta Linda, Caohuandan<br class=\"container-utlnW2 wrapper-d0Cc1k undefined\" \/><strong>Nome em ingl\u00eas<\/strong>: Fruta Ginseng<\/div>\n<div class=\"auto-hide-last-sibling-br paragraph-JOTKXA paragraph-element br-paragraph-space\"><strong>Fonte de Extra\u00e7\u00e3o<\/strong>: Bagas de\u00a0<em>Ginseng Panax<\/em>\u00a0CA Mey. (uma planta pertencente \u00e0 fam\u00edlia Araliaceae)<\/div>\n<div class=\"auto-hide-last-sibling-br paragraph-JOTKXA paragraph-element br-paragraph-space\"><strong>Apar\u00eancia do produto<\/strong>: P\u00f3 fino<\/div>\n<div class=\"auto-hide-last-sibling-br paragraph-JOTKXA paragraph-element br-paragraph-space\"><strong>Especifica\u00e7\u00f5es do produto<\/strong>: 10:1, 20:1<\/div>\n<div class=\"auto-hide-last-sibling-br paragraph-JOTKXA paragraph-element br-paragraph-space\"><strong>Processo de produ\u00e7\u00e3o<\/strong>:<\/div>\n<ol class=\"auto-hide-last-sibling-br\">\n<li>Sele\u00e7\u00e3o de mat\u00e9rias-primas de alta qualidade<\/li>\n<li>Limpeza de mat\u00e9ria-prima<\/li>\n<li>Extra\u00e7\u00e3o tripla<\/li>\n<li>Concentra\u00e7\u00e3o<\/li>\n<li>Secagem por pulveriza\u00e7\u00e3o em p\u00f3<\/li>\n<li>Peneiramento e esteriliza\u00e7\u00e3o<\/li>\n<li>Embalagem<\/li>\n<\/ol>\n<div class=\"auto-hide-last-sibling-br paragraph-JOTKXA paragraph-element br-paragraph-space\"><strong>Tamanho da malha do produto<\/strong>: 80-100 malhas<\/div>\n<div class=\"auto-hide-last-sibling-br paragraph-JOTKXA paragraph-element br-paragraph-space\"><strong>M\u00e9todo de armazenamento<\/strong>: Conservar em local ventilado, seco, fresco e protegido de tra\u00e7as, ao abrigo da luz.<\/div>\n<div class=\"auto-hide-last-sibling-br paragraph-JOTKXA paragraph-element br-paragraph-space\"><strong>Especifica\u00e7\u00f5es de embalagem<\/strong>:<\/div>\n<ul class=\"auto-hide-last-sibling-br\">\n<li>1-5 kg\/saco de papel alum\u00ednio (embalado em caixa r\u00edgida)<\/li>\n<li>25 kg\/tambor de papel<\/li>\n<\/ul>\n<div class=\"auto-hide-last-sibling-br paragraph-JOTKXA paragraph-element br-paragraph-space\"><strong>Prazo de validade<\/strong>: 24 meses<\/div>","protected":false},"featured_media":10241,"comment_status":"closed","ping_status":"closed","template":"","meta":[],"product_brand":[],"product_cat":[18,20],"product_tag":[],"class_list":{"0":"post-10240","1":"product","2":"type-product","3":"status-publish","4":"has-post-thumbnail","6":"product_cat-fruit-and-vegetable-powder","7":"product_cat-fruit-powder","9":"first","10":"instock","11":"shipping-taxable","12":"product-type-simple"},"_links":{"self":[{"href":"https:\/\/www.hvbio.com\/pt\/wp-json\/wp\/v2\/product\/10240","targetHints":{"allow":["GET"]}}],"collection":[{"href":"https:\/\/www.hvbio.com\/pt\/wp-json\/wp\/v2\/product"}],"about":[{"href":"https:\/\/www.hvbio.com\/pt\/wp-json\/wp\/v2\/types\/product"}],"replies":[{"embeddable":true,"href":"https:\/\/www.hvbio.com\/pt\/wp-json\/wp\/v2\/comments?post=10240"}],"wp:featuredmedia":[{"embeddable":true,"href":"https:\/\/www.hvbio.com\/pt\/wp-json\/wp\/v2\/media\/10241"}],"wp:attachment":[{"href":"https:\/\/www.hvbio.com\/pt\/wp-json\/wp\/v2\/media?parent=10240"}],"wp:term":[{"taxonomy":"product_brand","embeddable":true,"href":"https:\/\/www.hvbio.com\/pt\/wp-json\/wp\/v2\/product_brand?post=10240"},{"taxonomy":"product_cat","embeddable":true,"href":"https:\/\/www.hvbio.com\/pt\/wp-json\/wp\/v2\/product_cat?post=10240"},{"taxonomy":"product_tag","embeddable":true,"href":"https:\/\/www.hvbio.com\/pt\/wp-json\/wp\/v2\/product_tag?post=10240"}],"curies":[{"name":"wp","href":"https:\/\/api.w.org\/{rel}","templated":true}]}}