{"id":10278,"date":"2025-09-23T14:21:18","date_gmt":"2025-09-23T06:21:18","guid":{"rendered":"https:\/\/www.hvbio.com\/?post_type=product&#038;p=10278"},"modified":"2025-09-23T14:21:18","modified_gmt":"2025-09-23T06:21:18","slug":"ginkgo-biloba-leaf-extract","status":"publish","type":"product","link":"https:\/\/www.hvbio.com\/pt\/produto\/ginkgo-biloba-leaf-extract\/","title":{"rendered":"Extrato de folha de Ginkgo Biloba"},"content":{"rendered":"<table>\n<thead>\n<tr>\n<th>Categoria<\/th>\n<th>Descri\u00e7\u00e3o em ingl\u00eas<\/th>\n<\/tr>\n<\/thead>\n<tbody>\n<tr>\n<td>Nome do produto<\/td>\n<td>Extrato de folha de Ginkgo Biloba<\/td>\n<\/tr>\n<tr>\n<td>Fonte<\/td>\n<td>Extracted from dried leaves<\/td>\n<\/tr>\n<tr>\n<td>Plant Distribution<\/td>\n<td>Produced in most areas of China, mainly in Hubei, Jiangsu, Guangxi, Sichuan, Henan, Shandong, Liaoning and other regions<\/td>\n<\/tr>\n<tr>\n<td>Propriedade do produto<\/td>\n<td>Ginkgo biloba P.E is a brown, free-flowing powder with a slight ginkgo leaf aroma.<\/td>\n<\/tr>\n<tr>\n<td>Especifica\u00e7\u00e3o do produto<\/td>\n<td>10:1<\/td>\n<\/tr>\n<tr>\n<td>Color Property<\/td>\n<td>P\u00f3 marrom<\/td>\n<\/tr>\n<tr>\n<td>M\u00e9todo de detec\u00e7\u00e3o<\/td>\n<td>TLC<\/td>\n<\/tr>\n<tr>\n<td>Tamanho da malha do produto<\/td>\n<td>Screened through 80 meshes<\/td>\n<\/tr>\n<tr>\n<td>Condi\u00e7\u00f5es de armazenamento<\/td>\n<td>This product should be sealed, protected from light and high temperature, and stored in a dry, cool and well-ventilated place.<\/td>\n<\/tr>\n<tr>\n<td>M\u00e9todo de embalagem<\/td>\n<td>Bulk goods: 25kg\/carton drum; Small samples: 1kg\/aluminum foil bag; Custom packaging is also available upon customer request.<\/td>\n<\/tr>\n<tr>\n<td>M\u00e9todo de transporte<\/td>\n<td>Express or logistics. Domestic express arrives within 3 days, and logistics arrives within 5 days. Quotations generally include domestic transportation costs.<\/td>\n<\/tr>\n<tr>\n<td>Prazo de validade<\/td>\n<td>2 anos<\/td>\n<\/tr>\n<tr>\n<td>Shipping Notes<\/td>\n<td>We do not ship on weekends and holidays, and shipments will be postponed to working days. Due to the company&#8217;s large orders throughout the year, we will contact customers in a timely manner to handle any out-of-stock situations.<\/td>\n<\/tr>\n<tr>\n<td>Invoice Notes<\/td>\n<td>If you need an invoice, please select the corporate reconciliation account when making payment. Thank you for your cooperation!<\/td>\n<\/tr>\n<\/tbody>\n<\/table>","protected":false},"excerpt":{"rendered":"<p>Category English Description Product Name Ginkgo Biloba Leaf Extract Source Extracted from dried leaves Plant Distribution Produced in most areas<\/p>","protected":false},"featured_media":10279,"comment_status":"closed","ping_status":"closed","template":"","meta":[],"product_brand":[],"product_cat":[17,24],"product_tag":[],"class_list":{"0":"post-10278","1":"product","2":"type-product","3":"status-publish","4":"has-post-thumbnail","6":"product_cat-plant-extract","7":"product_cat-ratio-extract","9":"first","10":"instock","11":"shipping-taxable","12":"product-type-simple"},"_links":{"self":[{"href":"https:\/\/www.hvbio.com\/pt\/wp-json\/wp\/v2\/product\/10278","targetHints":{"allow":["GET"]}}],"collection":[{"href":"https:\/\/www.hvbio.com\/pt\/wp-json\/wp\/v2\/product"}],"about":[{"href":"https:\/\/www.hvbio.com\/pt\/wp-json\/wp\/v2\/types\/product"}],"replies":[{"embeddable":true,"href":"https:\/\/www.hvbio.com\/pt\/wp-json\/wp\/v2\/comments?post=10278"}],"wp:featuredmedia":[{"embeddable":true,"href":"https:\/\/www.hvbio.com\/pt\/wp-json\/wp\/v2\/media\/10279"}],"wp:attachment":[{"href":"https:\/\/www.hvbio.com\/pt\/wp-json\/wp\/v2\/media?parent=10278"}],"wp:term":[{"taxonomy":"product_brand","embeddable":true,"href":"https:\/\/www.hvbio.com\/pt\/wp-json\/wp\/v2\/product_brand?post=10278"},{"taxonomy":"product_cat","embeddable":true,"href":"https:\/\/www.hvbio.com\/pt\/wp-json\/wp\/v2\/product_cat?post=10278"},{"taxonomy":"product_tag","embeddable":true,"href":"https:\/\/www.hvbio.com\/pt\/wp-json\/wp\/v2\/product_tag?post=10278"}],"curies":[{"name":"wp","href":"https:\/\/api.w.org\/{rel}","templated":true}]}}