{"id":10313,"date":"2025-09-23T14:45:03","date_gmt":"2025-09-23T06:45:03","guid":{"rendered":"https:\/\/www.hvbio.com\/?post_type=product&#038;p=10313"},"modified":"2025-09-23T14:45:04","modified_gmt":"2025-09-23T06:45:04","slug":"gynostemma-pentaphyllum-extract","status":"publish","type":"product","link":"https:\/\/www.hvbio.com\/pt\/produto\/gynostemma-pentaphyllum-extract\/","title":{"rendered":"Extrato de Gynostemma Pentaphyllum"},"content":{"rendered":"<table>\n<thead>\n<tr>\n<th>Item<\/th>\n<th>Contente<\/th>\n<\/tr>\n<\/thead>\n<tbody>\n<tr>\n<td><strong>Nome do produto<\/strong><\/td>\n<td>Extrato de Gynostemma Pentaphyllum<\/td>\n<\/tr>\n<tr>\n<td><strong>Nome em ingl\u00eas<\/strong><\/td>\n<td>Gynostemma P.E.<\/td>\n<\/tr>\n<tr>\n<td><strong>Nome latino<\/strong><\/td>\n<td>Gynostemma pentaphyllum (Thunb.) Makino<\/td>\n<\/tr>\n<tr>\n<td><strong>Pseud\u00f4nimo<\/strong><\/td>\n<td>Qiyedan (Seven-leaf Ginseng), Xiaokuyao (Small Bitter Herb), Gongluoguodi (Male Radish Base)<\/td>\n<\/tr>\n<tr>\n<td><strong>Fonte<\/strong><\/td>\n<td>The whole herb of\u00a0<em>Gynostemma pentaphyllum<\/em>\u00a0(Thunb.) Makino belonging to the Cucurbitaceae family. It is harvested in autumn and dried in the sun.<\/td>\n<\/tr>\n<tr>\n<td><strong>Apar\u00eancia<\/strong><\/td>\n<td>P\u00f3 amarelo-acastanhado<\/td>\n<\/tr>\n<tr>\n<td><strong>M\u00e9todo de detec\u00e7\u00e3o<\/strong><\/td>\n<td>TLC (Cromatografia em Camada Delgada)<\/td>\n<\/tr>\n<tr>\n<td><strong>Especifica\u00e7\u00e3o do produto<\/strong><\/td>\n<td>10:1. For other specifications such as 20:1 saponin, please contact customer service.<\/td>\n<\/tr>\n<tr>\n<td><strong>Armazenamento de produtos<\/strong><\/td>\n<td>Store in a cool, dry place away from light and high temperature.<\/td>\n<\/tr>\n<tr>\n<td><strong>Embalagem do produto<\/strong><\/td>\n<td>1-5kg: Aluminum foil packaging; Over 25kg: Paper drum packaging<\/td>\n<\/tr>\n<tr>\n<td><strong>Prazo de validade<\/strong><\/td>\n<td>Dois anos<\/td>\n<\/tr>\n<\/tbody>\n<\/table>","protected":false},"excerpt":{"rendered":"<p>Item Content Product Name Gynostemma Pentaphyllum Extract English Name Gynostemma P.E. Latin Name Gynostemma pentaphyllum (Thunb.) Makino Alias Qiyedan (Seven-leaf<\/p>","protected":false},"featured_media":10316,"comment_status":"closed","ping_status":"closed","template":"","meta":[],"product_brand":[],"product_cat":[17,24],"product_tag":[],"class_list":{"0":"post-10313","1":"product","2":"type-product","3":"status-publish","4":"has-post-thumbnail","6":"product_cat-plant-extract","7":"product_cat-ratio-extract","9":"first","10":"instock","11":"shipping-taxable","12":"product-type-simple"},"_links":{"self":[{"href":"https:\/\/www.hvbio.com\/pt\/wp-json\/wp\/v2\/product\/10313","targetHints":{"allow":["GET"]}}],"collection":[{"href":"https:\/\/www.hvbio.com\/pt\/wp-json\/wp\/v2\/product"}],"about":[{"href":"https:\/\/www.hvbio.com\/pt\/wp-json\/wp\/v2\/types\/product"}],"replies":[{"embeddable":true,"href":"https:\/\/www.hvbio.com\/pt\/wp-json\/wp\/v2\/comments?post=10313"}],"wp:featuredmedia":[{"embeddable":true,"href":"https:\/\/www.hvbio.com\/pt\/wp-json\/wp\/v2\/media\/10316"}],"wp:attachment":[{"href":"https:\/\/www.hvbio.com\/pt\/wp-json\/wp\/v2\/media?parent=10313"}],"wp:term":[{"taxonomy":"product_brand","embeddable":true,"href":"https:\/\/www.hvbio.com\/pt\/wp-json\/wp\/v2\/product_brand?post=10313"},{"taxonomy":"product_cat","embeddable":true,"href":"https:\/\/www.hvbio.com\/pt\/wp-json\/wp\/v2\/product_cat?post=10313"},{"taxonomy":"product_tag","embeddable":true,"href":"https:\/\/www.hvbio.com\/pt\/wp-json\/wp\/v2\/product_tag?post=10313"}],"curies":[{"name":"wp","href":"https:\/\/api.w.org\/{rel}","templated":true}]}}