{"id":10322,"date":"2025-09-23T14:52:18","date_gmt":"2025-09-23T06:52:18","guid":{"rendered":"https:\/\/www.hvbio.com\/?post_type=product&#038;p=10322"},"modified":"2025-09-23T15:20:36","modified_gmt":"2025-09-23T07:20:36","slug":"honeysuckle-extract","status":"publish","type":"product","link":"https:\/\/www.hvbio.com\/pt\/produto\/honeysuckle-extract\/","title":{"rendered":"Extrato de madressilva"},"content":{"rendered":"<div class=\"inter-jQQQ8P\">\n<div class=\"container-PrUkKo\">\n<div class=\"item-hGGxLi\">\n<div class=\"container-arOxqB chrome70-container\">\n<div class=\"inner-FyM8gE inner-item-f8P6nx\" data-target-id=\"message-box-target-id\" data-testid=\"union_message\">\n<div class=\"message-block-container-aFugD6\" data-testid=\"message-block-container\" data-ui-version=\"samantha\">\n<div class=\"flex flex-row w-full w-full max-w-full s-font-base text-s-color-text-secondary p-0 rounded-s-radius-s bg-transparent group data-[attr=select-mode]:-mt-10 data-[attr=select-mode]:py-10 data-[attr=select-mode]:px-16 data-[attr=select-mode]:sm:p-10 data-[attr=select-mode]:hover:bg-s-color-bg-base data-[attr=select-mode]:hover:rounded-s-radius-xs data-[attr=select-mode]:has-[:checked]:bg-s-color-bg-trans data-[attr=select-mode]:has-[:checked]:rounded-s-radius-xs data-[attr=select-mode]:pointer-events-none\" data-testid=\"receive_message\">\n<div class=\"flex flex-col flex-grow max-w-full min-w-0\">\n<div class=\"flex flex-row w-full\" data-testid=\"message_content\" data-message-id=\"21510823919947778\">\n<div class=\"w-full\" data-plugin-identifier=\"Symbol(infra:receive-message-box:text)\">\n<div class=\"container-ZYIsnH flow-markdown-body mdbox-theme-next theme-samantha-Nbr9UN\" dir=\"ltr\" data-testid=\"message_text_content\" data-show-indicator=\"false\">\n<div class=\"auto-hide-last-sibling-br mdbox-table-root table-container-GhL7Lo\" data-scroll-inline-overflow=\"false\" data-scroll-inline-at-start=\"true\" data-scroll-inline-start-overflow=\"false\" data-scroll-inline-at-end=\"true\" data-scroll-inline-end-overflow=\"false\">\n<div class=\"table-scroll-container-hgHkfW mdbox-table-scroll-container\">\n<table>\n<thead>\n<tr>\n<th>Item<\/th>\n<th>Detalhes<\/th>\n<\/tr>\n<\/thead>\n<tbody>\n<tr>\n<td>Nome do produto<\/td>\n<td>Extrato de madressilva<\/td>\n<\/tr>\n<tr>\n<td>Nomes Alternativos<\/td>\n<td>Japanese Honeysuckle, Honeysuckle Vine, Silver Vine<\/td>\n<\/tr>\n<tr>\n<td>Nome latino<\/td>\n<td>Lonicera Japonica<\/td>\n<\/tr>\n<tr>\n<td>Fonte vegetal<\/td>\n<td>Folhas de\u00a0<em>Lonicera japonica<\/em>\u00a0Thunb., a deciduous shrub belonging to the Caprifoliaceae family, Lonicera genus<\/p>\n<div class=\"container-utlnW2 md-box-line-break wrapper-d0Cc1k undefined\"><\/div>\n<div class=\"container-utlnW2 md-box-line-break wrapper-d0Cc1k undefined\"><\/div>\n<p><em>Note: There is an error in the original &#8220;plant source&#8221; (mentioned &#8220;seabuckthorn leaves&#8221;). The correct source of Honeysuckle Extract is the leaves of Lonicera japonica, not seabuckthorn (a plant of the Elaeagnaceae family).<\/em><\/td>\n<\/tr>\n<tr>\n<td>Ingrediente ativo<\/td>\n<td>Chlorogenic Acid from Honeysuckle<\/td>\n<\/tr>\n<tr>\n<td>Origin of Raw Material<\/td>\n<td>Distributed throughout China, except Tibet<\/td>\n<\/tr>\n<tr>\n<td>Especifica\u00e7\u00e3o<\/td>\n<td>10:1; For other specifications, please contact customer service for consultation<\/td>\n<\/tr>\n<tr>\n<td>Character<\/td>\n<td>Brown powder, hygroscopic, easily soluble in water<\/td>\n<\/tr>\n<tr>\n<td>M\u00e9todo de detec\u00e7\u00e3o<\/td>\n<td>TLC (Cromatografia em Camada Delgada)<\/td>\n<\/tr>\n<tr>\n<td>Cor e Car\u00e1ter<\/td>\n<td>P\u00f3 marrom<\/td>\n<\/tr>\n<tr>\n<td>Tamanho da malha<\/td>\n<td>80-mesh sieve<\/td>\n<\/tr>\n<tr>\n<td>M\u00e9todo de embalagem<\/td>\n<td>25 kg\/tambor de papel\u00e3o ou saco de papel alum\u00ednio<\/td>\n<\/tr>\n<tr>\n<td>Condi\u00e7\u00f5es de armazenamento<\/td>\n<td>Deve ser selado e protegido da luz; armazenado em local seco, fresco e bem ventilado<\/td>\n<\/tr>\n<tr>\n<td>Prazo de validade<\/td>\n<td>24 meses<\/td>\n<\/tr>\n<tr>\n<td>Courier &amp; Logistics<\/td>\n<td>ZTO Express (generally arrives within 3 days); Logistics (generally arrives within 5 days)<\/td>\n<\/tr>\n<\/tbody>\n<\/table>\n<\/div>\n<\/div>\n<\/div>\n<\/div>\n<\/div>\n<div class=\"flex-row flex max-w-full min-w-0 flex-grow\">\n<div class=\"flex flex-col justify-end h-40 w-full select-none opacity-100\" data-testid=\"message_action_bar\">\n<div class=\"message-action-bar-ghR0JC flex flex-row w-full group\"><\/div>\n<\/div>\n<\/div>\n<\/div>\n<\/div>\n<\/div>\n<\/div>\n<\/div>\n<\/div>\n<\/div>\n<\/div>\n<div class=\"top-lAPxtl\">\n<div class=\"container-arOxqB chrome70-container\"><\/div>\n<\/div>","protected":false},"excerpt":{"rendered":"<ul class=\"auto-hide-last-sibling-br\">\n<li><strong>Nome do produto<\/strong>: Extrato de madressilva<\/li>\n<li><strong>Nomes Alternativos<\/strong>: Madressilva japonesa, trepadeira de madressilva, trepadeira prateada<\/li>\n<li><strong>Nome latino<\/strong>: Lonicera Japonica<\/li>\n<li><strong>Fonte vegetal<\/strong>: Leaves of Lonicera japonica Thunb., a deciduous shrub belonging to the Caprifoliaceae family and Lonicera genus (Note: There is an error in the original &#8220;plant source&#8221; description; the correct source of honeysuckle extract is the plant Lonicera japonica, not sea-buckthorn)<\/li>\n<li><strong>Ingrediente ativo<\/strong>: \u00c1cido clorog\u00eanico da madressilva<\/li>\n<li><strong>Origem da mat\u00e9ria-prima<\/strong>:Distribu\u00eddo na maioria das regi\u00f5es da China, exceto no Tibete<\/li>\n<li><strong>Especifica\u00e7\u00e3o<\/strong>: 10:1. Para outras especifica\u00e7\u00f5es, entre em contato com o atendimento ao cliente para consulta.<\/li>\n<li><strong>Propriedades<\/strong>: P\u00f3 marrom, higrosc\u00f3pico, facilmente sol\u00favel em \u00e1gua<\/li>\n<li><strong>M\u00e9todo de teste<\/strong>: TLC (Cromatografia em Camada Delgada)<\/li>\n<li><strong>Tamanho de part\u00edcula<\/strong>: Passa por peneira de 80 malhas<\/li>\n<li><strong>Embalagem<\/strong>: 25 kg por tambor de papel ou saco de papel alum\u00ednio<\/li>\n<li><strong>Condi\u00e7\u00f5es de armazenamento<\/strong>: Deve ser selado e protegido da luz, armazenado em local seco, fresco e bem ventilado<\/li>\n<li><strong>Prazo de validade<\/strong>: 24 meses<\/li>\n<\/ul>","protected":false},"featured_media":10323,"comment_status":"closed","ping_status":"closed","template":"","meta":[],"product_brand":[],"product_cat":[17,24],"product_tag":[],"class_list":{"0":"post-10322","1":"product","2":"type-product","3":"status-publish","4":"has-post-thumbnail","6":"product_cat-plant-extract","7":"product_cat-ratio-extract","9":"first","10":"instock","11":"shipping-taxable","12":"product-type-simple"},"_links":{"self":[{"href":"https:\/\/www.hvbio.com\/pt\/wp-json\/wp\/v2\/product\/10322","targetHints":{"allow":["GET"]}}],"collection":[{"href":"https:\/\/www.hvbio.com\/pt\/wp-json\/wp\/v2\/product"}],"about":[{"href":"https:\/\/www.hvbio.com\/pt\/wp-json\/wp\/v2\/types\/product"}],"replies":[{"embeddable":true,"href":"https:\/\/www.hvbio.com\/pt\/wp-json\/wp\/v2\/comments?post=10322"}],"wp:featuredmedia":[{"embeddable":true,"href":"https:\/\/www.hvbio.com\/pt\/wp-json\/wp\/v2\/media\/10323"}],"wp:attachment":[{"href":"https:\/\/www.hvbio.com\/pt\/wp-json\/wp\/v2\/media?parent=10322"}],"wp:term":[{"taxonomy":"product_brand","embeddable":true,"href":"https:\/\/www.hvbio.com\/pt\/wp-json\/wp\/v2\/product_brand?post=10322"},{"taxonomy":"product_cat","embeddable":true,"href":"https:\/\/www.hvbio.com\/pt\/wp-json\/wp\/v2\/product_cat?post=10322"},{"taxonomy":"product_tag","embeddable":true,"href":"https:\/\/www.hvbio.com\/pt\/wp-json\/wp\/v2\/product_tag?post=10322"}],"curies":[{"name":"wp","href":"https:\/\/api.w.org\/{rel}","templated":true}]}}