{"id":10365,"date":"2025-10-14T10:53:30","date_gmt":"2025-10-14T02:53:30","guid":{"rendered":"https:\/\/www.hvbio.com\/?post_type=product&#038;p=10365"},"modified":"2025-10-14T10:53:30","modified_gmt":"2025-10-14T02:53:30","slug":"ladys-mantle-extract","status":"publish","type":"product","link":"https:\/\/www.hvbio.com\/pt\/produto\/ladys-mantle-extract\/","title":{"rendered":"Lady&#8217;s Mantle Extract"},"content":{"rendered":"<table>\n<thead>\n<tr>\n<th>Item<\/th>\n<th>Detalhes<\/th>\n<\/tr>\n<\/thead>\n<tbody>\n<tr>\n<td>Nome do produto<\/td>\n<td>Lady&#8217;s Mantle Extract<\/td>\n<\/tr>\n<tr>\n<td>Nome em ingl\u00eas<\/td>\n<td>Cloak extract<\/td>\n<\/tr>\n<tr>\n<td>Nome latino<\/td>\n<td>Cape herbas extract<\/td>\n<\/tr>\n<tr>\n<td>Product Source<\/td>\n<td>Cloak grass, which is the whole herb of plants belonging to the genus\u00a0<em>Alchemilla<\/em>\u00a0(i.e., Lady&#8217;s Mantle genus) in the Rosaceae family<\/td>\n<\/tr>\n<tr>\n<td>Parte de Extra\u00e7\u00e3o<\/td>\n<td>Whole herb<\/td>\n<\/tr>\n<tr>\n<td>M\u00e9todo de detec\u00e7\u00e3o<\/td>\n<td>TLC<\/td>\n<\/tr>\n<tr>\n<td>Tamanho da malha do produto<\/td>\n<td>98% passes through a 90-mesh sieve<\/td>\n<\/tr>\n<tr>\n<td>Condi\u00e7\u00f5es de armazenamento<\/td>\n<td>Este produto deve ser selado e protegido da luz, mantido longe de altas temperaturas e armazenado em local seco, fresco e bem ventilado.<\/td>\n<\/tr>\n<tr>\n<td>M\u00e9todo de embalagem<\/td>\n<td>&#8211; Bulk goods: 25 kg per cardboard drum<\/p>\n<div class=\"container-utlnW2 md-box-line-break wrapper-d0Cc1k undefined\"><\/div>\n<p>&#8211; Small samples: 1 kg per aluminum foil bag<\/p>\n<div class=\"container-utlnW2 md-box-line-break wrapper-d0Cc1k undefined\"><\/div>\n<p>&#8211; Customized packaging is also available according to customer requirements<\/td>\n<\/tr>\n<tr>\n<td>Transportation Mode<\/td>\n<td>&#8211; Courier service or logistics<\/p>\n<div class=\"container-utlnW2 md-box-line-break wrapper-d0Cc1k undefined\"><\/div>\n<p>&#8211; Domestic courier service arrives within 3 days; logistics arrives within 5 days<\/p>\n<div class=\"container-utlnW2 md-box-line-break wrapper-d0Cc1k undefined\"><\/div>\n<p>&#8211; Domestic transportation costs are generally included in the quotation<\/td>\n<\/tr>\n<tr>\n<td>Prazo de validade<\/td>\n<td>Dois anos<\/td>\n<\/tr>\n<\/tbody>\n<\/table>","protected":false},"excerpt":{"rendered":"<ul class=\"auto-hide-last-sibling-br\">\n<li><strong>Nome do produto<\/strong>: Lady&#8217;s Mantle Extract<\/li>\n<li><strong>Nome em ingl\u00eas<\/strong>: Cloak Extract<\/li>\n<li><strong>Nome latino<\/strong>:\u00a0<em>Alchemilla<\/em>\u00a0Herba Extract (Note: The standard Latin naming for plant extracts uses the genus name in italics + &#8220;Herba&#8221; (for herb\/entire herb) to clarify the medicinal part; &#8220;Cape herbas extract&#8221; in the original is adjusted to conform to botanical naming conventions, as &#8220;Alchemilla&#8221; is the accepted genus name for cloak grass (\u7fbd\u8863\u8349\u5c5e))<\/li>\n<li><strong>Product Source<\/strong>: Cloak grass, the entire herb of plants belonging to the genus\u00a0<em>Alchemilla<\/em>\u00a0(\u7fbd\u8863\u8349\u5c5e) in the Rosaceae (\u8537\u8587\u79d1) family<\/li>\n<li><strong>Parte de Extra\u00e7\u00e3o<\/strong>: Entire herb<\/li>\n<li><strong>M\u00e9todo de teste<\/strong>: TLC (Cromatografia em Camada Delgada)<\/li>\n<li><strong>Tamanho de part\u00edcula<\/strong>: 98% passes through a 90-mesh sieve<\/li>\n<li><strong>Condi\u00e7\u00f5es de armazenamento<\/strong>: This product should be sealed, protected from light and high temperatures, and stored in a dry, cool, and well-ventilated place.<\/li>\n<li><strong>Embalagem<\/strong>:\n<ul class=\"auto-hide-last-sibling-br\">\n<li>Bulk order: 25 kg per paper drum<\/li>\n<li>Small sample: 1 kg per aluminum foil bag<\/li>\n<li>Customized packaging is also available upon customer request<\/li>\n<\/ul>\n<\/li>\n<li><strong>M\u00e9todo de transporte<\/strong>: Express delivery or logistics. Domestic express delivery arrives within 3 days; logistics arrives within 5 days. Quotations generally include domestic transportation costs.<\/li>\n<li><strong>Prazo de validade<\/strong>: 2 anos<\/li>\n<\/ul>","protected":false},"featured_media":10366,"comment_status":"closed","ping_status":"closed","template":"","meta":[],"product_brand":[],"product_cat":[17,24],"product_tag":[],"class_list":{"0":"post-10365","1":"product","2":"type-product","3":"status-publish","4":"has-post-thumbnail","6":"product_cat-plant-extract","7":"product_cat-ratio-extract","9":"first","10":"instock","11":"shipping-taxable","12":"product-type-simple"},"_links":{"self":[{"href":"https:\/\/www.hvbio.com\/pt\/wp-json\/wp\/v2\/product\/10365","targetHints":{"allow":["GET"]}}],"collection":[{"href":"https:\/\/www.hvbio.com\/pt\/wp-json\/wp\/v2\/product"}],"about":[{"href":"https:\/\/www.hvbio.com\/pt\/wp-json\/wp\/v2\/types\/product"}],"replies":[{"embeddable":true,"href":"https:\/\/www.hvbio.com\/pt\/wp-json\/wp\/v2\/comments?post=10365"}],"wp:featuredmedia":[{"embeddable":true,"href":"https:\/\/www.hvbio.com\/pt\/wp-json\/wp\/v2\/media\/10366"}],"wp:attachment":[{"href":"https:\/\/www.hvbio.com\/pt\/wp-json\/wp\/v2\/media?parent=10365"}],"wp:term":[{"taxonomy":"product_brand","embeddable":true,"href":"https:\/\/www.hvbio.com\/pt\/wp-json\/wp\/v2\/product_brand?post=10365"},{"taxonomy":"product_cat","embeddable":true,"href":"https:\/\/www.hvbio.com\/pt\/wp-json\/wp\/v2\/product_cat?post=10365"},{"taxonomy":"product_tag","embeddable":true,"href":"https:\/\/www.hvbio.com\/pt\/wp-json\/wp\/v2\/product_tag?post=10365"}],"curies":[{"name":"wp","href":"https:\/\/api.w.org\/{rel}","templated":true}]}}