{"id":10392,"date":"2025-10-14T11:20:16","date_gmt":"2025-10-14T03:20:16","guid":{"rendered":"https:\/\/www.hvbio.com\/?post_type=product&#038;p=10392"},"modified":"2025-10-14T11:21:35","modified_gmt":"2025-10-14T03:21:35","slug":"olive-leaf-extract","status":"publish","type":"product","link":"https:\/\/www.hvbio.com\/pt\/produto\/olive-leaf-extract\/","title":{"rendered":"Extrato de folha de oliveira"},"content":{"rendered":"<table>\n<thead>\n<tr>\n<th><strong>Item<\/strong><\/th>\n<th><strong>Descri\u00e7\u00e3o<\/strong><\/th>\n<\/tr>\n<\/thead>\n<tbody>\n<tr>\n<td>Nome do produto<\/td>\n<td>Extrato de folha de oliveira<\/td>\n<\/tr>\n<tr>\n<td>Nome latino da planta<\/td>\n<td><em>\u00c1lbum Canarium<\/em>\u00a0Raeusch.<\/td>\n<\/tr>\n<tr>\n<td>Pe\u00e7a usada<\/td>\n<td>Folha<\/td>\n<\/tr>\n<tr>\n<td>M\u00e9todo de teste<\/td>\n<td>TLC<\/td>\n<\/tr>\n<tr>\n<td>Tamanho da malha do produto<\/td>\n<td>98% passa por peneira de 90 malhas<\/td>\n<\/tr>\n<tr>\n<td>Condi\u00e7\u00f5es de armazenamento<\/td>\n<td>Este produto deve ser selado e protegido da luz, mantido longe de altas temperaturas e armazenado em local seco, fresco e bem ventilado.<\/td>\n<\/tr>\n<tr>\n<td>M\u00e9todo de embalagem<\/td>\n<td>Mercadorias a granel: 25 kg por tambor de papel\u00e3o<\/p>\n<div class=\"container-utlnW2 md-box-line-break wrapper-d0Cc1k undefined\"><\/div>\n<p>Amostras pequenas: 1 kg por saco de papel alum\u00ednio<\/p>\n<div class=\"container-utlnW2 md-box-line-break wrapper-d0Cc1k undefined\"><\/div>\n<p>Embalagens personalizadas tamb\u00e9m est\u00e3o dispon\u00edveis de acordo com as necessidades do cliente.<\/td>\n<\/tr>\n<tr>\n<td>M\u00e9todo de transporte<\/td>\n<td>Entrega expressa ou log\u00edstica<\/p>\n<div class=\"container-utlnW2 md-box-line-break wrapper-d0Cc1k undefined\"><\/div>\n<p>A entrega expressa nacional chega em 3 dias; a log\u00edstica chega em 5 dias<\/p>\n<div class=\"container-utlnW2 md-box-line-break wrapper-d0Cc1k undefined\"><\/div>\n<p>Os custos de transporte dom\u00e9stico geralmente est\u00e3o inclu\u00eddos no or\u00e7amento.<\/td>\n<\/tr>\n<tr>\n<td>Prazo de validade<\/td>\n<td>2 anos<\/td>\n<\/tr>\n<tr>\n<td>Lembrete caloroso<\/td>\n<td>As imagens s\u00e3o apenas para refer\u00eancia. Devido \u00e0 influ\u00eancia de monitores e aos diferentes lotes de produtos, as imagens s\u00e3o apenas para refer\u00eancia. Se desejar ver os produtos reais em estoque, entre em contato com o atendimento ao cliente.<\/td>\n<\/tr>\n<\/tbody>\n<\/table>","protected":false},"excerpt":{"rendered":"<ul class=\"auto-hide-last-sibling-br\">\n<li><strong>Nome do produto<\/strong>: Extrato de folha de oliveira<\/li>\n<li><strong>Nome latino<\/strong>:\u00a0<em>\u00c1lbum Canarium<\/em>\u00a0Raeusch.<\/li>\n<li><strong>Pe\u00e7a usada<\/strong>: Folha<\/li>\n<li><strong>M\u00e9todo de teste<\/strong>: TLC<\/li>\n<li><strong>Tamanho da malha<\/strong>: 98% atrav\u00e9s de peneira de 90 mesh<\/li>\n<li><strong>Condi\u00e7\u00f5es de armazenamento<\/strong>: Selar, proteger da luz e de altas temperaturas; armazenar em local seco, fresco e bem ventilado.<\/li>\n<li><strong>Embalagem<\/strong>: Granel: 25 kg\/tambor de papel\u00e3o; Amostra: 1 kg\/saco de papel alum\u00ednio; Embalagem personalizada dispon\u00edvel.<\/li>\n<li><strong>Transporte<\/strong>: Expresso (3 dias nacionais) ou log\u00edstico (5 dias nacionais); custo de transporte dom\u00e9stico inclu\u00eddo no or\u00e7amento.<\/li>\n<li><strong>Prazo de validade<\/strong>: 2 anos<\/li>\n<li><strong>Observa\u00e7\u00e3o<\/strong>: As imagens dos produtos s\u00e3o apenas para refer\u00eancia (podem ser afetadas por monitores e lotes diferentes). Entre em contato com o atendimento ao cliente para obter amostras reais.<\/li>\n<\/ul>","protected":false},"featured_media":10394,"comment_status":"closed","ping_status":"closed","template":"","meta":[],"product_brand":[],"product_cat":[17,24],"product_tag":[],"class_list":{"0":"post-10392","1":"product","2":"type-product","3":"status-publish","4":"has-post-thumbnail","6":"product_cat-plant-extract","7":"product_cat-ratio-extract","9":"first","10":"instock","11":"shipping-taxable","12":"product-type-simple"},"_links":{"self":[{"href":"https:\/\/www.hvbio.com\/pt\/wp-json\/wp\/v2\/product\/10392","targetHints":{"allow":["GET"]}}],"collection":[{"href":"https:\/\/www.hvbio.com\/pt\/wp-json\/wp\/v2\/product"}],"about":[{"href":"https:\/\/www.hvbio.com\/pt\/wp-json\/wp\/v2\/types\/product"}],"replies":[{"embeddable":true,"href":"https:\/\/www.hvbio.com\/pt\/wp-json\/wp\/v2\/comments?post=10392"}],"wp:featuredmedia":[{"embeddable":true,"href":"https:\/\/www.hvbio.com\/pt\/wp-json\/wp\/v2\/media\/10394"}],"wp:attachment":[{"href":"https:\/\/www.hvbio.com\/pt\/wp-json\/wp\/v2\/media?parent=10392"}],"wp:term":[{"taxonomy":"product_brand","embeddable":true,"href":"https:\/\/www.hvbio.com\/pt\/wp-json\/wp\/v2\/product_brand?post=10392"},{"taxonomy":"product_cat","embeddable":true,"href":"https:\/\/www.hvbio.com\/pt\/wp-json\/wp\/v2\/product_cat?post=10392"},{"taxonomy":"product_tag","embeddable":true,"href":"https:\/\/www.hvbio.com\/pt\/wp-json\/wp\/v2\/product_tag?post=10392"}],"curies":[{"name":"wp","href":"https:\/\/api.w.org\/{rel}","templated":true}]}}