{"id":10406,"date":"2025-10-14T11:54:06","date_gmt":"2025-10-14T03:54:06","guid":{"rendered":"https:\/\/www.hvbio.com\/?post_type=product&#038;p=10406"},"modified":"2025-10-14T11:57:58","modified_gmt":"2025-10-14T03:57:58","slug":"rice-bran-extract","status":"publish","type":"product","link":"https:\/\/www.hvbio.com\/pt\/produto\/rice-bran-extract\/","title":{"rendered":"Extrato de farelo de arroz"},"content":{"rendered":"<p>&nbsp;<\/p>\n<table>\n<thead>\n<tr>\n<th><strong>Categoria<\/strong><\/th>\n<th><strong>Par\u00e2metros\/Descri\u00e7\u00f5es Espec\u00edficas<\/strong><\/th>\n<\/tr>\n<\/thead>\n<tbody>\n<tr>\n<td><strong>Identifica\u00e7\u00e3o b\u00e1sica<\/strong><\/td>\n<td>\u00a0Extrato de farelo de arroz<\/p>\n<div class=\"container-utlnW2 md-box-line-break wrapper-d0Cc1k undefined\"><\/div>\n<p>Fonte: Casca da semente de arroz (Oryza sativa L.)<\/td>\n<\/tr>\n<tr>\n<td><strong>Especifica\u00e7\u00e3o<\/strong><\/td>\n<td>Especifica\u00e7\u00f5es personalizadas est\u00e3o dispon\u00edveis; entre em contato com o atendimento ao cliente para obter mais informa\u00e7\u00f5es.<\/td>\n<\/tr>\n<tr>\n<td><strong>Propriedades F\u00edsicas e Qu\u00edmicas<\/strong><\/td>\n<td>Apar\u00eancia: P\u00f3 marrom<\/p>\n<div class=\"container-utlnW2 md-box-line-break wrapper-d0Cc1k undefined\"><\/div>\n<p>Higroscopicidade: Absorve umidade com facilidade.<\/p>\n<div class=\"container-utlnW2 md-box-line-break wrapper-d0Cc1k undefined\"><\/div>\n<p>Solubilidade: Facilmente sol\u00favel em \u00e1gua.<\/p>\n<div class=\"container-utlnW2 md-box-line-break wrapper-d0Cc1k undefined\"><\/div>\n<p>M\u00e9todo de detec\u00e7\u00e3o de qualidade: TLC (Cromatografia em camada fina)<\/td>\n<\/tr>\n<tr>\n<td><strong>Tamanho das part\u00edculas do produto<\/strong><\/td>\n<td>98% do produto passa por uma peneira de 80 mesh.<\/td>\n<\/tr>\n<tr>\n<td><strong>Embalagem<\/strong><\/td>\n<td>\u2013 25 kg por tambor de fibra<\/p>\n<div class=\"container-utlnW2 md-box-line-break wrapper-d0Cc1k undefined\"><\/div>\n<p>\u2013 Saco de folha de alum\u00ednio (para embalagens de pequeno volume; as especifica\u00e7\u00f5es podem ser ajustadas mediante solicita\u00e7\u00e3o)<\/td>\n<\/tr>\n<tr>\n<td><strong>Condi\u00e7\u00f5es de armazenamento<\/strong><\/td>\n<td>Deve ser selado e protegido da luz; armazenado em local seco, fresco e bem ventilado.<\/td>\n<\/tr>\n<tr>\n<td><strong>Prazo de validade<\/strong><\/td>\n<td>2 anos (sob as condi\u00e7\u00f5es de armazenamento recomendadas)<\/td>\n<\/tr>\n<tr>\n<td><strong>Principais componentes ativos (refer\u00eancia)<\/strong><\/td>\n<td>Ceramida, gama-orizanol, tocoferol e tocotrienol (fam\u00edlia da vitamina E), \u00e1cido fer\u00falico, fitoster\u00f3is<\/td>\n<\/tr>\n<tr>\n<td><strong>Campos t\u00edpicos de aplica\u00e7\u00e3o<\/strong><\/td>\n<td>Cosm\u00e9ticos (hidratantes, s\u00e9runs, protetores solares), Ind\u00fastria Aliment\u00edcia (aditivos alimentares funcionais), Produtos Farmac\u00eauticos e de Sa\u00fade (suplementos para controle de lip\u00eddios\/glicemia)<\/td>\n<\/tr>\n<\/tbody>\n<\/table>","protected":false},"excerpt":{"rendered":"<p>&nbsp; Category Specific Parameters \/ Descriptions Basic Identification \u00a0Rice Bran Extract Source: Seed coat of rice (Oryza sativa L.) Specification<\/p>","protected":false},"featured_media":10411,"comment_status":"closed","ping_status":"closed","template":"","meta":[],"product_brand":[],"product_cat":[17,24],"product_tag":[48],"class_list":{"0":"post-10406","1":"product","2":"type-product","3":"status-publish","4":"has-post-thumbnail","6":"product_cat-plant-extract","7":"product_cat-ratio-extract","8":"product_tag-rice-bran-extract","10":"first","11":"instock","12":"shipping-taxable","13":"product-type-simple"},"_links":{"self":[{"href":"https:\/\/www.hvbio.com\/pt\/wp-json\/wp\/v2\/product\/10406","targetHints":{"allow":["GET"]}}],"collection":[{"href":"https:\/\/www.hvbio.com\/pt\/wp-json\/wp\/v2\/product"}],"about":[{"href":"https:\/\/www.hvbio.com\/pt\/wp-json\/wp\/v2\/types\/product"}],"replies":[{"embeddable":true,"href":"https:\/\/www.hvbio.com\/pt\/wp-json\/wp\/v2\/comments?post=10406"}],"wp:featuredmedia":[{"embeddable":true,"href":"https:\/\/www.hvbio.com\/pt\/wp-json\/wp\/v2\/media\/10411"}],"wp:attachment":[{"href":"https:\/\/www.hvbio.com\/pt\/wp-json\/wp\/v2\/media?parent=10406"}],"wp:term":[{"taxonomy":"product_brand","embeddable":true,"href":"https:\/\/www.hvbio.com\/pt\/wp-json\/wp\/v2\/product_brand?post=10406"},{"taxonomy":"product_cat","embeddable":true,"href":"https:\/\/www.hvbio.com\/pt\/wp-json\/wp\/v2\/product_cat?post=10406"},{"taxonomy":"product_tag","embeddable":true,"href":"https:\/\/www.hvbio.com\/pt\/wp-json\/wp\/v2\/product_tag?post=10406"}],"curies":[{"name":"wp","href":"https:\/\/api.w.org\/{rel}","templated":true}]}}