{"id":10413,"date":"2025-10-14T14:26:01","date_gmt":"2025-10-14T06:26:01","guid":{"rendered":"https:\/\/www.hvbio.com\/?post_type=product&#038;p=10413"},"modified":"2025-10-14T14:26:01","modified_gmt":"2025-10-14T06:26:01","slug":"basil-extract","status":"publish","type":"product","link":"https:\/\/www.hvbio.com\/pt\/produto\/basil-extract\/","title":{"rendered":"Extrato de manjeric\u00e3o"},"content":{"rendered":"<table style=\"height: 408px;\" width=\"1090\">\n<thead>\n<tr>\n<th>Item<\/th>\n<th>Especifica\u00e7\u00e3o<\/th>\n<\/tr>\n<\/thead>\n<tbody>\n<tr>\n<td>Nome do produto<\/td>\n<td>Extrato de manjeric\u00e3o<\/td>\n<\/tr>\n<tr>\n<td>Ingredientes principais<\/td>\n<td>Volatile components (essential oil type), phenolic acids (core active ingredients), flavonoids<\/td>\n<\/tr>\n<tr>\n<td>Fonte de Extra\u00e7\u00e3o<\/td>\n<td>Fresh or dried above-ground parts of plants of the\u00a0<em>Ocimum<\/em>\u00a0genus in the Lamiaceae family, with leaves as the core part<\/td>\n<\/tr>\n<tr>\n<td>Tamanho da malha do produto<\/td>\n<td>98% passing through 80-mesh sieve<\/td>\n<\/tr>\n<tr>\n<td>Apar\u00eancia<\/td>\n<td>P\u00f3 marrom<\/td>\n<\/tr>\n<tr>\n<td>M\u00e9todo de detec\u00e7\u00e3o<\/td>\n<td>TLC (Cromatografia em Camada Delgada)<\/td>\n<\/tr>\n<tr>\n<td>Formas de dosagem de aplica\u00e7\u00e3o<\/td>\n<td>Ampla gama de aplica\u00e7\u00f5es<\/td>\n<\/tr>\n<tr>\n<td>Tempo de fornecimento<\/td>\n<td>Ano inteiro<\/td>\n<\/tr>\n<tr>\n<td>Armazenar<\/td>\n<td>Store in a sealed container, keep in a cool, dry and dark place, and away from heat sources and humid environments<\/td>\n<\/tr>\n<tr>\n<td>Prazo de validade<\/td>\n<td>Dois anos<\/td>\n<\/tr>\n<\/tbody>\n<\/table>","protected":false},"excerpt":{"rendered":"<h4 class=\"header-vfC6AV auto-hide-last-sibling-br\">Extrato de manjeric\u00e3o<\/h4>\n<ul class=\"auto-hide-last-sibling-br\">\n<li>\n<h4><strong>Nome do produto<\/strong>: Basil Extract<\/h4>\n<\/li>\n<li>\n<h4><strong>Ingredientes principais<\/strong>: Volatile components (essential oil type), phenolic acids (core active ingredients), flavonoids<\/h4>\n<\/li>\n<li>\n<h4><strong>Fonte de Extra\u00e7\u00e3o<\/strong>: The extraction source is the fresh or dried above-ground parts of plants belonging to the\u00a0<em>Ocimum<\/em>\u00a0genus in the Lamiaceae family, with leaves as the core part.<\/h4>\n<\/li>\n<li>\n<h4><strong>Tamanho da malha do produto<\/strong>: 98% passing through 80-mesh sieve<\/h4>\n<\/li>\n<li>\n<h4><strong>Apar\u00eancia<\/strong>: P\u00f3 marrom<\/h4>\n<\/li>\n<li>\n<h4><strong>M\u00e9todo de detec\u00e7\u00e3o<\/strong>: TLC (Cromatografia em Camada Delgada)<\/h4>\n<\/li>\n<li>\n<h4><strong>Formas de dosagem de aplica\u00e7\u00e3o<\/strong>: Ampla gama de aplica\u00e7\u00f5es<\/h4>\n<\/li>\n<li>\n<h4><strong>Tempo de fornecimento<\/strong>: Whole year<\/h4>\n<\/li>\n<\/ul>\n<h4 class=\"header-vfC6AV auto-hide-last-sibling-br\">Notas de compra<\/h4>\n<ul class=\"auto-hide-last-sibling-br\">\n<li>\n<h4><strong>M\u00e9todo de embalagem<\/strong>: 25kg per paper drum or aluminum foil bag; packaging can be adjusted according to actual conditions or customer requirements.<\/h4>\n<\/li>\n<li>\n<h4><strong>Condi\u00e7\u00f5es de armazenamento<\/strong>: Should be sealed and protected from light, and stored in a dry, cool and well-ventilated place.<\/h4>\n<\/li>\n<li>\n<h4><strong>Prazo de validade<\/strong>:Dois anos<\/h4>\n<\/li>\n<li>\n<h4><strong>Provis\u00e3o de amostra<\/strong>: Geralmente, s\u00e3o fornecidas pequenas amostras de 5 a 20 g dos produtos; taxas de amostra s\u00e3o cobradas para alguns produtos.<\/h4>\n<\/li>\n<li>\n<h4><strong>Prazo de entrega<\/strong>: Produtos n\u00e3o personalizados ser\u00e3o enviados em at\u00e9 48 horas; o prazo de entrega de produtos personalizados ser\u00e1 ajustado de acordo com as necessidades reais.<\/h4>\n<\/li>\n<li>\n<h4><strong>M\u00e9todo de transporte<\/strong>:Log\u00edstica expressa nacional; o or\u00e7amento inclui custos de transporte.<\/h4>\n<\/li>\n<\/ul>","protected":false},"featured_media":10414,"comment_status":"closed","ping_status":"closed","template":"","meta":[],"product_brand":[],"product_cat":[17,24],"product_tag":[],"class_list":{"0":"post-10413","1":"product","2":"type-product","3":"status-publish","4":"has-post-thumbnail","6":"product_cat-plant-extract","7":"product_cat-ratio-extract","9":"first","10":"instock","11":"shipping-taxable","12":"product-type-simple"},"_links":{"self":[{"href":"https:\/\/www.hvbio.com\/pt\/wp-json\/wp\/v2\/product\/10413","targetHints":{"allow":["GET"]}}],"collection":[{"href":"https:\/\/www.hvbio.com\/pt\/wp-json\/wp\/v2\/product"}],"about":[{"href":"https:\/\/www.hvbio.com\/pt\/wp-json\/wp\/v2\/types\/product"}],"replies":[{"embeddable":true,"href":"https:\/\/www.hvbio.com\/pt\/wp-json\/wp\/v2\/comments?post=10413"}],"wp:featuredmedia":[{"embeddable":true,"href":"https:\/\/www.hvbio.com\/pt\/wp-json\/wp\/v2\/media\/10414"}],"wp:attachment":[{"href":"https:\/\/www.hvbio.com\/pt\/wp-json\/wp\/v2\/media?parent=10413"}],"wp:term":[{"taxonomy":"product_brand","embeddable":true,"href":"https:\/\/www.hvbio.com\/pt\/wp-json\/wp\/v2\/product_brand?post=10413"},{"taxonomy":"product_cat","embeddable":true,"href":"https:\/\/www.hvbio.com\/pt\/wp-json\/wp\/v2\/product_cat?post=10413"},{"taxonomy":"product_tag","embeddable":true,"href":"https:\/\/www.hvbio.com\/pt\/wp-json\/wp\/v2\/product_tag?post=10413"}],"curies":[{"name":"wp","href":"https:\/\/api.w.org\/{rel}","templated":true}]}}