{"id":10423,"date":"2025-10-14T14:48:01","date_gmt":"2025-10-14T06:48:01","guid":{"rendered":"https:\/\/www.hvbio.com\/?post_type=product&#038;p=10423"},"modified":"2025-10-14T14:48:01","modified_gmt":"2025-10-14T06:48:01","slug":"chaste-tree-berry-extract","status":"publish","type":"product","link":"https:\/\/www.hvbio.com\/pt\/produto\/chaste-tree-berry-extract\/","title":{"rendered":"Extrato de Baga de \u00c1rvore Casta"},"content":{"rendered":"<table>\n<thead>\n<tr>\n<th>Item<\/th>\n<th>Descri\u00e7\u00e3o<\/th>\n<\/tr>\n<\/thead>\n<tbody>\n<tr>\n<td>Nome do produto<\/td>\n<td>Extrato de Baga de \u00c1rvore Casta<\/td>\n<\/tr>\n<tr>\n<td>Ingredientes principais<\/td>\n<td>Flavonoids, Terpenoids, and other components<\/td>\n<\/tr>\n<tr>\n<td>Fonte de Extra\u00e7\u00e3o<\/td>\n<td>Dried fruits of\u00a0<em>Vitex agnus-castus<\/em>\u00a0L. (uma planta do g\u00eanero\u00a0<em>Vitex<\/em>\u00a0in the Lamiaceae family)<\/td>\n<\/tr>\n<tr>\n<td>Tamanho da malha do produto<\/td>\n<td>98% passa por peneira de 80 malhas<\/td>\n<\/tr>\n<tr>\n<td>Apar\u00eancia<\/td>\n<td>P\u00f3 fino marrom<\/td>\n<\/tr>\n<tr>\n<td>M\u00e9todo de detec\u00e7\u00e3o<\/td>\n<td>TLC (Cromatografia em Camada Delgada)<\/td>\n<\/tr>\n<tr>\n<td>Formas de dosagem de aplica\u00e7\u00e3o<\/td>\n<td>Amplamente aplic\u00e1vel<\/td>\n<\/tr>\n<tr>\n<td>Tempo de fornecimento<\/td>\n<td>Durante todo o ano<\/td>\n<\/tr>\n<tr>\n<td>Condi\u00e7\u00f5es de armazenamento<\/td>\n<td>Conservar em recipiente fechado, em local fresco, seco e ao abrigo da luz, longe de fontes de calor e ambientes h\u00famidos.<\/td>\n<\/tr>\n<tr>\n<td>Prazo de validade<\/td>\n<td>Dois anos<\/td>\n<\/tr>\n<\/tbody>\n<\/table>","protected":false},"excerpt":{"rendered":"<h4 class=\"header-vfC6AV auto-hide-last-sibling-br\">Product Name: Chaste Tree Berry Extract<\/h4>\n<h4 class=\"header-vfC6AV auto-hide-last-sibling-br\">Ingredientes principais:<\/h4>\n<h4 class=\"auto-hide-last-sibling-br paragraph-JOTKXA paragraph-element br-paragraph-space\">Flavonoids, Terpenoids, and other components<\/h4>\n<h4 class=\"header-vfC6AV auto-hide-last-sibling-br\">Fonte de extra\u00e7\u00e3o:<\/h4>\n<h4 class=\"auto-hide-last-sibling-br paragraph-JOTKXA paragraph-element br-paragraph-space\">Dried fruits of\u00a0<em>Vitex agnus-castus<\/em>\u00a0L., a plant belonging to the genus\u00a0<em>Vitex<\/em>\u00a0in the Lamiaceae family<\/h4>\n<h4 class=\"header-vfC6AV auto-hide-last-sibling-br\">Tamanho da malha do produto:<\/h4>\n<h4 class=\"auto-hide-last-sibling-br paragraph-JOTKXA paragraph-element br-paragraph-space\">98% passa por peneira de 80 malhas<\/h4>\n<h4 class=\"header-vfC6AV auto-hide-last-sibling-br\">Apar\u00eancia:<\/h4>\n<h4 class=\"auto-hide-last-sibling-br paragraph-JOTKXA paragraph-element br-paragraph-space\">P\u00f3 fino marrom<\/h4>\n<h4 class=\"header-vfC6AV auto-hide-last-sibling-br\">M\u00e9todo de detec\u00e7\u00e3o:<\/h4>\n<h4 class=\"auto-hide-last-sibling-br paragraph-JOTKXA paragraph-element br-paragraph-space\">TLC (Cromatografia em Camada Delgada)<\/h4>\n<h4 class=\"header-vfC6AV auto-hide-last-sibling-br\">Formas de dosagem de aplica\u00e7\u00e3o:<\/h4>\n<h4 class=\"auto-hide-last-sibling-br paragraph-JOTKXA paragraph-element br-paragraph-space\">Amplamente aplic\u00e1vel<\/h4>\n<h4 class=\"header-vfC6AV auto-hide-last-sibling-br\">Tempo de fornecimento:<\/h4>\n<h4 class=\"auto-hide-last-sibling-br paragraph-JOTKXA paragraph-element br-paragraph-space\">Durante todo o ano<\/h4>\n<h4 class=\"header-vfC6AV auto-hide-last-sibling-br\">Notas de compra<\/h4>\n<ul class=\"auto-hide-last-sibling-br\">\n<li>\n<h4><strong>M\u00e9todo de embalagem<\/strong>: 25 kg per fiber drum or aluminum foil bag; packaging can be adjusted according to actual needs.<\/h4>\n<\/li>\n<li>\n<h4><strong>Condi\u00e7\u00f5es de armazenamento<\/strong>: Should be sealed and protected from light, stored in a dry, cool, and well-ventilated place.<\/h4>\n<\/li>\n<li>\n<h4><strong>Prazo de validade<\/strong>: 2 anos<\/h4>\n<\/li>\n<li>\n<h4><strong>Provis\u00e3o de amostra<\/strong>: Generally, 5-20g of small samples are provided for most products; a sample fee is charged for some products.<\/h4>\n<\/li>\n<li>\n<h4><strong>Embalagem do produto<\/strong>: Packaged in fiber drums or aluminum foil bags (customizable packaging available upon customer request).<\/h4>\n<\/li>\n<li>\n<h4><strong>Prazo de entrega<\/strong>: Non-customized products will be shipped within 48 hours; the delivery time for customized products will be adjusted based on actual requirements.<\/h4>\n<\/li>\n<li>\n<h4><strong>M\u00e9todo de transporte<\/strong>: Entrega expressa nacional ou log\u00edstica; o pre\u00e7o cotado inclui custos de transporte.<\/h4>\n<\/li>\n<\/ul>","protected":false},"featured_media":10424,"comment_status":"closed","ping_status":"closed","template":"","meta":[],"product_brand":[],"product_cat":[17,24],"product_tag":[],"class_list":{"0":"post-10423","1":"product","2":"type-product","3":"status-publish","4":"has-post-thumbnail","6":"product_cat-plant-extract","7":"product_cat-ratio-extract","9":"first","10":"instock","11":"shipping-taxable","12":"product-type-simple"},"_links":{"self":[{"href":"https:\/\/www.hvbio.com\/pt\/wp-json\/wp\/v2\/product\/10423","targetHints":{"allow":["GET"]}}],"collection":[{"href":"https:\/\/www.hvbio.com\/pt\/wp-json\/wp\/v2\/product"}],"about":[{"href":"https:\/\/www.hvbio.com\/pt\/wp-json\/wp\/v2\/types\/product"}],"replies":[{"embeddable":true,"href":"https:\/\/www.hvbio.com\/pt\/wp-json\/wp\/v2\/comments?post=10423"}],"wp:featuredmedia":[{"embeddable":true,"href":"https:\/\/www.hvbio.com\/pt\/wp-json\/wp\/v2\/media\/10424"}],"wp:attachment":[{"href":"https:\/\/www.hvbio.com\/pt\/wp-json\/wp\/v2\/media?parent=10423"}],"wp:term":[{"taxonomy":"product_brand","embeddable":true,"href":"https:\/\/www.hvbio.com\/pt\/wp-json\/wp\/v2\/product_brand?post=10423"},{"taxonomy":"product_cat","embeddable":true,"href":"https:\/\/www.hvbio.com\/pt\/wp-json\/wp\/v2\/product_cat?post=10423"},{"taxonomy":"product_tag","embeddable":true,"href":"https:\/\/www.hvbio.com\/pt\/wp-json\/wp\/v2\/product_tag?post=10423"}],"curies":[{"name":"wp","href":"https:\/\/api.w.org\/{rel}","templated":true}]}}