{"id":10468,"date":"2025-10-15T16:58:52","date_gmt":"2025-10-15T08:58:52","guid":{"rendered":"https:\/\/www.hvbio.com\/?post_type=product&#038;p=10468"},"modified":"2025-10-15T16:58:52","modified_gmt":"2025-10-15T08:58:52","slug":"fucoxanthin-10","status":"publish","type":"product","link":"https:\/\/www.hvbio.com\/pt\/produto\/fucoxanthin-10\/","title":{"rendered":"Fucoxanthin 10%"},"content":{"rendered":"<table style=\"height: 461px;\" width=\"1832\">\n<thead>\n<tr>\n<th><strong>Item<\/strong><\/th>\n<th><strong>Descri\u00e7\u00e3o<\/strong><\/th>\n<\/tr>\n<\/thead>\n<tbody>\n<tr>\n<td>Nome do produto<\/td>\n<td>Fucoxanthin 10%<\/td>\n<\/tr>\n<tr>\n<td>Synonyms<\/td>\n<td>Fucoxanthin; Brown Algae Pigment; Fucoxanthine<\/td>\n<\/tr>\n<tr>\n<td>Componente principal<\/td>\n<td>Fucoxanthin, an orange-yellow carotenoid belonging to the xanthophyll class.<\/td>\n<\/tr>\n<tr>\n<td>Fonte de Extra\u00e7\u00e3o<\/td>\n<td>Mainly derived from brown algae such as kelp, wakame, and Sargassum fusiforme, as well as algae like diatoms, chrysophytes, and yellow-green algae. It is also partially sourced from marine phytoplankton and aquatic shellfish. In actual production, common raw materials include kelp fronds and Sargassum pallidum thalli (from the Sargassaceae family).<\/td>\n<\/tr>\n<tr>\n<td>Tamanho de part\u00edcula<\/td>\n<td>98% through 80-mesh sieve<\/td>\n<\/tr>\n<tr>\n<td>Apar\u00eancia<\/td>\n<td>P\u00f3 marrom<\/td>\n<\/tr>\n<tr>\n<td>M\u00e9todo de detec\u00e7\u00e3o<\/td>\n<td>TLC (Cromatografia em Camada Delgada)<\/td>\n<\/tr>\n<tr>\n<td>Formas de dosagem de aplica\u00e7\u00e3o<\/td>\n<td>Ampla gama de aplica\u00e7\u00f5es<\/td>\n<\/tr>\n<tr>\n<td>Tempo de fornecimento<\/td>\n<td>Dispon\u00edvel durante todo o ano<\/td>\n<\/tr>\n<tr>\n<td>Condi\u00e7\u00f5es de armazenamento<\/td>\n<td>Store in a sealed container, in a cool, dry, and light-proof place, away from heat sources and humid environments.<\/td>\n<\/tr>\n<tr>\n<td>Prazo de validade<\/td>\n<td>Dois anos<\/td>\n<\/tr>\n<\/tbody>\n<\/table>","protected":false},"excerpt":{"rendered":"<h4 class=\"header-vfC6AV auto-hide-last-sibling-br\">Fucoxanthin 10%<\/h4>\n<h4 class=\"auto-hide-last-sibling-br paragraph-JOTKXA paragraph-element br-paragraph-space\"><strong>Nomes Alternativos<\/strong>: Fucoxanthin (also known as Phaeophycean xanthin, Fucoxanthine)<\/h4>\n<div class=\"container-utlnW2 md-box-line-break wrapper-d0Cc1k undefined\"><\/div>\n<h4 class=\"auto-hide-last-sibling-br paragraph-JOTKXA paragraph-element br-paragraph-space\"><strong>Componente principal<\/strong>: Fucoxanthin, an orange-yellow carotenoid belonging to the xanthophyll class.<\/h4>\n<div class=\"container-utlnW2 md-box-line-break wrapper-d0Cc1k undefined\"><\/div>\n<h4 class=\"auto-hide-last-sibling-br paragraph-JOTKXA paragraph-element br-paragraph-space\"><strong>Fonte de Extra\u00e7\u00e3o<\/strong>: Primarily derived from brown algae such as kelp, wakame, and sargassum fusiforme, as well as algae like diatoms, golden algae, and yellow-green algae. It is also partially sourced from marine phytoplankton and aquatic shellfish. In actual production, common extraction raw materials include the fronds of kelp and the thalli of\u00a0<em>Sargassum pallidum<\/em>\u00a0(a species of the Sargassaceae family).<\/h4>\n<div class=\"container-utlnW2 md-box-line-break wrapper-d0Cc1k undefined\"><\/div>\n<h4 class=\"auto-hide-last-sibling-br paragraph-JOTKXA paragraph-element br-paragraph-space\"><strong>Tamanho de part\u00edcula<\/strong>: 98% passes through an 80-mesh sieve.<\/h4>\n<div class=\"container-utlnW2 md-box-line-break wrapper-d0Cc1k undefined\"><\/div>\n<h4 class=\"auto-hide-last-sibling-br paragraph-JOTKXA paragraph-element br-paragraph-space\"><strong>Apar\u00eancia<\/strong>: Brown powder.<\/h4>\n<div class=\"container-utlnW2 md-box-line-break wrapper-d0Cc1k undefined\"><\/div>\n<h4 class=\"auto-hide-last-sibling-br paragraph-JOTKXA paragraph-element br-paragraph-space\"><strong>M\u00e9todo de teste<\/strong>: TLC (Thin Layer Chromatography).<\/h4>\n<div class=\"container-utlnW2 md-box-line-break wrapper-d0Cc1k undefined\"><\/div>\n<h4 class=\"auto-hide-last-sibling-br paragraph-JOTKXA paragraph-element br-paragraph-space\"><strong>Formas de dosagem de aplica\u00e7\u00e3o<\/strong>: Wide range of applications.<\/h4>\n<div class=\"container-utlnW2 md-box-line-break wrapper-d0Cc1k undefined\"><\/div>\n<h4 class=\"auto-hide-last-sibling-br paragraph-JOTKXA paragraph-element br-paragraph-space\"><strong>Tempo de fornecimento<\/strong>: Available year-round.<\/h4>\n<h4 class=\"header-vfC6AV auto-hide-last-sibling-br\">Instru\u00e7\u00f5es de compra<\/h4>\n<ul class=\"auto-hide-last-sibling-br\">\n<li>\n<h4><strong>M\u00e9todo de embalagem<\/strong>: 25kg per fiber drum or aluminum foil bag.<\/h4>\n<\/li>\n<li>\n<h4><strong>Condi\u00e7\u00f5es de armazenamento<\/strong>: Should be sealed and protected from light, stored in a dry, cool, and well-ventilated place.<\/h4>\n<\/li>\n<li>\n<h4><strong>Prazo de validade<\/strong>: 2 anos.<\/h4>\n<\/li>\n<li>\n<h4><strong>Provis\u00e3o de amostra<\/strong>: Generally, 5-20g samples are provided for most products; some products may charge a sample fee.<\/h4>\n<\/li>\n<li>\n<h4><strong>Embalagem do produto<\/strong>: Packaged in fiber drums or aluminum foil bags (custom packaging available upon customer request).<\/h4>\n<\/li>\n<li>\n<h4><strong>Prazo de entrega<\/strong>: Non-customized products are shipped within 48 hours; delivery time for customized products is adjusted based on actual requirements.<\/h4>\n<\/li>\n<li>\n<h4><strong>M\u00e9todo de transporte<\/strong>:Log\u00edstica expressa nacional; o pre\u00e7o cotado inclui custos de transporte.<\/h4>\n<\/li>\n<\/ul>\n<h4 class=\"container-utlnW2 md-box-line-break wrapper-d0Cc1k undefined\"><\/h4>\n<h4 class=\"auto-hide-last-sibling-br paragraph-JOTKXA paragraph-element br-paragraph-space\">If you need this English product information formatted into a\u00a0<strong>standard product specification document<\/strong>\u00a0(with clearer section divisions and professional terminology optimization), let me know and I can organize it for you.<\/h4>","protected":false},"featured_media":10469,"comment_status":"closed","ping_status":"closed","template":"","meta":[],"product_brand":[],"product_cat":[17,23],"product_tag":[],"class_list":{"0":"post-10468","1":"product","2":"type-product","3":"status-publish","4":"has-post-thumbnail","6":"product_cat-plant-extract","7":"product_cat-standard-extract","9":"first","10":"instock","11":"shipping-taxable","12":"product-type-simple"},"_links":{"self":[{"href":"https:\/\/www.hvbio.com\/pt\/wp-json\/wp\/v2\/product\/10468","targetHints":{"allow":["GET"]}}],"collection":[{"href":"https:\/\/www.hvbio.com\/pt\/wp-json\/wp\/v2\/product"}],"about":[{"href":"https:\/\/www.hvbio.com\/pt\/wp-json\/wp\/v2\/types\/product"}],"replies":[{"embeddable":true,"href":"https:\/\/www.hvbio.com\/pt\/wp-json\/wp\/v2\/comments?post=10468"}],"wp:featuredmedia":[{"embeddable":true,"href":"https:\/\/www.hvbio.com\/pt\/wp-json\/wp\/v2\/media\/10469"}],"wp:attachment":[{"href":"https:\/\/www.hvbio.com\/pt\/wp-json\/wp\/v2\/media?parent=10468"}],"wp:term":[{"taxonomy":"product_brand","embeddable":true,"href":"https:\/\/www.hvbio.com\/pt\/wp-json\/wp\/v2\/product_brand?post=10468"},{"taxonomy":"product_cat","embeddable":true,"href":"https:\/\/www.hvbio.com\/pt\/wp-json\/wp\/v2\/product_cat?post=10468"},{"taxonomy":"product_tag","embeddable":true,"href":"https:\/\/www.hvbio.com\/pt\/wp-json\/wp\/v2\/product_tag?post=10468"}],"curies":[{"name":"wp","href":"https:\/\/api.w.org\/{rel}","templated":true}]}}