{"id":10491,"date":"2025-11-19T14:20:33","date_gmt":"2025-11-19T06:20:33","guid":{"rendered":"https:\/\/www.hvbio.com\/?post_type=product&#038;p=10491"},"modified":"2025-11-19T15:39:10","modified_gmt":"2025-11-19T07:39:10","slug":"blueberry-extract","status":"publish","type":"product","link":"https:\/\/www.hvbio.com\/pt\/produto\/blueberry-extract\/","title":{"rendered":"Blueberry Extract"},"content":{"rendered":"<table style=\"height: 461px;\" width=\"917\">\n<thead>\n<tr>\n<th>Item<\/th>\n<th>Tradu\u00e7\u00e3o para o ingl\u00eas<\/th>\n<\/tr>\n<\/thead>\n<tbody>\n<tr>\n<td>Nome do produto<\/td>\n<td>Blueberry Extract<\/td>\n<\/tr>\n<tr>\n<td>Pseud\u00f4nimos<\/td>\n<td>Blueberry Fruit Extract, Bilberry Extract, Lingonberry Extract<\/td>\n<\/tr>\n<tr>\n<td>Componentes principais<\/td>\n<td>Phenolic acids, Flavonoids, Anthocyanins, Other components<\/td>\n<\/tr>\n<tr>\n<td>Fonte de Extra\u00e7\u00e3o<\/td>\n<td>Fresh fruits or dried mature fruits of blueberry (Vaccinium corymbosum)<\/td>\n<\/tr>\n<tr>\n<td>Tamanho da malha do produto<\/td>\n<td>98% through 80 mesh sieve<\/td>\n<\/tr>\n<tr>\n<td>Apar\u00eancia<\/td>\n<td>P\u00f3 roxo<\/td>\n<\/tr>\n<tr>\n<td>M\u00e9todo de detec\u00e7\u00e3o<\/td>\n<td>TLC (Cromatografia em Camada Delgada)<\/td>\n<\/tr>\n<tr>\n<td>Formas de dosagem de aplica\u00e7\u00e3o<\/td>\n<td>Amplamente aplic\u00e1vel<\/td>\n<\/tr>\n<tr>\n<td>Tempo de fornecimento<\/td>\n<td>Durante todo o ano<\/td>\n<\/tr>\n<tr>\n<td>Armazenar<\/td>\n<td>Store in a sealed container in a cool, dry and dark place, away from heat and moisture<\/td>\n<\/tr>\n<tr>\n<td>Prazo de validade<\/td>\n<td>Dois anos<\/td>\n<\/tr>\n<\/tbody>\n<\/table>","protected":false},"excerpt":{"rendered":"<h4 class=\"header-iWP5WJ auto-hide-last-sibling-br\">Blueberry Extract<\/h4>\n<ul class=\"auto-hide-last-sibling-br\">\n<li>\n<h4><strong>Nome do produto<\/strong>: Blueberry Extract<\/h4>\n<\/li>\n<li>\n<h4><strong>Pseud\u00f4nimos<\/strong>: Blueberry Fruit Extract, Bilberry Extract, Lingonberry Extract<\/h4>\n<\/li>\n<li>\n<h4><strong>Componentes principais<\/strong>: Phenolic acids, Flavonoids, Anthocyanins, Other components<\/h4>\n<\/li>\n<li>\n<h4><strong>Fonte de Extra\u00e7\u00e3o<\/strong>: Fresh fruits or dried mature fruits of blueberry (Vaccinium corymbosum)<\/h4>\n<\/li>\n<li>\n<h4><strong>Tamanho da malha do produto<\/strong>: 98% through 80 mesh sieve<\/h4>\n<\/li>\n<li>\n<h4><strong>Apar\u00eancia<\/strong>: Purple powder<\/h4>\n<\/li>\n<li>\n<h4><strong>M\u00e9todo de detec\u00e7\u00e3o<\/strong>: TLC (Cromatografia em Camada Delgada)<\/h4>\n<\/li>\n<li>\n<h4><strong>Formas de dosagem de aplica\u00e7\u00e3o<\/strong>: Widely applicable<\/h4>\n<\/li>\n<li>\n<h4><strong>Tempo de fornecimento<\/strong>: All year round<\/h4>\n<\/li>\n<\/ul>\n<h4 class=\"header-iWP5WJ auto-hide-last-sibling-br\">Notas de compra<\/h4>\n<ul class=\"auto-hide-last-sibling-br\">\n<li>\n<h4><strong>M\u00e9todo de embalagem<\/strong>: 25kg\/cardboard drum or aluminum foil bag. Packaging can be adjusted according to actual needs.<\/h4>\n<\/li>\n<li>\n<h4><strong>Condi\u00e7\u00f5es de armazenamento<\/strong>: Seal and protect from light. Store in a dry, cool and well-ventilated place.<\/h4>\n<\/li>\n<li>\n<h4><strong>Prazo de validade<\/strong>:Dois anos<\/h4>\n<\/li>\n<li>\n<h4><strong>Provis\u00e3o de amostra<\/strong>: 5-20g samples are provided for general products. Sample fees may apply to some products.<\/h4>\n<\/li>\n<li>\n<h4><strong>Embalagem do produto<\/strong>: Cardboard drum or aluminum foil bag (custom packaging available upon customer request)<\/h4>\n<\/li>\n<li>\n<h4><strong>Prazo de entrega<\/strong>: Non-customized products will be shipped within 48 hours. Delivery time for customized products will be adjusted based on actual requirements.<\/h4>\n<\/li>\n<li>\n<h4><strong>M\u00e9todo de transporte<\/strong>: Domestic express logistics. The quotation includes transportation costs.<\/h4>\n<\/li>\n<\/ul>","protected":false},"featured_media":10502,"comment_status":"closed","ping_status":"closed","template":"","meta":[],"product_brand":[],"product_cat":[17,24],"product_tag":[],"class_list":{"0":"post-10491","1":"product","2":"type-product","3":"status-publish","4":"has-post-thumbnail","6":"product_cat-plant-extract","7":"product_cat-ratio-extract","9":"first","10":"instock","11":"shipping-taxable","12":"product-type-simple"},"_links":{"self":[{"href":"https:\/\/www.hvbio.com\/pt\/wp-json\/wp\/v2\/product\/10491","targetHints":{"allow":["GET"]}}],"collection":[{"href":"https:\/\/www.hvbio.com\/pt\/wp-json\/wp\/v2\/product"}],"about":[{"href":"https:\/\/www.hvbio.com\/pt\/wp-json\/wp\/v2\/types\/product"}],"replies":[{"embeddable":true,"href":"https:\/\/www.hvbio.com\/pt\/wp-json\/wp\/v2\/comments?post=10491"}],"wp:featuredmedia":[{"embeddable":true,"href":"https:\/\/www.hvbio.com\/pt\/wp-json\/wp\/v2\/media\/10502"}],"wp:attachment":[{"href":"https:\/\/www.hvbio.com\/pt\/wp-json\/wp\/v2\/media?parent=10491"}],"wp:term":[{"taxonomy":"product_brand","embeddable":true,"href":"https:\/\/www.hvbio.com\/pt\/wp-json\/wp\/v2\/product_brand?post=10491"},{"taxonomy":"product_cat","embeddable":true,"href":"https:\/\/www.hvbio.com\/pt\/wp-json\/wp\/v2\/product_cat?post=10491"},{"taxonomy":"product_tag","embeddable":true,"href":"https:\/\/www.hvbio.com\/pt\/wp-json\/wp\/v2\/product_tag?post=10491"}],"curies":[{"name":"wp","href":"https:\/\/api.w.org\/{rel}","templated":true}]}}