{"id":10497,"date":"2025-11-19T14:27:38","date_gmt":"2025-11-19T06:27:38","guid":{"rendered":"https:\/\/www.hvbio.com\/?post_type=product&#038;p=10497"},"modified":"2025-11-19T14:27:38","modified_gmt":"2025-11-19T06:27:38","slug":"tinospora-sinensis-extract","status":"publish","type":"product","link":"https:\/\/www.hvbio.com\/pt\/produto\/tinospora-sinensis-extract\/","title":{"rendered":"Tinospora Sinensis Extract"},"content":{"rendered":"<table>\n<tbody>\n<tr>\n<td>Nome do produto<\/td>\n<td>Tinospora Sinensis Extract<\/td>\n<\/tr>\n<tr>\n<td>Aliases de produtos<\/td>\n<td>Wuwudi Shengxu, Qingkuanjin Teng, Shenjin Teng, Wudi Gen, Qingjin Teng, Kanbusi, Dabusi, Ruanjin Teng, Songjin Teng, Dajiejin Teng, Niuzheng Teng, Dasongshen<\/td>\n<\/tr>\n<tr>\n<td>Fonte de Extra\u00e7\u00e3o<\/td>\n<td>Dried stems and vines of\u00a0<em>Tinospora sinensis<\/em>\u00a0(Lour.) Merr., a plant of the genus\u00a0<em>Tinospora<\/em>\u00a0in the family Menispermaceae<\/td>\n<\/tr>\n<tr>\n<td>Raw Material Introduction<\/td>\n<td>The original plant\u00a0<em>Tinospora sinensis<\/em>\u00a0is a deciduous herbaceous large vine, up to more than 10 meters long or longer. Stems and branches are fleshy; young branches are green, striped, and pubescent; old branches are straw-yellow, covered with membranous epidermis, with prominent lenticels. Harvesting and processing can be done throughout the year. Cut the vines into oblique slices or short sections and dry them in the sun.<\/td>\n<\/tr>\n<tr>\n<td>Origem da mat\u00e9ria-prima<\/td>\n<td>Distributed in Guangdong, Hainan, Guangxi, Yunnan and other regions<\/td>\n<\/tr>\n<tr>\n<td>Caracter\u00edstica do produto<\/td>\n<td>P\u00f3 amarelo-acastanhado<\/td>\n<\/tr>\n<tr>\n<td>M\u00e9todo de detec\u00e7\u00e3o<\/td>\n<td>TLC<\/td>\n<\/tr>\n<tr>\n<td>Especifica\u00e7\u00e3o do produto<\/td>\n<td>10:1; please contact customer service for other specifications<\/td>\n<\/tr>\n<tr>\n<td>Tamanho da malha do produto<\/td>\n<td>Passa por peneira de 80 malhas<\/td>\n<\/tr>\n<tr>\n<td>Condi\u00e7\u00f5es de armazenamento<\/td>\n<td>This product should be sealed and protected from light, away from high temperatures, and stored in a dry, cool and well-ventilated place.<\/td>\n<\/tr>\n<tr>\n<td>M\u00e9todo de embalagem<\/td>\n<td>Bulk goods: 25kg\/cardboard drum; small samples: 1KG\/aluminum foil bag; customized packaging is available upon customer request.<\/td>\n<\/tr>\n<tr>\n<td>M\u00e9todo de transporte<\/td>\n<td>Express or logistics. Domestic express arrives within 3 days, and logistics arrives within 5 days. Quotations generally include domestic transportation costs.<\/td>\n<\/tr>\n<tr>\n<td>Prazo de validade<\/td>\n<td>Dois anos<\/td>\n<\/tr>\n<\/tbody>\n<\/table>","protected":false},"excerpt":{"rendered":"<p>Product Name Tinospora Sinensis Extract Product Aliases Wuwudi Shengxu, Qingkuanjin Teng, Shenjin Teng, Wudi Gen, Qingjin Teng, Kanbusi, Dabusi, Ruanjin<\/p>","protected":false},"featured_media":10498,"comment_status":"closed","ping_status":"closed","template":"","meta":[],"product_brand":[],"product_cat":[17,24],"product_tag":[],"class_list":{"0":"post-10497","1":"product","2":"type-product","3":"status-publish","4":"has-post-thumbnail","6":"product_cat-plant-extract","7":"product_cat-ratio-extract","9":"first","10":"instock","11":"shipping-taxable","12":"product-type-simple"},"_links":{"self":[{"href":"https:\/\/www.hvbio.com\/pt\/wp-json\/wp\/v2\/product\/10497","targetHints":{"allow":["GET"]}}],"collection":[{"href":"https:\/\/www.hvbio.com\/pt\/wp-json\/wp\/v2\/product"}],"about":[{"href":"https:\/\/www.hvbio.com\/pt\/wp-json\/wp\/v2\/types\/product"}],"replies":[{"embeddable":true,"href":"https:\/\/www.hvbio.com\/pt\/wp-json\/wp\/v2\/comments?post=10497"}],"wp:featuredmedia":[{"embeddable":true,"href":"https:\/\/www.hvbio.com\/pt\/wp-json\/wp\/v2\/media\/10498"}],"wp:attachment":[{"href":"https:\/\/www.hvbio.com\/pt\/wp-json\/wp\/v2\/media?parent=10497"}],"wp:term":[{"taxonomy":"product_brand","embeddable":true,"href":"https:\/\/www.hvbio.com\/pt\/wp-json\/wp\/v2\/product_brand?post=10497"},{"taxonomy":"product_cat","embeddable":true,"href":"https:\/\/www.hvbio.com\/pt\/wp-json\/wp\/v2\/product_cat?post=10497"},{"taxonomy":"product_tag","embeddable":true,"href":"https:\/\/www.hvbio.com\/pt\/wp-json\/wp\/v2\/product_tag?post=10497"}],"curies":[{"name":"wp","href":"https:\/\/api.w.org\/{rel}","templated":true}]}}