{"id":10526,"date":"2025-11-19T15:11:40","date_gmt":"2025-11-19T07:11:40","guid":{"rendered":"https:\/\/www.hvbio.com\/?post_type=product&#038;p=10526"},"modified":"2025-11-19T15:11:40","modified_gmt":"2025-11-19T07:11:40","slug":"sichuan-pepper-extract","status":"publish","type":"product","link":"https:\/\/www.hvbio.com\/pt\/produto\/sichuan-pepper-extract\/","title":{"rendered":"Sichuan pepper Extract"},"content":{"rendered":"<table>\n<tbody>\n<tr>\n<td>Nome do produto<\/td>\n<td>Sichuan pepper Extract<\/td>\n<\/tr>\n<tr>\n<td>Nomes Alternativos<\/td>\n<td>Qin Jiao, Shu Jiao, Chuan Jiao<\/td>\n<\/tr>\n<tr>\n<td>Fonte vegetal<\/td>\n<td>Mature pericarp of Zanthoxylum bungeanum Maxim. (Rutaceae family)<\/td>\n<\/tr>\n<tr>\n<td>Especifica\u00e7\u00e3o do produto<\/td>\n<td>10:1<\/td>\n<\/tr>\n<tr>\n<td>Caracter\u00edstica do produto<\/td>\n<td>P\u00f3 amarelo-acastanhado<\/td>\n<\/tr>\n<tr>\n<td>M\u00e9todo de detec\u00e7\u00e3o<\/td>\n<td>TLC<\/td>\n<\/tr>\n<tr>\n<td>Condi\u00e7\u00f5es de armazenamento<\/td>\n<td>Seal tightly and protect from light, avoid high temperature; store in a dry, cool and well-ventilated place<\/td>\n<\/tr>\n<tr>\n<td>M\u00e9todo de embalagem<\/td>\n<td>Bulk goods: 25kg\/cardboard drum; Small samples: 1kg\/aluminum foil bag; Custom packaging available upon request<\/td>\n<\/tr>\n<tr>\n<td>M\u00e9todo de transporte<\/td>\n<td>Express or logistics. Domestic express arrives within 3 days; logistics arrives within 5 days. Quotation generally includes domestic transportation costs<\/td>\n<\/tr>\n<tr>\n<td>Prazo de validade<\/td>\n<td>2 anos<\/td>\n<\/tr>\n<\/tbody>\n<\/table>","protected":false},"excerpt":{"rendered":"<p>Product Name Sichuan pepper Extract Alternative Names Qin Jiao, Shu Jiao, Chuan Jiao Plant Source Mature pericarp of Zanthoxylum bungeanum<\/p>","protected":false},"featured_media":10527,"comment_status":"closed","ping_status":"closed","template":"","meta":[],"product_brand":[],"product_cat":[17,24],"product_tag":[],"class_list":{"0":"post-10526","1":"product","2":"type-product","3":"status-publish","4":"has-post-thumbnail","6":"product_cat-plant-extract","7":"product_cat-ratio-extract","9":"first","10":"instock","11":"shipping-taxable","12":"product-type-simple"},"_links":{"self":[{"href":"https:\/\/www.hvbio.com\/pt\/wp-json\/wp\/v2\/product\/10526","targetHints":{"allow":["GET"]}}],"collection":[{"href":"https:\/\/www.hvbio.com\/pt\/wp-json\/wp\/v2\/product"}],"about":[{"href":"https:\/\/www.hvbio.com\/pt\/wp-json\/wp\/v2\/types\/product"}],"replies":[{"embeddable":true,"href":"https:\/\/www.hvbio.com\/pt\/wp-json\/wp\/v2\/comments?post=10526"}],"wp:featuredmedia":[{"embeddable":true,"href":"https:\/\/www.hvbio.com\/pt\/wp-json\/wp\/v2\/media\/10527"}],"wp:attachment":[{"href":"https:\/\/www.hvbio.com\/pt\/wp-json\/wp\/v2\/media?parent=10526"}],"wp:term":[{"taxonomy":"product_brand","embeddable":true,"href":"https:\/\/www.hvbio.com\/pt\/wp-json\/wp\/v2\/product_brand?post=10526"},{"taxonomy":"product_cat","embeddable":true,"href":"https:\/\/www.hvbio.com\/pt\/wp-json\/wp\/v2\/product_cat?post=10526"},{"taxonomy":"product_tag","embeddable":true,"href":"https:\/\/www.hvbio.com\/pt\/wp-json\/wp\/v2\/product_tag?post=10526"}],"curies":[{"name":"wp","href":"https:\/\/api.w.org\/{rel}","templated":true}]}}