{"id":10554,"date":"2025-11-19T16:35:34","date_gmt":"2025-11-19T08:35:34","guid":{"rendered":"https:\/\/www.hvbio.com\/?post_type=product&#038;p=10554"},"modified":"2025-11-19T16:35:34","modified_gmt":"2025-11-19T08:35:34","slug":"mulberry-leaf-extract","status":"publish","type":"product","link":"https:\/\/www.hvbio.com\/pt\/produto\/mulberry-leaf-extract\/","title":{"rendered":"Mulberry leaf extract"},"content":{"rendered":"<table>\n<tbody>\n<tr>\n<td>Nome do produto<\/td>\n<td>Mulberry Leaf Extract<\/td>\n<\/tr>\n<tr>\n<td>Nomes Alternativos<\/td>\n<td>Luluo, Jiasang, Jingsang, Sangshenshu, Huangshanye, Sangzaoshu<\/td>\n<\/tr>\n<tr>\n<td>Nome latino<\/td>\n<td>Morus alba L.<\/td>\n<\/tr>\n<tr>\n<td>Fonte vegetal<\/td>\n<td>Dried leaves<\/td>\n<\/tr>\n<tr>\n<td>Ingrediente ativo<\/td>\n<td>Mulberry Leaf Flavonoids<\/td>\n<\/tr>\n<tr>\n<td>Origem da mat\u00e9ria-prima<\/td>\n<td>Widely cultivated across northern and southern China, with the middle and lower reaches of the Yangtze River as the main production area<\/td>\n<\/tr>\n<tr>\n<td>Especifica\u00e7\u00e3o do produto<\/td>\n<td>10:1; For other specifications, please contact customer service<\/td>\n<\/tr>\n<tr>\n<td>Caracter\u00edstica do produto<\/td>\n<td>P\u00f3 marrom<\/td>\n<\/tr>\n<tr>\n<td>M\u00e9todo de detec\u00e7\u00e3o<\/td>\n<td>TLC<\/td>\n<\/tr>\n<tr>\n<td>Tamanho da malha do produto<\/td>\n<td>98% through 80 mesh sieve<\/td>\n<\/tr>\n<tr>\n<td>Componentes principais<\/td>\n<td>Leaves contain rutin, quercetin, isoquercitrin, quercetin-3-triglucoside, trace \u03b2-sitosterol, campesterol, \u03b2-sitosterol-\u03b2-D-glucoside, lupeol, meso-inositol, ecdysterone and inokosterone (insect metamorphosis hormones), hemolysin, chlorogenic acid. Volatile oil components include acetic acid, propionic acid, butyric acid, isobutyric acid, valeric acid, isovaleric acid, caproic acid, isocaproic acid, methyl salicylate, guaiacol, phenol, o-cresol, m-cresol, eugenol, etc. Also contains oxalic acid, fumaric acid, tartaric acid, citric acid, succinic acid, palmitic acid, ethyl palmitate, hentriacontane, hydroxycoumarin, sucrose, fructose, glucose, aspartic acid, glutamic acid and other amino acids. It also contains vitamin C (200-300 mg%), glutathione (140-400 mg%), folic acid (105 \u03bcg%), 5-formyltetrahydrofolic acid (22 \u03bcg%), vitamin B1 (460 \u03bcg%), vitamin B2 (300-800 \u03bcg%), adenine, choline, trigonelline, as well as copper (10 ppm), zinc (16 ppm), boron (35 ppm), manganese (270 ppm).<\/td>\n<\/tr>\n<tr>\n<td>Plant Morphology<\/td>\n<td>Most leaves are curled and broken; intact leaves are ovate or broadly ovate, 8-13 cm long and 7-11 cm wide, with acute apex, serrated edges (sometimes irregularly lobed), and truncate, rounded or cordate base. The upper surface is dark green with slight luster and fine hairs along the veins; the lower surface is lighter in color, with prominent veins, reticulate small veins, and dense fine hairs. Brittle and easy to break. Odorless; taste mild, slightly bitter and astringent. Preferred leaves are intact, large, thick, and yellowish-green.<\/td>\n<\/tr>\n<tr>\n<td>Condi\u00e7\u00f5es de armazenamento<\/td>\n<td>Sealed and protected from light, away from high temperatures; stored in a dry, cool, and well-ventilated place.<\/td>\n<\/tr>\n<tr>\n<td>M\u00e9todo de embalagem<\/td>\n<td>Bulk goods: 25 kg\/cardboard drum; Sample: 1 kg\/aluminum foil bag; Custom packaging available upon request.<\/td>\n<\/tr>\n<tr>\n<td>M\u00e9todo de transporte<\/td>\n<td>Express or logistics. Domestic express delivery arrives within 3 days; logistics arrives within 5 days. Quotation generally includes domestic transportation costs.<\/td>\n<\/tr>\n<tr>\n<td>Prazo de validade<\/td>\n<td>2 anos<\/td>\n<\/tr>\n<\/tbody>\n<\/table>","protected":false},"excerpt":{"rendered":"<p>Product Name Mulberry Leaf Extract Alternative Names Luluo, Jiasang, Jingsang, Sangshenshu, Huangshanye, Sangzaoshu Latin Name Morus alba L. Plant Source<\/p>","protected":false},"featured_media":10555,"comment_status":"closed","ping_status":"closed","template":"","meta":[],"product_brand":[],"product_cat":[17,24],"product_tag":[],"class_list":{"0":"post-10554","1":"product","2":"type-product","3":"status-publish","4":"has-post-thumbnail","6":"product_cat-plant-extract","7":"product_cat-ratio-extract","9":"first","10":"instock","11":"shipping-taxable","12":"product-type-simple"},"_links":{"self":[{"href":"https:\/\/www.hvbio.com\/pt\/wp-json\/wp\/v2\/product\/10554","targetHints":{"allow":["GET"]}}],"collection":[{"href":"https:\/\/www.hvbio.com\/pt\/wp-json\/wp\/v2\/product"}],"about":[{"href":"https:\/\/www.hvbio.com\/pt\/wp-json\/wp\/v2\/types\/product"}],"replies":[{"embeddable":true,"href":"https:\/\/www.hvbio.com\/pt\/wp-json\/wp\/v2\/comments?post=10554"}],"wp:featuredmedia":[{"embeddable":true,"href":"https:\/\/www.hvbio.com\/pt\/wp-json\/wp\/v2\/media\/10555"}],"wp:attachment":[{"href":"https:\/\/www.hvbio.com\/pt\/wp-json\/wp\/v2\/media?parent=10554"}],"wp:term":[{"taxonomy":"product_brand","embeddable":true,"href":"https:\/\/www.hvbio.com\/pt\/wp-json\/wp\/v2\/product_brand?post=10554"},{"taxonomy":"product_cat","embeddable":true,"href":"https:\/\/www.hvbio.com\/pt\/wp-json\/wp\/v2\/product_cat?post=10554"},{"taxonomy":"product_tag","embeddable":true,"href":"https:\/\/www.hvbio.com\/pt\/wp-json\/wp\/v2\/product_tag?post=10554"}],"curies":[{"name":"wp","href":"https:\/\/api.w.org\/{rel}","templated":true}]}}