{"id":10578,"date":"2025-11-20T10:17:49","date_gmt":"2025-11-20T02:17:49","guid":{"rendered":"https:\/\/www.hvbio.com\/?post_type=product&#038;p=10578"},"modified":"2025-11-20T10:21:45","modified_gmt":"2025-11-20T02:21:45","slug":"humulus-lupulus-extract","status":"publish","type":"product","link":"https:\/\/www.hvbio.com\/pt\/produto\/humulus-lupulus-extract\/","title":{"rendered":"Humulus Lupulus Extract"},"content":{"rendered":"<table style=\"height: 429px;\" width=\"1824\">\n<thead>\n<tr>\n<th>Item<\/th>\n<th>Tradu\u00e7\u00e3o para o ingl\u00eas<\/th>\n<\/tr>\n<\/thead>\n<tbody>\n<tr>\n<td>Nome do produto<\/td>\n<td>Humulus Lupulus Extract<\/td>\n<\/tr>\n<tr>\n<td>Pseud\u00f4nimo<\/td>\n<td>Hops Extract, Snake Hops Extract, Yeast Hops Extract<\/td>\n<\/tr>\n<tr>\n<td>Componentes principais<\/td>\n<td>Terpenes, phenols, and other components<\/td>\n<\/tr>\n<tr>\n<td>Fonte de Extra\u00e7\u00e3o<\/td>\n<td>The core source is the dried female inflorescences of Humulus lupulus, where active ingredients are most concentrated. Mature and aromatic hops are preferred, and raw materials are mainly processed by low-temperature drying to retain effective components.<\/td>\n<\/tr>\n<tr>\n<td>Tamanho da malha do produto<\/td>\n<td>98% passa por peneira de 80 malhas<\/td>\n<\/tr>\n<tr>\n<td>Apar\u00eancia<\/td>\n<td>P\u00f3 marrom<\/td>\n<\/tr>\n<tr>\n<td>M\u00e9todo de detec\u00e7\u00e3o<\/td>\n<td>TLC (Cromatografia em Camada Delgada)<\/td>\n<\/tr>\n<tr>\n<td>Formas de dosagem de aplica\u00e7\u00e3o<\/td>\n<td>Amplamente aplic\u00e1vel<\/td>\n<\/tr>\n<tr>\n<td>Tempo de fornecimento<\/td>\n<td>Durante todo o ano<\/td>\n<\/tr>\n<tr>\n<td>Armazenar<\/td>\n<td>Conservar em recipiente fechado, em local fresco, seco e escuro, longe de fontes de calor e ambientes \u00famidos.<\/td>\n<\/tr>\n<tr>\n<td>Prazo de validade<\/td>\n<td>Dois anos<\/td>\n<\/tr>\n<\/tbody>\n<\/table>","protected":false},"excerpt":{"rendered":"<h4 class=\"header-iWP5WJ auto-hide-last-sibling-br\">Hops Extract Product Information<\/h4>\n<h4 class=\"auto-hide-last-sibling-br paragraph-pP9ZLC paragraph-element br-paragraph-space\">Product Name: Hops Extract (Humulus Lupulus Extract)<\/h4>\n<div class=\"container-Uxvbjy md-box-line-break wrapper-GYqxgQ undefined\"><\/div>\n<h4 class=\"auto-hide-last-sibling-br paragraph-pP9ZLC paragraph-element br-paragraph-space\">Alias: Hops Extract, Snake Hops Extract, Yeast Hops Extract<\/h4>\n<div class=\"container-Uxvbjy md-box-line-break wrapper-GYqxgQ undefined\"><\/div>\n<h4 class=\"auto-hide-last-sibling-br paragraph-pP9ZLC paragraph-element br-paragraph-space\">Main Components: Terpenes, phenols, and other components<\/h4>\n<div class=\"container-Uxvbjy md-box-line-break wrapper-GYqxgQ undefined\"><\/div>\n<h4 class=\"auto-hide-last-sibling-br paragraph-pP9ZLC paragraph-element br-paragraph-space\">Extraction Source: The core source is the dried female inflorescences of Humulus lupulus, where active ingredients are most concentrated. Mature and aromatic hops are preferred, and raw materials are mainly processed by low-temperature drying to retain effective components.<\/h4>\n<div class=\"container-Uxvbjy md-box-line-break wrapper-GYqxgQ undefined\"><\/div>\n<h4 class=\"auto-hide-last-sibling-br paragraph-pP9ZLC paragraph-element br-paragraph-space\">Product Mesh Size: 98% passes through 80-mesh sieve<\/h4>\n<div class=\"container-Uxvbjy md-box-line-break wrapper-GYqxgQ undefined\"><\/div>\n<h4 class=\"auto-hide-last-sibling-br paragraph-pP9ZLC paragraph-element br-paragraph-space\">Apar\u00eancia: P\u00f3 marrom<\/h4>\n<div class=\"container-Uxvbjy md-box-line-break wrapper-GYqxgQ undefined\"><\/div>\n<h4 class=\"auto-hide-last-sibling-br paragraph-pP9ZLC paragraph-element br-paragraph-space\">M\u00e9todo de detec\u00e7\u00e3o: TLC (Cromatografia em camada fina)<\/h4>\n<div class=\"container-Uxvbjy md-box-line-break wrapper-GYqxgQ undefined\"><\/div>\n<h4 class=\"auto-hide-last-sibling-br paragraph-pP9ZLC paragraph-element br-paragraph-space\">Application Dosage Forms: Widely applicable<\/h4>\n<div class=\"container-Uxvbjy md-box-line-break wrapper-GYqxgQ undefined\"><\/div>\n<h4 class=\"auto-hide-last-sibling-br paragraph-pP9ZLC paragraph-element br-paragraph-space\">Per\u00edodo de fornecimento: durante todo o ano<\/h4>\n<h4 class=\"header-iWP5WJ auto-hide-last-sibling-br\">Termos de compra<\/h4>\n<ul class=\"auto-hide-last-sibling-br\">\n<li>\n<h4>Packaging: 25kg per paper drum or aluminum foil bag; packaging can be adjusted according to actual needs or customer requirements.<\/h4>\n<\/li>\n<li>\n<h4>Storage Conditions: Seal tightly and protect from light. Store in a dry, cool and well-ventilated place.<\/h4>\n<\/li>\n<li>\n<h4>Prazo de validade: dois anos<\/h4>\n<\/li>\n<li>\n<h4>Sample: 5-20g free samples are available for most products; a sample fee is charged for some products.<\/h4>\n<\/li>\n<li>\n<h4>Delivery Time: Non-customized products are shipped within 48 hours; delivery time for customized products is adjusted based on actual requirements.<\/h4>\n<\/li>\n<li>\n<h4>Transportation: Domestic express or logistics; the quotation includes transportation costs.<\/h4>\n<\/li>\n<\/ul>","protected":false},"featured_media":10579,"comment_status":"closed","ping_status":"closed","template":"","meta":[],"product_brand":[],"product_cat":[17,24],"product_tag":[],"class_list":{"0":"post-10578","1":"product","2":"type-product","3":"status-publish","4":"has-post-thumbnail","6":"product_cat-plant-extract","7":"product_cat-ratio-extract","9":"first","10":"instock","11":"shipping-taxable","12":"product-type-simple"},"_links":{"self":[{"href":"https:\/\/www.hvbio.com\/pt\/wp-json\/wp\/v2\/product\/10578","targetHints":{"allow":["GET"]}}],"collection":[{"href":"https:\/\/www.hvbio.com\/pt\/wp-json\/wp\/v2\/product"}],"about":[{"href":"https:\/\/www.hvbio.com\/pt\/wp-json\/wp\/v2\/types\/product"}],"replies":[{"embeddable":true,"href":"https:\/\/www.hvbio.com\/pt\/wp-json\/wp\/v2\/comments?post=10578"}],"wp:featuredmedia":[{"embeddable":true,"href":"https:\/\/www.hvbio.com\/pt\/wp-json\/wp\/v2\/media\/10579"}],"wp:attachment":[{"href":"https:\/\/www.hvbio.com\/pt\/wp-json\/wp\/v2\/media?parent=10578"}],"wp:term":[{"taxonomy":"product_brand","embeddable":true,"href":"https:\/\/www.hvbio.com\/pt\/wp-json\/wp\/v2\/product_brand?post=10578"},{"taxonomy":"product_cat","embeddable":true,"href":"https:\/\/www.hvbio.com\/pt\/wp-json\/wp\/v2\/product_cat?post=10578"},{"taxonomy":"product_tag","embeddable":true,"href":"https:\/\/www.hvbio.com\/pt\/wp-json\/wp\/v2\/product_tag?post=10578"}],"curies":[{"name":"wp","href":"https:\/\/api.w.org\/{rel}","templated":true}]}}