{"id":10636,"date":"2025-12-19T15:15:24","date_gmt":"2025-12-19T07:15:24","guid":{"rendered":"https:\/\/www.hvbio.com\/?post_type=product&#038;p=10636"},"modified":"2025-12-19T15:17:07","modified_gmt":"2025-12-19T07:17:07","slug":"maca-extract","status":"publish","type":"product","link":"https:\/\/www.hvbio.com\/pt\/produto\/maca-extract\/","title":{"rendered":"Maca Extract"},"content":{"rendered":"<table style=\"height: 427px;\" width=\"993\">\n<thead>\n<tr>\n<th>Item<\/th>\n<th>Descri\u00e7\u00e3o<\/th>\n<\/tr>\n<\/thead>\n<tbody>\n<tr>\n<td>Nome do produto<\/td>\n<td>Maca Extract 10:1<\/td>\n<\/tr>\n<tr>\n<td>Nome latino<\/td>\n<td><em>Trigonella foenum-graecum<\/em><\/td>\n<\/tr>\n<tr>\n<td>Ingredientes ativos<\/td>\n<td>Trigonelline, Choline, Various Saponins, Dioscin<\/td>\n<\/tr>\n<tr>\n<td>Especifica\u00e7\u00e3o<\/td>\n<td>Maca Extract 10:1. For other specifications, please contact customer service for consultation<\/td>\n<\/tr>\n<tr>\n<td>Cor<\/td>\n<td>Brownish yellow fine powder<\/td>\n<\/tr>\n<tr>\n<td>Caracter\u00edsticas<\/td>\n<td>Hygroscopic, easily soluble in water, tested by TLC<\/td>\n<\/tr>\n<tr>\n<td>Tamanho da malha<\/td>\n<td>98% passa por peneira de 80 malhas<\/td>\n<\/tr>\n<tr>\n<td>Formul\u00e1rio de aplica\u00e7\u00e3o de dosagem<\/td>\n<td>Ampla gama de aplica\u00e7\u00f5es<\/td>\n<\/tr>\n<tr>\n<td>Tempo de fornecimento<\/td>\n<td>Available all year round<\/td>\n<\/tr>\n<tr>\n<td>Armazenar<\/td>\n<td>Store in a sealed container in a cool, dry and dark place, away from heat sources and humid environments<\/td>\n<\/tr>\n<tr>\n<td>Prazo de validade<\/td>\n<td>Dois anos<\/td>\n<\/tr>\n<\/tbody>\n<\/table>","protected":false},"excerpt":{"rendered":"<div class=\"auto-hide-last-sibling-br paragraph-pP9ZLC paragraph-element br-paragraph-space\">\n<p><strong>Nome do produto<\/strong>: Maca Extract 10:1<\/p>\n<div class=\"container-Uxvbjy md-box-line-break wrapper-GYqxgQ undefined\"><\/div>\n<p><strong>Nome latino<\/strong>:\u00a0<em>Trigonella foenum-graecum<\/em><\/p>\n<div class=\"container-Uxvbjy md-box-line-break wrapper-GYqxgQ undefined\"><\/div>\n<p><strong>Ingredientes ativos<\/strong>: Trigonelline, Choline, Various Saponins, Dioscin<\/p>\n<div class=\"container-Uxvbjy md-box-line-break wrapper-GYqxgQ undefined\"><\/div>\n<p><strong>Especifica\u00e7\u00e3o<\/strong>: Maca Extract 10:1. For other specifications, please contact customer service for consultation.<\/p>\n<div class=\"container-Uxvbjy md-box-line-break wrapper-GYqxgQ undefined\"><\/div>\n<p><strong>Cor<\/strong>: Brownish yellow fine powder<\/p>\n<div class=\"container-Uxvbjy md-box-line-break wrapper-GYqxgQ undefined\"><\/div>\n<p><strong>Caracter\u00edsticas<\/strong>: Hygroscopic, easily soluble in water, tested by TLC<\/p>\n<div class=\"container-Uxvbjy md-box-line-break wrapper-GYqxgQ undefined\"><\/div>\n<p><strong>Tamanho da malha<\/strong>: 98% passes through 80-mesh sieve<\/p>\n<div class=\"container-Uxvbjy md-box-line-break wrapper-GYqxgQ undefined\"><\/div>\n<p><strong>Formul\u00e1rio de aplica\u00e7\u00e3o de dosagem<\/strong>: Ampla gama de aplica\u00e7\u00f5es<\/p>\n<div class=\"container-Uxvbjy md-box-line-break wrapper-GYqxgQ undefined\"><\/div>\n<p><strong>Tempo de fornecimento<\/strong>: Available all year round<\/p>\n<\/div>\n<h1 class=\"header-iWP5WJ auto-hide-last-sibling-br\">Notas de compra<\/h1>\n<div class=\"auto-hide-last-sibling-br paragraph-pP9ZLC paragraph-element br-paragraph-space\">\n<p><strong>M\u00e9todo de embalagem<\/strong>: 25 kg por tambor de fibra ou saco de papel alum\u00ednio<\/p>\n<div class=\"container-Uxvbjy md-box-line-break wrapper-GYqxgQ undefined\"><\/div>\n<p><strong>Condi\u00e7\u00f5es de armazenamento<\/strong>: Seal and protect from light. Store in a dry, cool and well-ventilated place.<\/p>\n<div class=\"container-Uxvbjy md-box-line-break wrapper-GYqxgQ undefined\"><\/div>\n<p><strong>Prazo de validade<\/strong>:Dois anos<\/p>\n<div class=\"container-Uxvbjy md-box-line-break wrapper-GYqxgQ undefined\"><\/div>\n<p><strong>Provis\u00e3o de amostra<\/strong>: Generally, 5-20g of sample is provided for each product. A sample fee is charged for some products.<\/p>\n<div class=\"container-Uxvbjy md-box-line-break wrapper-GYqxgQ undefined\"><\/div>\n<p><strong>Embalagem do produto<\/strong>: Packed in fiber drums or aluminum foil bags (customized packaging is available upon customer request).<\/p>\n<div class=\"container-Uxvbjy md-box-line-break wrapper-GYqxgQ undefined\"><\/div>\n<p><strong>Prazo de entrega<\/strong>: Non-customized products will be shipped within 48 hours. Delivery time for customized products will be adjusted according to actual requirements.<\/p>\n<div class=\"container-Uxvbjy md-box-line-break wrapper-GYqxgQ undefined\"><\/div>\n<p><strong>M\u00e9todo de transporte<\/strong>: Domestic express delivery and logistics. The quoted price includes transportation costs.<\/p>\n<\/div>","protected":false},"featured_media":10637,"comment_status":"closed","ping_status":"closed","template":"","meta":[],"product_brand":[],"product_cat":[17,24],"product_tag":[],"class_list":{"0":"post-10636","1":"product","2":"type-product","3":"status-publish","4":"has-post-thumbnail","6":"product_cat-plant-extract","7":"product_cat-ratio-extract","9":"first","10":"instock","11":"shipping-taxable","12":"product-type-simple"},"_links":{"self":[{"href":"https:\/\/www.hvbio.com\/pt\/wp-json\/wp\/v2\/product\/10636","targetHints":{"allow":["GET"]}}],"collection":[{"href":"https:\/\/www.hvbio.com\/pt\/wp-json\/wp\/v2\/product"}],"about":[{"href":"https:\/\/www.hvbio.com\/pt\/wp-json\/wp\/v2\/types\/product"}],"replies":[{"embeddable":true,"href":"https:\/\/www.hvbio.com\/pt\/wp-json\/wp\/v2\/comments?post=10636"}],"wp:featuredmedia":[{"embeddable":true,"href":"https:\/\/www.hvbio.com\/pt\/wp-json\/wp\/v2\/media\/10637"}],"wp:attachment":[{"href":"https:\/\/www.hvbio.com\/pt\/wp-json\/wp\/v2\/media?parent=10636"}],"wp:term":[{"taxonomy":"product_brand","embeddable":true,"href":"https:\/\/www.hvbio.com\/pt\/wp-json\/wp\/v2\/product_brand?post=10636"},{"taxonomy":"product_cat","embeddable":true,"href":"https:\/\/www.hvbio.com\/pt\/wp-json\/wp\/v2\/product_cat?post=10636"},{"taxonomy":"product_tag","embeddable":true,"href":"https:\/\/www.hvbio.com\/pt\/wp-json\/wp\/v2\/product_tag?post=10636"}],"curies":[{"name":"wp","href":"https:\/\/api.w.org\/{rel}","templated":true}]}}