{"id":10667,"date":"2026-01-08T14:44:51","date_gmt":"2026-01-08T06:44:51","guid":{"rendered":"https:\/\/www.hvbio.com\/?post_type=product&#038;p=10667"},"modified":"2026-01-08T14:44:51","modified_gmt":"2026-01-08T06:44:51","slug":"baicalin-80","status":"publish","type":"product","link":"https:\/\/www.hvbio.com\/pt\/produto\/baicalin-80\/","title":{"rendered":"Baicalin 80%"},"content":{"rendered":"<div>\n<div>\n<div>\n<div dir=\"ltr\">\n<div>\n<div>\n<table style=\"height: 491px;\" width=\"980\">\n<thead>\n<tr>\n<th>Item<\/th>\n<th>Descri\u00e7\u00e3o<\/th>\n<\/tr>\n<\/thead>\n<tbody>\n<tr>\n<td>Nome do produto<\/td>\n<td>Baicalin 80%<\/td>\n<\/tr>\n<tr>\n<td>Ingrediente ativo<\/td>\n<td>Flavon\u00f3ides<\/td>\n<\/tr>\n<tr>\n<td>Especifica\u00e7\u00e3o<\/td>\n<td>80%<\/td>\n<\/tr>\n<tr>\n<td>Cor<\/td>\n<td>P\u00f3 amarelo claro<\/td>\n<\/tr>\n<tr>\n<td>Parte usada<\/td>\n<td>Dried root of <em>Scutellaria baicalensis<\/em> Georgi (Lamiaceae)<\/td>\n<\/tr>\n<tr>\n<td>M\u00e9todo de teste<\/td>\n<td>Cromatografia L\u00edquida de Alta Efici\u00eancia (CLAE)<\/td>\n<\/tr>\n<tr>\n<td>Tamanho de part\u00edcula<\/td>\n<td>98% passes 80 mesh<\/td>\n<\/tr>\n<tr>\n<td>Formul\u00e1rio de aplica\u00e7\u00e3o de dosagem<\/td>\n<td>Wide range<\/td>\n<\/tr>\n<tr>\n<td>Supply Ability<\/td>\n<td>Available all year round<\/td>\n<\/tr>\n<tr>\n<td>Armazenar<\/td>\n<td>Store in a sealed container, in a cool, dry and dark place, away from heat and moisture<\/td>\n<\/tr>\n<tr>\n<td>Prazo de validade<\/td>\n<td>TWO\u00a0 years<\/td>\n<\/tr>\n<\/tbody>\n<\/table>\n<\/div>\n<\/div>\n<div><\/div>\n<\/div>\n<\/div>\n<\/div>\n<\/div>","protected":false},"excerpt":{"rendered":"<h4>Product Name: Baicalin 80%<\/h4>\n<div><\/div>\n<h4>Active Ingredient: Flavonoids<\/h4>\n<div><\/div>\n<h4>Specification: 80%<\/h4>\n<div><\/div>\n<h4>Color: Light yellow powder<\/h4>\n<div><\/div>\n<h4>Part Used: Dried root of <em>Scutellaria baicalensis<\/em> Georgi (Lamiaceae)<\/h4>\n<div><\/div>\n<h4>Test Method: High Performance Liquid Chromatography (HPLC)<\/h4>\n<div><\/div>\n<h4>Particle Size: 98% passes 80 mesh<\/h4>\n<div><\/div>\n<h4>Application Dosage Form: Wide range<\/h4>\n<div><\/div>\n<h4>Supply Time: Available all year round<\/h4>\n<h4><\/h4>\n<h4>Notas de compra<\/h4>\n<div><\/div>\n<h4>Packing Method: 25 kg per fiber drum or aluminum foil bag<\/h4>\n<div><\/div>\n<h4>Storage Conditions: Seal and protect from light; store in a dry, cool, and well\u2011ventilated place<\/h4>\n<div><\/div>\n<h4>Validade: 2 anos<\/h4>\n<div><\/div>\n<h4>Sample: Generally 5\u201320 g samples are available; some products may charge a sample fee<\/h4>\n<div><\/div>\n<h4>Product Packaging: Fiber drum or aluminum foil bag (packaging can be customized according to customer requirements)<\/h4>\n<div><\/div>\n<h4>Delivery Time: Non\u2011customized products are shipped within 48 hours; customized products are adjusted according to actual needs<\/h4>\n<div><\/div>\n<h4>Transportation Method: Domestic courier or logistics; the quoted price includes shipping costs<\/h4>","protected":false},"featured_media":0,"comment_status":"closed","ping_status":"closed","template":"","meta":[],"product_brand":[],"product_cat":[23,17],"product_tag":[],"class_list":{"0":"post-10667","1":"product","2":"type-product","3":"status-publish","5":"product_cat-standard-extract","6":"product_cat-plant-extract","8":"first","9":"instock","10":"shipping-taxable","11":"product-type-simple"},"_links":{"self":[{"href":"https:\/\/www.hvbio.com\/pt\/wp-json\/wp\/v2\/product\/10667","targetHints":{"allow":["GET"]}}],"collection":[{"href":"https:\/\/www.hvbio.com\/pt\/wp-json\/wp\/v2\/product"}],"about":[{"href":"https:\/\/www.hvbio.com\/pt\/wp-json\/wp\/v2\/types\/product"}],"replies":[{"embeddable":true,"href":"https:\/\/www.hvbio.com\/pt\/wp-json\/wp\/v2\/comments?post=10667"}],"wp:attachment":[{"href":"https:\/\/www.hvbio.com\/pt\/wp-json\/wp\/v2\/media?parent=10667"}],"wp:term":[{"taxonomy":"product_brand","embeddable":true,"href":"https:\/\/www.hvbio.com\/pt\/wp-json\/wp\/v2\/product_brand?post=10667"},{"taxonomy":"product_cat","embeddable":true,"href":"https:\/\/www.hvbio.com\/pt\/wp-json\/wp\/v2\/product_cat?post=10667"},{"taxonomy":"product_tag","embeddable":true,"href":"https:\/\/www.hvbio.com\/pt\/wp-json\/wp\/v2\/product_tag?post=10667"}],"curies":[{"name":"wp","href":"https:\/\/api.w.org\/{rel}","templated":true}]}}