{"id":10704,"date":"2026-01-08T16:25:49","date_gmt":"2026-01-08T08:25:49","guid":{"rendered":"https:\/\/www.hvbio.com\/?post_type=product&#038;p=10704"},"modified":"2026-01-08T16:25:49","modified_gmt":"2026-01-08T08:25:49","slug":"chaga-mushroom-extract","status":"publish","type":"product","link":"https:\/\/www.hvbio.com\/pt\/produto\/chaga-mushroom-extract\/","title":{"rendered":"Chaga Mushroom Extract"},"content":{"rendered":"<div>\n<div>\n<div>\n<div>\n<div>\n<div>\n<div>\n<div>\n<div>\n<div>\n<div>\n<div dir=\"ltr\">\n<div>\n<div>\n<table style=\"height: 622px;\" width=\"1480\">\n<thead>\n<tr>\n<th>Item<\/th>\n<th>Descri\u00e7\u00e3o<\/th>\n<\/tr>\n<\/thead>\n<tbody>\n<tr>\n<td>Nome do produto<\/td>\n<td>Chaga Mushroom Extract<\/td>\n<\/tr>\n<tr>\n<td>Raw Material Aliases<\/td>\n<td>Chaga; Birch Mushroom; Siberian Ganoderma; Tree Mushroom<\/td>\n<\/tr>\n<tr>\n<td>Nome latino<\/td>\n<td><em>Inonotus obliquus<\/em><\/td>\n<\/tr>\n<tr>\n<td>Ingredientes ativos<\/td>\n<td>Polysaccharides, inotodiol, lanosterol-type triterpenoids, trametenolic acid, various oxidized triterpenoids, folic acid derivatives, aromatic vanillic acid, syringic acid, \u03b3-hydroxybenzoic acid, etc.<\/td>\n<\/tr>\n<tr>\n<td>Especifica\u00e7\u00e3o<\/td>\n<td>10:1<\/td>\n<\/tr>\n<tr>\n<td>M\u00e9todo de teste<\/td>\n<td>TLC<\/td>\n<\/tr>\n<tr>\n<td>Cor<\/td>\n<td>Brownish yellow powder<\/td>\n<\/tr>\n<tr>\n<td>Tamanho de part\u00edcula<\/td>\n<td>98% passes 80 mesh<\/td>\n<\/tr>\n<tr>\n<td>Formul\u00e1rio de aplica\u00e7\u00e3o de dosagem<\/td>\n<td>Wide range<\/td>\n<\/tr>\n<tr>\n<td>Supply Ability<\/td>\n<td>Available all year round<\/td>\n<\/tr>\n<tr>\n<td>Armazenar<\/td>\n<td>Store in a sealed container, in a cool, dry and dark place, away from heat and moisture<\/td>\n<\/tr>\n<tr>\n<td>Prazo de validade<\/td>\n<td>2 anos<\/td>\n<\/tr>\n<\/tbody>\n<\/table>\n<\/div>\n<\/div>\n<\/div>\n<\/div>\n<\/div>\n<\/div>\n<div>\n<div><\/div>\n<\/div>\n<\/div>\n<\/div>\n<\/div>\n<\/div>\n<\/div>\n<\/div>\n<\/div>\n<\/div>","protected":false},"excerpt":{"rendered":"<div>Product Name: Chaga Mushroom Extract<\/p>\n<div><\/div>\n<p>Raw Material Aliases: Chaga; Birch Mushroom; Siberian Ganoderma; Tree Mushroom<\/p>\n<div><\/div>\n<p>Latin Name: <em>Inonotus obliquus<\/em><\/p>\n<div><\/div>\n<p>Active Ingredients: Polysaccharides, inotodiol, various oxidized triterpenoids, trametenolic acid, various lanosterol\u2011type triterpenoids, folic acid derivatives, aromatic vanillic acid, syringic acid, \u03b3\u2011hydroxybenzoic acid, etc.<\/p>\n<div><\/div>\n<p>Specification: 10:1<\/p>\n<div><\/div>\n<p>Test Method: TLC<\/p>\n<div><\/div>\n<p>Color: Brownish yellow powder<\/p>\n<div><\/div>\n<p>Particle Size: 98% passes 80 mesh<\/p>\n<div><\/div>\n<p>Application Dosage Form: Wide range<\/p>\n<div><\/div>\n<p>Supply Time: Available all year round<\/p><\/div>\n<div><\/div>\n<div>Notas de compra<\/p>\n<div><\/div>\n<p>Packing Method: 25 kg per fiber drum or aluminum foil bag<\/p>\n<div><\/div>\n<p>Storage Conditions: Seal and protect from light; store in a dry, cool, and well\u2011ventilated place<\/p>\n<div><\/div>\n<p>Validade: 2 anos<\/p>\n<div><\/div>\n<p>Sample: Generally 5\u201320 g samples are available; some products may charge a sample fee<\/p>\n<div><\/div>\n<p>Product Packaging: Fiber drum or aluminum foil bag (packaging can be customized according to customer requirements)<\/p>\n<div><\/div>\n<p>Delivery Time: Non\u2011customized products are shipped within 48 hours; customized products are adjusted according to actual needs<\/p>\n<div><\/div>\n<p>Transportation Method: Domestic courier or logistics; the quoted price includes shipping costs<\/p><\/div>","protected":false},"featured_media":10705,"comment_status":"closed","ping_status":"closed","template":"","meta":[],"product_brand":[],"product_cat":[17,24],"product_tag":[],"class_list":{"0":"post-10704","1":"product","2":"type-product","3":"status-publish","4":"has-post-thumbnail","6":"product_cat-plant-extract","7":"product_cat-ratio-extract","9":"first","10":"instock","11":"shipping-taxable","12":"product-type-simple"},"_links":{"self":[{"href":"https:\/\/www.hvbio.com\/pt\/wp-json\/wp\/v2\/product\/10704","targetHints":{"allow":["GET"]}}],"collection":[{"href":"https:\/\/www.hvbio.com\/pt\/wp-json\/wp\/v2\/product"}],"about":[{"href":"https:\/\/www.hvbio.com\/pt\/wp-json\/wp\/v2\/types\/product"}],"replies":[{"embeddable":true,"href":"https:\/\/www.hvbio.com\/pt\/wp-json\/wp\/v2\/comments?post=10704"}],"wp:featuredmedia":[{"embeddable":true,"href":"https:\/\/www.hvbio.com\/pt\/wp-json\/wp\/v2\/media\/10705"}],"wp:attachment":[{"href":"https:\/\/www.hvbio.com\/pt\/wp-json\/wp\/v2\/media?parent=10704"}],"wp:term":[{"taxonomy":"product_brand","embeddable":true,"href":"https:\/\/www.hvbio.com\/pt\/wp-json\/wp\/v2\/product_brand?post=10704"},{"taxonomy":"product_cat","embeddable":true,"href":"https:\/\/www.hvbio.com\/pt\/wp-json\/wp\/v2\/product_cat?post=10704"},{"taxonomy":"product_tag","embeddable":true,"href":"https:\/\/www.hvbio.com\/pt\/wp-json\/wp\/v2\/product_tag?post=10704"}],"curies":[{"name":"wp","href":"https:\/\/api.w.org\/{rel}","templated":true}]}}