{"id":10779,"date":"2026-01-09T15:43:01","date_gmt":"2026-01-09T07:43:01","guid":{"rendered":"https:\/\/www.hvbio.com\/?post_type=product&#038;p=10779"},"modified":"2026-01-09T15:44:58","modified_gmt":"2026-01-09T07:44:58","slug":"muira-puama-extract","status":"publish","type":"product","link":"https:\/\/www.hvbio.com\/pt\/produto\/muira-puama-extract\/","title":{"rendered":"Muira Puama Extract"},"content":{"rendered":"<div>\n<div>\n<div>\n<div>\n<div>\n<div>\n<div>\n<div>\n<div>\n<div>\n<div dir=\"ltr\">\n<div>\n<div>\n<table style=\"height: 576px;\" width=\"943\">\n<thead>\n<tr>\n<th>Item<\/th>\n<th>Descri\u00e7\u00e3o<\/th>\n<\/tr>\n<\/thead>\n<tbody>\n<tr>\n<td>Nome do produto<\/td>\n<td>Muira Puama Extract<\/td>\n<\/tr>\n<tr>\n<td>Product Alias<\/td>\n<td>Muira-puama Extract<\/td>\n<\/tr>\n<tr>\n<td>Nome latino<\/td>\n<td><em>Ptychopetalum olacoides<\/em> Benth.<\/td>\n<\/tr>\n<tr>\n<td>Fonte de Extra\u00e7\u00e3o<\/td>\n<td>Extracted from the dried bark and roots of Muira Puama<\/td>\n<\/tr>\n<tr>\n<td>Especifica\u00e7\u00e3o<\/td>\n<td>10:1<\/td>\n<\/tr>\n<tr>\n<td>M\u00e9todo de teste<\/td>\n<td>TLC<\/td>\n<\/tr>\n<tr>\n<td>Apar\u00eancia<\/td>\n<td>P\u00f3 amarelo-acastanhado<\/td>\n<\/tr>\n<tr>\n<td>Tamanho de part\u00edcula<\/td>\n<td>98% passes 80 mesh<\/td>\n<\/tr>\n<tr>\n<td>Formul\u00e1rios de inscri\u00e7\u00e3o<\/td>\n<td>Wide range<\/td>\n<\/tr>\n<tr>\n<td>Tempo de fornecimento<\/td>\n<td>Dispon\u00edvel o ano todo<\/td>\n<\/tr>\n<tr>\n<td>Armazenar<\/td>\n<td>Store in a sealed container in a cool, dry and dark place, away from heat and moisture<\/td>\n<\/tr>\n<tr>\n<td>Prazo de validade<\/td>\n<td>2 anos<\/td>\n<\/tr>\n<\/tbody>\n<\/table>\n<\/div>\n<\/div>\n<div><\/div>\n<\/div>\n<\/div>\n<\/div>\n<\/div>\n<\/div>\n<\/div>\n<\/div>\n<\/div>\n<\/div>\n<\/div>\n<\/div>","protected":false},"excerpt":{"rendered":"<div>\n<p>Product Name: Muira Puama Extract<\/p>\n<div><\/div>\n<p>Product Alias: Muira\u2011puama Extract<\/p>\n<div><\/div>\n<p>Latin Name: <em>Ptychopetalum olacoides<\/em> Benth.<\/p>\n<div><\/div>\n<p>Extraction Source: Extracted from the dried bark and roots of Muira Puama<\/p>\n<div><\/div>\n<p>Specification: 10:1<\/p>\n<div><\/div>\n<p>Test Method: TLC<\/p>\n<div><\/div>\n<p>Appearance: Brownish\u2011yellow powder<\/p>\n<div><\/div>\n<p>Particle Size: 98% passes 80 mesh<\/p>\n<div><\/div>\n<p>Application Forms: Wide range<\/p>\n<div><\/div>\n<p>Supply Time: Available year\u2011round<\/p>\n<\/div>\n<div><\/div>\n<div>\n<p>Notas de compra<\/p>\n<div><\/div>\n<p>Packing Method: 25 kg per fiber drum or aluminum foil bag<\/p>\n<div><\/div>\n<p>Storage Conditions: Seal and protect from light; store in a dry, cool, and well\u2011ventilated place<\/p>\n<div><\/div>\n<p>Validade: 2 anos<\/p>\n<div><\/div>\n<p>Sample: Generally 5\u201320 g samples are available; some products may require a sample fee<\/p>\n<div><\/div>\n<p>Product Packaging: Packed in fiber drums or aluminum foil bags (custom packaging available upon request)<\/p>\n<div><\/div>\n<p>Delivery Time: Non\u2011customized products are shipped within 48 hours; delivery time for customized products is adjusted according to actual requirements<\/p>\n<div><\/div>\n<p>Packing Method: 25 kg\/drum or aluminum foil bag; packaging can be adjusted according to actual needs<\/p>\n<div><\/div>\n<p>Transportation: Domestic courier or logistics; quotation includes shipping cost<\/p>\n<div><\/div>\n<p>Storage Conditions: Seal and protect from light; store in a dry, cool, and well\u2011ventilated place<\/p>\n<\/div>","protected":false},"featured_media":10780,"comment_status":"closed","ping_status":"closed","template":"","meta":[],"product_brand":[],"product_cat":[17,24],"product_tag":[],"class_list":{"0":"post-10779","1":"product","2":"type-product","3":"status-publish","4":"has-post-thumbnail","6":"product_cat-plant-extract","7":"product_cat-ratio-extract","9":"first","10":"instock","11":"shipping-taxable","12":"product-type-simple"},"_links":{"self":[{"href":"https:\/\/www.hvbio.com\/pt\/wp-json\/wp\/v2\/product\/10779","targetHints":{"allow":["GET"]}}],"collection":[{"href":"https:\/\/www.hvbio.com\/pt\/wp-json\/wp\/v2\/product"}],"about":[{"href":"https:\/\/www.hvbio.com\/pt\/wp-json\/wp\/v2\/types\/product"}],"replies":[{"embeddable":true,"href":"https:\/\/www.hvbio.com\/pt\/wp-json\/wp\/v2\/comments?post=10779"}],"wp:featuredmedia":[{"embeddable":true,"href":"https:\/\/www.hvbio.com\/pt\/wp-json\/wp\/v2\/media\/10780"}],"wp:attachment":[{"href":"https:\/\/www.hvbio.com\/pt\/wp-json\/wp\/v2\/media?parent=10779"}],"wp:term":[{"taxonomy":"product_brand","embeddable":true,"href":"https:\/\/www.hvbio.com\/pt\/wp-json\/wp\/v2\/product_brand?post=10779"},{"taxonomy":"product_cat","embeddable":true,"href":"https:\/\/www.hvbio.com\/pt\/wp-json\/wp\/v2\/product_cat?post=10779"},{"taxonomy":"product_tag","embeddable":true,"href":"https:\/\/www.hvbio.com\/pt\/wp-json\/wp\/v2\/product_tag?post=10779"}],"curies":[{"name":"wp","href":"https:\/\/api.w.org\/{rel}","templated":true}]}}