{"id":10869,"date":"2026-03-26T11:13:30","date_gmt":"2026-03-26T03:13:30","guid":{"rendered":"https:\/\/www.hvbio.com\/?post_type=product&#038;p=10869"},"modified":"2026-03-26T11:53:54","modified_gmt":"2026-03-26T03:53:54","slug":"blueberry-powder-2","status":"publish","type":"product","link":"https:\/\/www.hvbio.com\/pt\/produto\/blueberry-powder-2\/","title":{"rendered":"P\u00f3 de mirtilo"},"content":{"rendered":"<div>\n<table style=\"height: 485px;\" width=\"780\">\n<thead>\n<tr>\n<th align=\"left\">Item<\/th>\n<th align=\"left\">Detalhes<\/th>\n<\/tr>\n<\/thead>\n<tbody>\n<tr>\n<td align=\"left\">Nome do produto<\/td>\n<td align=\"left\">P\u00f3 de mirtilo<\/td>\n<\/tr>\n<tr>\n<td align=\"left\">Product Synonyms<\/td>\n<td align=\"left\">Blueberry Fruit Powder, Blueberry Juice Powder<\/td>\n<\/tr>\n<tr>\n<td align=\"left\">Nome latino<\/td>\n<td align=\"left\">Vaccinium corymbosum L.<\/td>\n<\/tr>\n<tr>\n<td align=\"left\">Extracted From<\/td>\n<td align=\"left\">Fruta<\/td>\n<\/tr>\n<tr>\n<td align=\"left\">M\u00e9todo de teste<\/td>\n<td align=\"left\">Tested by TLC<\/td>\n<\/tr>\n<tr>\n<td align=\"left\">Apar\u00eancia<\/td>\n<td align=\"left\">P\u00f3 roxo<\/td>\n<\/tr>\n<tr>\n<td align=\"left\">Tamanho da malha<\/td>\n<td align=\"left\">98% pass through 80 mesh sieve<\/td>\n<\/tr>\n<tr>\n<td align=\"left\">Formul\u00e1rios de inscri\u00e7\u00e3o<\/td>\n<td align=\"left\">Ampla gama de aplica\u00e7\u00f5es<\/td>\n<\/tr>\n<tr>\n<td align=\"left\">Tempo de fornecimento<\/td>\n<td align=\"left\">Durante todo o ano<\/td>\n<\/tr>\n<tr>\n<td align=\"left\">Armazenar<\/td>\n<td align=\"left\">Store in a sealed container in a cool, dry and dark place away from heat and moisture<\/td>\n<\/tr>\n<tr>\n<td align=\"left\">Prazo de validade<\/td>\n<td align=\"left\">Dois anos<\/td>\n<\/tr>\n<\/tbody>\n<\/table>\n<\/div>","protected":false},"excerpt":{"rendered":"<h4>Detalhes do produto<\/h4>\n<h4><strong>Nome do produto<\/strong>: P\u00f3 de mirtilo<\/h4>\n<div><\/div>\n<h4><strong>Product Synonyms<\/strong>: Blueberry Fruit Powder, Blueberry Juice Powder<\/h4>\n<div><\/div>\n<h4><strong>Nome latino<\/strong>: Vaccinium corymbosum L.<\/h4>\n<div><\/div>\n<h4><strong>Extracted Source<\/strong>: Fruta<\/h4>\n<div><\/div>\n<h4><strong>M\u00e9todo de teste<\/strong>: Tested by TLC<\/h4>\n<div><\/div>\n<h4><strong>Apar\u00eancia<\/strong>: Purple powder<\/h4>\n<div><\/div>\n<h4><strong>Tamanho da malha<\/strong>: 98% pass through 80-mesh sieve<\/h4>\n<div><\/div>\n<h4><strong>Formul\u00e1rios de inscri\u00e7\u00e3o<\/strong>: Ampla gama de aplica\u00e7\u00f5es<\/h4>\n<div><\/div>\n<h4><strong>Tempo de fornecimento<\/strong>: All year round<\/h4>\n<h4><\/h4>\n<h4>Notes for Purchase<\/h4>\n<h4><\/h4>\n<h4><strong>M\u00e9todo de embalagem<\/strong>: 25 kg por tambor de papel\u00e3o ou saco de papel alum\u00ednio<\/h4>\n<div><\/div>\n<h4><strong>Condi\u00e7\u00f5es de armazenamento<\/strong>: Sealed and protected from light, stored in a dry, cool and well-ventilated place<\/h4>\n<div><\/div>\n<h4><strong>Per\u00edodo de validade<\/strong>:Dois anos<\/h4>\n<div><\/div>\n<h4><strong>Disponibilidade de amostra<\/strong>: 5\u201320 g small samples are provided for general products, and sample fees may apply for some products.<\/h4>\n<div><\/div>\n<h4><strong>Embalagem do produto<\/strong>: Packed in cardboard drums or aluminum foil bags (packaging can be customized according to customer requirements)<\/h4>\n<div><\/div>\n<h4><strong>Prazo de entrega<\/strong>: Non-customized products will be shipped within 48 hours; customized products will be adjusted according to actual needs.<\/h4>\n<div><\/div>\n<h4><strong>M\u00e9todo de embalagem<\/strong>: 25 kg per cardboard drum or aluminum foil bag; packaging can be adjusted according to actual conditions.<\/h4>\n<div><\/div>\n<h4><strong>M\u00e9todo de transporte<\/strong>: Domestic express delivery and logistics; the quoted price includes transportation cost.<\/h4>\n<div><\/div>\n<h4><strong>Condi\u00e7\u00f5es de armazenamento<\/strong>: Sealed and protected from light, stored in a dry, cool and well-ventilated place.<\/h4>","protected":false},"featured_media":10870,"comment_status":"closed","ping_status":"closed","template":"","meta":[],"product_brand":[],"product_cat":[18,20],"product_tag":[],"class_list":{"0":"post-10869","1":"product","2":"type-product","3":"status-publish","4":"has-post-thumbnail","6":"product_cat-fruit-and-vegetable-powder","7":"product_cat-fruit-powder","9":"first","10":"instock","11":"shipping-taxable","12":"product-type-simple"},"_links":{"self":[{"href":"https:\/\/www.hvbio.com\/pt\/wp-json\/wp\/v2\/product\/10869","targetHints":{"allow":["GET"]}}],"collection":[{"href":"https:\/\/www.hvbio.com\/pt\/wp-json\/wp\/v2\/product"}],"about":[{"href":"https:\/\/www.hvbio.com\/pt\/wp-json\/wp\/v2\/types\/product"}],"replies":[{"embeddable":true,"href":"https:\/\/www.hvbio.com\/pt\/wp-json\/wp\/v2\/comments?post=10869"}],"wp:featuredmedia":[{"embeddable":true,"href":"https:\/\/www.hvbio.com\/pt\/wp-json\/wp\/v2\/media\/10870"}],"wp:attachment":[{"href":"https:\/\/www.hvbio.com\/pt\/wp-json\/wp\/v2\/media?parent=10869"}],"wp:term":[{"taxonomy":"product_brand","embeddable":true,"href":"https:\/\/www.hvbio.com\/pt\/wp-json\/wp\/v2\/product_brand?post=10869"},{"taxonomy":"product_cat","embeddable":true,"href":"https:\/\/www.hvbio.com\/pt\/wp-json\/wp\/v2\/product_cat?post=10869"},{"taxonomy":"product_tag","embeddable":true,"href":"https:\/\/www.hvbio.com\/pt\/wp-json\/wp\/v2\/product_tag?post=10869"}],"curies":[{"name":"wp","href":"https:\/\/api.w.org\/{rel}","templated":true}]}}