{"id":10914,"date":"2026-04-02T15:13:29","date_gmt":"2026-04-02T07:13:29","guid":{"rendered":"https:\/\/www.hvbio.com\/?post_type=product&#038;p=10914"},"modified":"2026-04-02T15:13:30","modified_gmt":"2026-04-02T07:13:30","slug":"gentian-herb-extract","status":"publish","type":"product","link":"https:\/\/www.hvbio.com\/pt\/produto\/gentian-herb-extract\/","title":{"rendered":"Gentian Herb Extract"},"content":{"rendered":"<div>\n<div dir=\"ltr\">\n<div>\n<div>\n<table style=\"height: 682px;\" width=\"681\">\n<thead>\n<tr>\n<th>Item<\/th>\n<th>Contente<\/th>\n<\/tr>\n<\/thead>\n<tbody>\n<tr>\n<td>Nome do produto<\/td>\n<td>Gentian Herb Extract<\/td>\n<\/tr>\n<tr>\n<td>Aliases de produtos<\/td>\n<td>Gentian Herb Plant Extract Powder, Gentian Concentrated Extract, Water-soluble Gentian Extract, Wild Gentian Extract<\/td>\n<\/tr>\n<tr>\n<td>Nome cient\u00edfico latino<\/td>\n<td>Gentiana scabra Bunge<\/td>\n<\/tr>\n<tr>\n<td>Fonte de Extra\u00e7\u00e3o<\/td>\n<td>Root<\/td>\n<\/tr>\n<tr>\n<td>M\u00e9todo de teste<\/td>\n<td>TLC (Cromatografia em Camada Delgada)<\/td>\n<\/tr>\n<tr>\n<td>Especifica\u00e7\u00e3o do produto<\/td>\n<td>10:1<\/td>\n<\/tr>\n<tr>\n<td>Apar\u00eancia do produto<\/td>\n<td>Brownish yellow powder<\/td>\n<\/tr>\n<tr>\n<td>Tamanho da malha<\/td>\n<td>98% pass through 80-mesh sieve<\/td>\n<\/tr>\n<tr>\n<td>Formul\u00e1rio de aplica\u00e7\u00e3o de dosagem<\/td>\n<td>Amplamente aplic\u00e1vel<\/td>\n<\/tr>\n<tr>\n<td>Per\u00edodo de fornecimento<\/td>\n<td>Ano inteiro<\/td>\n<\/tr>\n<tr>\n<td>Armazenar<\/td>\n<td>Seal and store in a cool, dry, dark place; keep away from heat sources and moisture<\/td>\n<\/tr>\n<tr>\n<td>Prazo de validade<\/td>\n<td>Dois anos<\/td>\n<\/tr>\n<\/tbody>\n<\/table>\n<\/div>\n<\/div>\n<\/div>\n<\/div>","protected":false},"excerpt":{"rendered":"<h1>Detalhes do produto<\/h1>\n<div><\/div>\n<div>Product Name: Gentian Herb Extract<\/p>\n<div><\/div>\n<p>Product Aliases: Gentian Herb Plant Extract Powder, Gentian Concentrated Extract, Water-soluble Gentian Extract, Wild Gentian Extract<\/p>\n<div><\/div>\n<p>Latin Scientific Name: <em>Gentiana scabra Bunge<\/em><\/p>\n<div><\/div>\n<p>Extraction Source: Root<\/p>\n<div><\/div>\n<p>Test Method: TLC (Thin Layer Chromatography)<\/p>\n<div><\/div>\n<p>Product Specification: 10:1<\/p>\n<div><\/div>\n<p>Product Appearance: Brownish yellow powder<\/p>\n<div><\/div>\n<p>Mesh Size: 98% pass through 80-mesh sieve<\/p>\n<div><\/div>\n<p>Application Dosage Form: Widely applicable<\/p>\n<div><\/div>\n<p>Supply Period: Whole year<\/p><\/div>\n<div><\/div>\n<h1>Instru\u00e7\u00f5es de compra<\/h1>\n<div><\/div>\n<div>Packaging: 25 kg per cardboard drum or aluminum foil bag.<\/p>\n<div><\/div>\n<p>Storage Conditions: Keep sealed and away from light; store in a dry, cool and well-ventilated place.<\/p>\n<div><\/div>\n<p>Validity Period: Two years.<\/p>\n<div><\/div>\n<p>Sample Policy: Generally, 5\u201320 g of sample is provided for most products; sample fee may be charged for partial products.<\/p>\n<div><\/div>\n<p>Product Packaging: Cardboard drum or aluminum foil bag; customized packaging is available as required by customers.<\/p>\n<div><\/div>\n<p>Delivery Time: Non-customized products will be delivered within 48 hours; the delivery time of customized products can be adjusted according to actual needs.<\/p>\n<div><\/div>\n<p>Packaging Specification: 25 kg\/cardboard drum or aluminum foil bag, adjustable according to actual situations.<\/p>\n<div><\/div>\n<p>Transportation Mode: Domestic express and logistics services are available; the quotation includes freight charges.<\/p>\n<div><\/div>\n<p>Storage Requirements: Keep sealed, shaded, dry, cool and well ventilated.<\/p><\/div>","protected":false},"featured_media":10915,"comment_status":"closed","ping_status":"closed","template":"","meta":[],"product_brand":[],"product_cat":[17,23],"product_tag":[],"class_list":{"0":"post-10914","1":"product","2":"type-product","3":"status-publish","4":"has-post-thumbnail","6":"product_cat-plant-extract","7":"product_cat-standard-extract","9":"first","10":"instock","11":"shipping-taxable","12":"product-type-simple"},"_links":{"self":[{"href":"https:\/\/www.hvbio.com\/pt\/wp-json\/wp\/v2\/product\/10914","targetHints":{"allow":["GET"]}}],"collection":[{"href":"https:\/\/www.hvbio.com\/pt\/wp-json\/wp\/v2\/product"}],"about":[{"href":"https:\/\/www.hvbio.com\/pt\/wp-json\/wp\/v2\/types\/product"}],"replies":[{"embeddable":true,"href":"https:\/\/www.hvbio.com\/pt\/wp-json\/wp\/v2\/comments?post=10914"}],"wp:featuredmedia":[{"embeddable":true,"href":"https:\/\/www.hvbio.com\/pt\/wp-json\/wp\/v2\/media\/10915"}],"wp:attachment":[{"href":"https:\/\/www.hvbio.com\/pt\/wp-json\/wp\/v2\/media?parent=10914"}],"wp:term":[{"taxonomy":"product_brand","embeddable":true,"href":"https:\/\/www.hvbio.com\/pt\/wp-json\/wp\/v2\/product_brand?post=10914"},{"taxonomy":"product_cat","embeddable":true,"href":"https:\/\/www.hvbio.com\/pt\/wp-json\/wp\/v2\/product_cat?post=10914"},{"taxonomy":"product_tag","embeddable":true,"href":"https:\/\/www.hvbio.com\/pt\/wp-json\/wp\/v2\/product_tag?post=10914"}],"curies":[{"name":"wp","href":"https:\/\/api.w.org\/{rel}","templated":true}]}}