{"id":10924,"date":"2026-04-02T16:17:28","date_gmt":"2026-04-02T08:17:28","guid":{"rendered":"https:\/\/www.hvbio.com\/?post_type=product&#038;p=10924"},"modified":"2026-04-02T16:20:04","modified_gmt":"2026-04-02T08:20:04","slug":"leonurus-heterophyllus-extract","status":"publish","type":"product","link":"https:\/\/www.hvbio.com\/pt\/produto\/leonurus-heterophyllus-extract\/","title":{"rendered":"Leonurus Heterophyllus Extract"},"content":{"rendered":"<div>\n<table style=\"height: 626px;\" width=\"769\">\n<thead>\n<tr>\n<th>Item<\/th>\n<th>Detalhes<\/th>\n<\/tr>\n<\/thead>\n<tbody>\n<tr>\n<td>Nome do produto<\/td>\n<td>Leonurus Heterophyllus Extract<\/td>\n<\/tr>\n<tr>\n<td>Aliases de produtos<\/td>\n<td>Motherwort Extract, Yimucao Herb Extract, Chongwei Herb Extract, Wild Leonurus Extract<\/td>\n<\/tr>\n<tr>\n<td>Nome cient\u00edfico latino<\/td>\n<td>Leonurus heterophyllus Sweet<\/td>\n<\/tr>\n<tr>\n<td>Fonte de Extra\u00e7\u00e3o<\/td>\n<td>Whole herb<\/td>\n<\/tr>\n<tr>\n<td>M\u00e9todo de teste<\/td>\n<td>TLC (Cromatografia em Camada Delgada)<\/td>\n<\/tr>\n<tr>\n<td>Especifica\u00e7\u00e3o do produto<\/td>\n<td>10:1<\/td>\n<\/tr>\n<tr>\n<td>Apar\u00eancia do produto<\/td>\n<td>Brownish yellow powder<\/td>\n<\/tr>\n<tr>\n<td>Tamanho da malha<\/td>\n<td>98% passa por uma peneira de 80 malhas<\/td>\n<\/tr>\n<tr>\n<td>Formul\u00e1rio de aplica\u00e7\u00e3o de dosagem<\/td>\n<td>Amplamente aplic\u00e1vel<\/td>\n<\/tr>\n<tr>\n<td>Per\u00edodo de fornecimento<\/td>\n<td>Available all year round<\/td>\n<\/tr>\n<tr>\n<td>Armazenar<\/td>\n<td>Store in a sealed container in a cool, dry and dark place, away from heat sources and humid environments<\/td>\n<\/tr>\n<tr>\n<td>Prazo de validade<\/td>\n<td>Dois anos<\/td>\n<\/tr>\n<\/tbody>\n<\/table>\n<\/div>","protected":false},"excerpt":{"rendered":"<h1>Detalhes do produto<\/h1>\n<div>\n<p>Product Name: Leonurus Heterophyllus Extract<\/p>\n<div><\/div>\n<p>Product Aliases: Kuncao Extract, Leonurus Artemisia Herb Extract, Chongwei Herb Extract, Wild Motherwort Extract<\/p>\n<div><\/div>\n<p>Latin Scientific Name: Leonurus heterophyllus Sweet<\/p>\n<div><\/div>\n<p>Extraction Source: Whole herb<\/p>\n<div><\/div>\n<p>Test Method: TLC (Thin Layer Chromatography)<\/p>\n<div><\/div>\n<p>Product Specification: 10:1<\/p>\n<div><\/div>\n<p>Product Appearance: Brownish yellow powder<\/p>\n<div><\/div>\n<p>Mesh Size: 98% pass through an 80-mesh sieve<\/p>\n<div><\/div>\n<p>Application Dosage Form: Widely applicable<\/p>\n<div><\/div>\n<p>Supply Period: Available all year round<\/p>\n<\/div>\n<div><\/div>\n<h1>Instru\u00e7\u00f5es de compra<\/h1>\n<div><\/div>\n<div>\n<p>Packaging: 25 kilograms per cardboard drum or aluminum foil bag.<\/p>\n<div><\/div>\n<p>Storage Conditions: Keep sealed and away from light; store in a dry, cool and well-ventilated place.<\/p>\n<div><\/div>\n<p>Validity Period: Two years.<\/p>\n<div><\/div>\n<p>Sample Service: Generally, 5 to 20 grams of free samples are provided for most products; sample fees will be charged for some items.<\/p>\n<div><\/div>\n<p>Product Packaging: Packed in cardboard drums or aluminum foil bags; customized packaging is available according to customers&#8217; requirements.<\/p>\n<div><\/div>\n<p>Delivery Time: Non-customized products will be shipped within 48 hours; the delivery time for customized products will be adjusted according to actual needs.<\/p>\n<div><\/div>\n<p>Packaging Specification: 25 kg per cardboard drum or aluminum foil bag, adjustable according to actual situations.<\/p>\n<div><\/div>\n<p>Transportation Mode: Domestic express delivery and logistics services are adopted; the quotation includes transportation costs.<\/p>\n<div><\/div>\n<p>Storage Requirements: Keep sealed, shaded, dry, cool and well ventilated.<\/p>\n<\/div>","protected":false},"featured_media":10925,"comment_status":"closed","ping_status":"closed","template":"","meta":[],"product_brand":[],"product_cat":[17,23],"product_tag":[],"class_list":{"0":"post-10924","1":"product","2":"type-product","3":"status-publish","4":"has-post-thumbnail","6":"product_cat-plant-extract","7":"product_cat-standard-extract","9":"first","10":"instock","11":"shipping-taxable","12":"product-type-simple"},"_links":{"self":[{"href":"https:\/\/www.hvbio.com\/pt\/wp-json\/wp\/v2\/product\/10924","targetHints":{"allow":["GET"]}}],"collection":[{"href":"https:\/\/www.hvbio.com\/pt\/wp-json\/wp\/v2\/product"}],"about":[{"href":"https:\/\/www.hvbio.com\/pt\/wp-json\/wp\/v2\/types\/product"}],"replies":[{"embeddable":true,"href":"https:\/\/www.hvbio.com\/pt\/wp-json\/wp\/v2\/comments?post=10924"}],"wp:featuredmedia":[{"embeddable":true,"href":"https:\/\/www.hvbio.com\/pt\/wp-json\/wp\/v2\/media\/10925"}],"wp:attachment":[{"href":"https:\/\/www.hvbio.com\/pt\/wp-json\/wp\/v2\/media?parent=10924"}],"wp:term":[{"taxonomy":"product_brand","embeddable":true,"href":"https:\/\/www.hvbio.com\/pt\/wp-json\/wp\/v2\/product_brand?post=10924"},{"taxonomy":"product_cat","embeddable":true,"href":"https:\/\/www.hvbio.com\/pt\/wp-json\/wp\/v2\/product_cat?post=10924"},{"taxonomy":"product_tag","embeddable":true,"href":"https:\/\/www.hvbio.com\/pt\/wp-json\/wp\/v2\/product_tag?post=10924"}],"curies":[{"name":"wp","href":"https:\/\/api.w.org\/{rel}","templated":true}]}}