{"id":10937,"date":"2026-04-03T09:47:16","date_gmt":"2026-04-03T01:47:16","guid":{"rendered":"https:\/\/www.hvbio.com\/?post_type=product&#038;p=10937"},"modified":"2026-04-03T14:14:15","modified_gmt":"2026-04-03T06:14:15","slug":"parthenolide-0-8-2","status":"publish","type":"product","link":"https:\/\/www.hvbio.com\/pt\/produto\/parthenolide-0-8-2\/","title":{"rendered":"Partenolida 0,8%"},"content":{"rendered":"<div>\n<table style=\"height: 576px;\" width=\"931\">\n<thead>\n<tr>\n<th>Item<\/th>\n<th>Contente<\/th>\n<\/tr>\n<\/thead>\n<tbody>\n<tr>\n<td>Nome do produto<\/td>\n<td>Partenolida 0,8%<\/td>\n<\/tr>\n<tr>\n<td>Aliases de produtos<\/td>\n<td>Feverfew Element, (-)-Parthenolide, Wild Chamomile Lactone<\/td>\n<\/tr>\n<tr>\n<td>Nome cient\u00edfico latino<\/td>\n<td>Tanacetum parthenium<\/td>\n<\/tr>\n<tr>\n<td>Fonte de Extra\u00e7\u00e3o<\/td>\n<td>Flower<\/td>\n<\/tr>\n<tr>\n<td>M\u00e9todo de teste<\/td>\n<td>TLC (Cromatografia em Camada Delgada)<\/td>\n<\/tr>\n<tr>\n<td>Especifica\u00e7\u00e3o do produto<\/td>\n<td>0.8%<\/td>\n<\/tr>\n<tr>\n<td>Apar\u00eancia do produto<\/td>\n<td>Brownish yellow powder<\/td>\n<\/tr>\n<tr>\n<td>Tamanho da malha<\/td>\n<td>98% pass through 80-mesh sieve<\/td>\n<\/tr>\n<tr>\n<td>Formul\u00e1rio de aplica\u00e7\u00e3o de dosagem<\/td>\n<td>Amplamente aplic\u00e1vel<\/td>\n<\/tr>\n<tr>\n<td>Per\u00edodo de fornecimento<\/td>\n<td>Available all year round<\/td>\n<\/tr>\n<tr>\n<td>Armazenar<\/td>\n<td>Conservar em recipiente fechado, em local fresco, seco e escuro, longe de fontes de calor e ambientes \u00famidos.<\/td>\n<\/tr>\n<tr>\n<td>Prazo de validade<\/td>\n<td>Dois anos<\/td>\n<\/tr>\n<\/tbody>\n<\/table>\n<\/div>","protected":false},"excerpt":{"rendered":"<h1>Detalhes do produto<\/h1>\n<div><\/div>\n<div>\n<p>Product Name: Parthenolide 0.8%<\/p>\n<div><\/div>\n<p>Product Aliases: Parthenolide extract, (-)-Parthenolide, Wild feverfew lactone<\/p>\n<div><\/div>\n<p>Latin Scientific Name: Tanacetum parthenium<\/p>\n<div><\/div>\n<p>Extraction Source: Flowers<\/p>\n<div><\/div>\n<p>Test Method: TLC (Thin Layer Chromatography)<\/p>\n<div><\/div>\n<p>Product Specification: 0.8%<\/p>\n<div><\/div>\n<p>Product Appearance: Brownish yellow powder<\/p>\n<div><\/div>\n<p>Mesh Size: 98% passes through an 80-mesh sieve<\/p>\n<div><\/div>\n<p>Application Dosage Form: Widely applicable<\/p>\n<div><\/div>\n<p>Supply Period: Available all year round<\/p>\n<\/div>\n<div><\/div>\n<h1>Instru\u00e7\u00f5es de compra<\/h1>\n<div><\/div>\n<div>\n<p>Packaging: 25 kilograms per cardboard drum or aluminum foil bag.<\/p>\n<div><\/div>\n<p>Storage Conditions: Keep sealed and protected from light, store in a dry, cool and well-ventilated place.<\/p>\n<div><\/div>\n<p>Validity Period: Two years.<\/p>\n<div><\/div>\n<p>Sample Service: Generally, 5 to 20 grams of samples are provided for most products; sample fees may be charged for part of the products.<\/p>\n<div><\/div>\n<p>Product Packaging: Packed in cardboard drums or aluminum foil bags, and customized packaging is available according to customer requirements.<\/p>\n<div><\/div>\n<p>Delivery Time: Non-customized products will be shipped within 48 hours; the delivery time for customized products will be adjusted according to actual conditions.<\/p>\n<div><\/div>\n<p>Packaging Specification: 25 kg per cardboard drum or aluminum foil bag, which can be adjusted as required.<\/p>\n<div><\/div>\n<p>Transportation Mode: Domestic express and logistics services are provided, and the quotation includes transportation fees.<\/p>\n<div><\/div>\n<p>Storage Requirements: Keep sealed and away from light; store in a dry, cool and well-ventilated environment.<\/p>\n<\/div>","protected":false},"featured_media":10938,"comment_status":"closed","ping_status":"closed","template":"","meta":[],"product_brand":[],"product_cat":[17,23],"product_tag":[],"class_list":{"0":"post-10937","1":"product","2":"type-product","3":"status-publish","4":"has-post-thumbnail","6":"product_cat-plant-extract","7":"product_cat-standard-extract","9":"first","10":"instock","11":"shipping-taxable","12":"product-type-simple"},"_links":{"self":[{"href":"https:\/\/www.hvbio.com\/pt\/wp-json\/wp\/v2\/product\/10937","targetHints":{"allow":["GET"]}}],"collection":[{"href":"https:\/\/www.hvbio.com\/pt\/wp-json\/wp\/v2\/product"}],"about":[{"href":"https:\/\/www.hvbio.com\/pt\/wp-json\/wp\/v2\/types\/product"}],"replies":[{"embeddable":true,"href":"https:\/\/www.hvbio.com\/pt\/wp-json\/wp\/v2\/comments?post=10937"}],"wp:featuredmedia":[{"embeddable":true,"href":"https:\/\/www.hvbio.com\/pt\/wp-json\/wp\/v2\/media\/10938"}],"wp:attachment":[{"href":"https:\/\/www.hvbio.com\/pt\/wp-json\/wp\/v2\/media?parent=10937"}],"wp:term":[{"taxonomy":"product_brand","embeddable":true,"href":"https:\/\/www.hvbio.com\/pt\/wp-json\/wp\/v2\/product_brand?post=10937"},{"taxonomy":"product_cat","embeddable":true,"href":"https:\/\/www.hvbio.com\/pt\/wp-json\/wp\/v2\/product_cat?post=10937"},{"taxonomy":"product_tag","embeddable":true,"href":"https:\/\/www.hvbio.com\/pt\/wp-json\/wp\/v2\/product_tag?post=10937"}],"curies":[{"name":"wp","href":"https:\/\/api.w.org\/{rel}","templated":true}]}}