{"id":10973,"date":"2026-04-09T15:40:51","date_gmt":"2026-04-09T07:40:51","guid":{"rendered":"https:\/\/www.hvbio.com\/?post_type=product&#038;p=10973"},"modified":"2026-04-09T15:40:51","modified_gmt":"2026-04-09T07:40:51","slug":"artichoke-extract","status":"publish","type":"product","link":"https:\/\/www.hvbio.com\/pt\/produto\/artichoke-extract\/","title":{"rendered":"Artichoke Extract"},"content":{"rendered":"<div>\n<table style=\"height: 578px;\" width=\"690\">\n<thead>\n<tr>\n<th align=\"left\">Item<\/th>\n<th align=\"left\">Detalhes<\/th>\n<\/tr>\n<\/thead>\n<tbody>\n<tr>\n<td align=\"left\">Nome do produto<\/td>\n<td align=\"left\">Artichoke Extract<\/td>\n<\/tr>\n<tr>\n<td align=\"left\">Synonyms<\/td>\n<td align=\"left\">Globe Artichoke Extract, Cynara Extract<\/td>\n<\/tr>\n<tr>\n<td align=\"left\">Nome latino<\/td>\n<td align=\"left\">Cynara scolymus L.<\/td>\n<\/tr>\n<tr>\n<td align=\"left\">Extracted From<\/td>\n<td align=\"left\">Folhas<\/td>\n<\/tr>\n<tr>\n<td align=\"left\">Especifica\u00e7\u00e3o<\/td>\n<td align=\"left\">10:1<\/td>\n<\/tr>\n<tr>\n<td align=\"left\">M\u00e9todo de teste<\/td>\n<td align=\"left\">TLC<\/td>\n<\/tr>\n<tr>\n<td align=\"left\">Apar\u00eancia<\/td>\n<td align=\"left\">P\u00f3 marrom<\/td>\n<\/tr>\n<tr>\n<td align=\"left\">Tamanho da malha<\/td>\n<td align=\"left\">98% pass through 80 mesh sieve<\/td>\n<\/tr>\n<tr>\n<td align=\"left\">Formul\u00e1rio de aplica\u00e7\u00e3o de dosagem<\/td>\n<td align=\"left\">Ampla gama de aplica\u00e7\u00f5es<\/td>\n<\/tr>\n<tr>\n<td align=\"left\">Tempo de fornecimento<\/td>\n<td align=\"left\">Durante todo o ano<\/td>\n<\/tr>\n<tr>\n<td align=\"left\">Armazenar<\/td>\n<td align=\"left\">Store in a sealed container in a cool, dry and dark place, away from heat and moisture<\/td>\n<\/tr>\n<tr>\n<td align=\"left\">Prazo de validade<\/td>\n<td align=\"left\">Dois anos<\/td>\n<\/tr>\n<\/tbody>\n<\/table>\n<\/div>","protected":false},"excerpt":{"rendered":"<h4>Detalhes do produto<\/h4>\n<h4><strong>Nome do produto<\/strong>: Artichoke Extract<\/h4>\n<div><\/div>\n<h4><strong>Synonyms<\/strong>: Globe Artichoke Extract, Cynara Extract<\/h4>\n<div><\/div>\n<h4><strong>Botanical Source<\/strong>: <em>Cynara scolymus L.<\/em><\/h4>\n<div><\/div>\n<h4><strong>Parte usada<\/strong>: Leaves<\/h4>\n<div><\/div>\n<h4><strong>Especifica\u00e7\u00e3o<\/strong>: 10:1<\/h4>\n<div><\/div>\n<h4><strong>M\u00e9todo de teste<\/strong>: TLC<\/h4>\n<div><\/div>\n<h4><strong>Apar\u00eancia<\/strong>: Brown Powder<\/h4>\n<div><\/div>\n<h4><strong>Tamanho da malha<\/strong>: 98% pass 80 mesh sieve<\/h4>\n<div><\/div>\n<h4><strong>Formas de dosagem de aplica\u00e7\u00e3o<\/strong>: Ampla gama de aplica\u00e7\u00f5es<\/h4>\n<div><\/div>\n<h4><strong>Per\u00edodo de fornecimento<\/strong>: All year round<\/h4>\n<h4><\/h4>\n<h4>Notas de compra<\/h4>\n<h4><\/h4>\n<h4>\u3010Packaging\u301125kg per cardboard drum or aluminum foil bag.<\/h4>\n<div><\/div>\n<h4>\u3010Storage Conditions\u3011Sealed and protected from light, stored in a dry, cool and well-ventilated area.<\/h4>\n<div><\/div>\n<h4><strong>Prazo de validade<\/strong>: Two years.<\/h4>\n<div><\/div>\n<h4>\u3010Sample Availability\u30115-20g samples are provided for general products, and some samples are charged.<\/h4>\n<div><\/div>\n<h4>\u3010Product Packaging\u3011Packed in cardboard drums or aluminum foil bags (can be packaged according to customer requirements).<\/h4>\n<div><\/div>\n<h4>\u3010Delivery Time\u3011Non-customized products will be shipped within 48 hours; customized products will be adjusted according to actual needs.<\/h4>\n<div><\/div>\n<h4>\u3010Packaging\u301125kg\/cardboard drum or aluminum foil bag, packaging can be adjusted according to actual conditions.<\/h4>\n<div><\/div>\n<h4>\u3010Transportation\u3011Domestic express delivery and logistics; the quoted price includes freight.<\/h4>\n<div><\/div>\n<h4>\u3010Storage Conditions\u3011Sealed and protected from light, in a dry, cool and well-ventilated place.<\/h4>","protected":false},"featured_media":10974,"comment_status":"closed","ping_status":"closed","template":"","meta":[],"product_brand":[],"product_cat":[17,23],"product_tag":[],"class_list":{"0":"post-10973","1":"product","2":"type-product","3":"status-publish","4":"has-post-thumbnail","6":"product_cat-plant-extract","7":"product_cat-standard-extract","9":"first","10":"instock","11":"shipping-taxable","12":"product-type-simple"},"_links":{"self":[{"href":"https:\/\/www.hvbio.com\/pt\/wp-json\/wp\/v2\/product\/10973","targetHints":{"allow":["GET"]}}],"collection":[{"href":"https:\/\/www.hvbio.com\/pt\/wp-json\/wp\/v2\/product"}],"about":[{"href":"https:\/\/www.hvbio.com\/pt\/wp-json\/wp\/v2\/types\/product"}],"replies":[{"embeddable":true,"href":"https:\/\/www.hvbio.com\/pt\/wp-json\/wp\/v2\/comments?post=10973"}],"wp:featuredmedia":[{"embeddable":true,"href":"https:\/\/www.hvbio.com\/pt\/wp-json\/wp\/v2\/media\/10974"}],"wp:attachment":[{"href":"https:\/\/www.hvbio.com\/pt\/wp-json\/wp\/v2\/media?parent=10973"}],"wp:term":[{"taxonomy":"product_brand","embeddable":true,"href":"https:\/\/www.hvbio.com\/pt\/wp-json\/wp\/v2\/product_brand?post=10973"},{"taxonomy":"product_cat","embeddable":true,"href":"https:\/\/www.hvbio.com\/pt\/wp-json\/wp\/v2\/product_cat?post=10973"},{"taxonomy":"product_tag","embeddable":true,"href":"https:\/\/www.hvbio.com\/pt\/wp-json\/wp\/v2\/product_tag?post=10973"}],"curies":[{"name":"wp","href":"https:\/\/api.w.org\/{rel}","templated":true}]}}