{"id":10978,"date":"2026-04-09T16:26:36","date_gmt":"2026-04-09T08:26:36","guid":{"rendered":"https:\/\/www.hvbio.com\/?post_type=product&#038;p=10978"},"modified":"2026-04-09T16:30:59","modified_gmt":"2026-04-09T08:30:59","slug":"burdock-root-extract","status":"publish","type":"product","link":"https:\/\/www.hvbio.com\/pt\/produto\/burdock-root-extract\/","title":{"rendered":"Burdock Root Extract"},"content":{"rendered":"<div>\n<table style=\"height: 511px;\" width=\"712\">\n<thead>\n<tr>\n<th align=\"left\">Item<\/th>\n<th align=\"left\">Detalhes<\/th>\n<\/tr>\n<\/thead>\n<tbody>\n<tr>\n<td align=\"left\">Nome do produto<\/td>\n<td align=\"left\">Burdock Root Extract<\/td>\n<\/tr>\n<tr>\n<td align=\"left\">Synonyms<\/td>\n<td align=\"left\">Greater Burdock Extract, Arctium Extract<\/td>\n<\/tr>\n<tr>\n<td align=\"left\">Nome latino<\/td>\n<td align=\"left\">Arctium lappa L.<\/td>\n<\/tr>\n<tr>\n<td align=\"left\">Extracted From<\/td>\n<td align=\"left\">Root<\/td>\n<\/tr>\n<tr>\n<td align=\"left\">Especifica\u00e7\u00e3o<\/td>\n<td align=\"left\">10:1<\/td>\n<\/tr>\n<tr>\n<td align=\"left\">M\u00e9todo de teste<\/td>\n<td align=\"left\">TLC<\/td>\n<\/tr>\n<tr>\n<td align=\"left\">Apar\u00eancia<\/td>\n<td align=\"left\">P\u00f3 amarelo-acastanhado<\/td>\n<\/tr>\n<tr>\n<td align=\"left\">Tamanho da malha<\/td>\n<td align=\"left\">98% pass through 80 mesh sieve<\/td>\n<\/tr>\n<tr>\n<td align=\"left\">Formul\u00e1rio de aplica\u00e7\u00e3o de dosagem<\/td>\n<td align=\"left\">Ampla gama de aplica\u00e7\u00f5es<\/td>\n<\/tr>\n<tr>\n<td align=\"left\">Tempo de fornecimento<\/td>\n<td align=\"left\">Durante todo o ano<\/td>\n<\/tr>\n<tr>\n<td align=\"left\">Armazenar<\/td>\n<td align=\"left\">Store in a sealed container in a cool, dry and dark place, away from heat and moisture<\/td>\n<\/tr>\n<tr>\n<td align=\"left\">Prazo de validade<\/td>\n<td align=\"left\">Dois anos<\/td>\n<\/tr>\n<\/tbody>\n<\/table>\n<\/div>","protected":false},"excerpt":{"rendered":"<h4>Detalhes do produto<\/h4>\n<h4>Product Name: Burdock Root Extract<\/h4>\n<h4>Synonyms: Burdock Extract, Fructus Arctii Root Extract, Arctium Lappa Root Extract<\/h4>\n<h4>Latin Name: Arctium lappa L.<\/h4>\n<h4>Extracted From: Root<\/h4>\n<h4>Specification: 10:1<\/h4>\n<h4>Test Method: TLC<\/h4>\n<h4>Apar\u00eancia: P\u00f3 amarelo-acastanhado<\/h4>\n<h4>Mesh Size: 98% pass through 80 mesh sieve<\/h4>\n<h4>Forma de dosagem de aplica\u00e7\u00e3o: Ampla gama de aplica\u00e7\u00f5es<\/h4>\n<h4>Per\u00edodo de fornecimento: durante todo o ano<\/h4>\n<h4>Notas de compra<\/h4>\n<h4>Packaging: 25kg per cardboard drum or aluminum foil bag<\/h4>\n<h4>Storage Conditions: Sealed and protected from light, stored in a dry, cool and well-ventilated place<\/h4>\n<h4>Prazo de validade: dois anos<\/h4>\n<h4>Sample: 5-20g samples are provided for general products, and some products are subject to sample fees.<\/h4>\n<h4>Product Packaging: Packed in cardboard drums or aluminum foil bags (can be packaged according to customer requirements)<\/h4>\n<h4>Delivery Time: Non-customized products will be shipped within 48 hours; customized products will be adjusted according to actual needs.<\/h4>\n<h4>Packaging: 25kg\/cardboard drum or aluminum foil bag, packaging can be adjusted according to actual conditions.<\/h4>\n<h4>Transportation: Domestic express delivery and logistics; the quoted price includes freight.<\/h4>\n<h4>Storage Conditions: Sealed and protected from light, stored in a dry, cool and well-ventilated place.<\/h4>","protected":false},"featured_media":10979,"comment_status":"closed","ping_status":"closed","template":"","meta":[],"product_brand":[],"product_cat":[17,23],"product_tag":[],"class_list":{"0":"post-10978","1":"product","2":"type-product","3":"status-publish","4":"has-post-thumbnail","6":"product_cat-plant-extract","7":"product_cat-standard-extract","9":"first","10":"instock","11":"shipping-taxable","12":"product-type-simple"},"_links":{"self":[{"href":"https:\/\/www.hvbio.com\/pt\/wp-json\/wp\/v2\/product\/10978","targetHints":{"allow":["GET"]}}],"collection":[{"href":"https:\/\/www.hvbio.com\/pt\/wp-json\/wp\/v2\/product"}],"about":[{"href":"https:\/\/www.hvbio.com\/pt\/wp-json\/wp\/v2\/types\/product"}],"replies":[{"embeddable":true,"href":"https:\/\/www.hvbio.com\/pt\/wp-json\/wp\/v2\/comments?post=10978"}],"wp:featuredmedia":[{"embeddable":true,"href":"https:\/\/www.hvbio.com\/pt\/wp-json\/wp\/v2\/media\/10979"}],"wp:attachment":[{"href":"https:\/\/www.hvbio.com\/pt\/wp-json\/wp\/v2\/media?parent=10978"}],"wp:term":[{"taxonomy":"product_brand","embeddable":true,"href":"https:\/\/www.hvbio.com\/pt\/wp-json\/wp\/v2\/product_brand?post=10978"},{"taxonomy":"product_cat","embeddable":true,"href":"https:\/\/www.hvbio.com\/pt\/wp-json\/wp\/v2\/product_cat?post=10978"},{"taxonomy":"product_tag","embeddable":true,"href":"https:\/\/www.hvbio.com\/pt\/wp-json\/wp\/v2\/product_tag?post=10978"}],"curies":[{"name":"wp","href":"https:\/\/api.w.org\/{rel}","templated":true}]}}