{"id":17,"date":"2025-07-24T09:32:39","date_gmt":"2025-07-24T01:32:39","guid":{"rendered":"https:\/\/hvbio.com\/?post_type=product&#038;p=17"},"modified":"2025-08-13T14:51:36","modified_gmt":"2025-08-13T06:51:36","slug":"beetroot-powder","status":"publish","type":"product","link":"https:\/\/www.hvbio.com\/pt\/produto\/beetroot-powder\/","title":{"rendered":"P\u00f3 de beterraba"},"content":{"rendered":"<table class=\"wp-block-table\">\n<thead>\n<tr>\n<th colspan=\"2\">Informa\u00e7\u00f5es sobre o produto p\u00f3 de beterraba vermelha<\/th>\n<\/tr>\n<\/thead>\n<tbody>\n<tr>\n<td><strong>Nome do produto<\/strong><\/td>\n<td>P\u00f3 de beterraba vermelha<\/td>\n<\/tr>\n<tr>\n<td><strong>Pseud\u00f4nimo<\/strong><\/td>\n<td>P\u00f3 de beterraba, p\u00f3 de beterraba vermelha<\/td>\n<\/tr>\n<tr>\n<td><strong>Solvente de extra\u00e7\u00e3o e parte usada<\/strong><\/td>\n<td>O solvente de extra\u00e7\u00e3o geralmente \u00e9 \u00e1gua; a parte utilizada \u00e9 a raiz da beterraba vermelha<\/td>\n<\/tr>\n<tr>\n<td><strong>Apar\u00eancia<\/strong><\/td>\n<td>Geralmente um p\u00f3 vermelho-p\u00farpura a vermelho escuro com um odor caracter\u00edstico de beterraba e sabor ligeiramente adocicado<\/td>\n<\/tr>\n<tr>\n<td><strong>M\u00e9todo de detec\u00e7\u00e3o<\/strong><\/td>\n<td>TLC<\/td>\n<\/tr>\n<tr>\n<td><strong>Condi\u00e7\u00f5es de armazenamento<\/strong><\/td>\n<td>Armazene em recipiente fechado, em local fresco, seco e com sombra, evitando altas temperaturas e umidade.<\/td>\n<\/tr>\n<tr>\n<td><strong>Prazo de validade<\/strong><\/td>\n<td>Dois anos<\/td>\n<\/tr>\n<\/tbody>\n<\/table>","protected":false},"excerpt":{"rendered":"<p>Red Beetroot Powder Product Information Product Name Red Beetroot Powder Alias Beetroot powder, Red beet powder Extraction Solvent &amp; Part<\/p>","protected":false},"featured_media":9377,"comment_status":"open","ping_status":"closed","template":"","meta":[],"product_brand":[],"product_cat":[18,19],"product_tag":[],"class_list":{"0":"post-17","1":"product","2":"type-product","3":"status-publish","4":"has-post-thumbnail","6":"product_cat-fruit-and-vegetable-powder","7":"product_cat-vegetable-powders","9":"first","10":"instock","11":"shipping-taxable","12":"product-type-simple"},"_links":{"self":[{"href":"https:\/\/www.hvbio.com\/pt\/wp-json\/wp\/v2\/product\/17","targetHints":{"allow":["GET"]}}],"collection":[{"href":"https:\/\/www.hvbio.com\/pt\/wp-json\/wp\/v2\/product"}],"about":[{"href":"https:\/\/www.hvbio.com\/pt\/wp-json\/wp\/v2\/types\/product"}],"replies":[{"embeddable":true,"href":"https:\/\/www.hvbio.com\/pt\/wp-json\/wp\/v2\/comments?post=17"}],"wp:featuredmedia":[{"embeddable":true,"href":"https:\/\/www.hvbio.com\/pt\/wp-json\/wp\/v2\/media\/9377"}],"wp:attachment":[{"href":"https:\/\/www.hvbio.com\/pt\/wp-json\/wp\/v2\/media?parent=17"}],"wp:term":[{"taxonomy":"product_brand","embeddable":true,"href":"https:\/\/www.hvbio.com\/pt\/wp-json\/wp\/v2\/product_brand?post=17"},{"taxonomy":"product_cat","embeddable":true,"href":"https:\/\/www.hvbio.com\/pt\/wp-json\/wp\/v2\/product_cat?post=17"},{"taxonomy":"product_tag","embeddable":true,"href":"https:\/\/www.hvbio.com\/pt\/wp-json\/wp\/v2\/product_tag?post=17"}],"curies":[{"name":"wp","href":"https:\/\/api.w.org\/{rel}","templated":true}]}}