{"id":24,"date":"2025-07-24T09:44:04","date_gmt":"2025-07-24T01:44:04","guid":{"rendered":"https:\/\/hvbio.com\/?post_type=product&#038;p=24"},"modified":"2025-08-13T14:52:45","modified_gmt":"2025-08-13T06:52:45","slug":"broccoli-pollen","status":"publish","type":"product","link":"https:\/\/www.hvbio.com\/pt\/produto\/broccoli-pollen\/","title":{"rendered":"P\u00f3len de br\u00f3colis"},"content":{"rendered":"<table class=\"wp-block-table\">\n<thead>\n<tr>\n<th colspan=\"2\">Informa\u00e7\u00f5es sobre o produto Extrato de Br\u00f3colis<\/th>\n<\/tr>\n<\/thead>\n<tbody>\n<tr>\n<td><strong>Nome do produto<\/strong><\/td>\n<td>Extrato de br\u00f3colis<\/td>\n<\/tr>\n<tr>\n<td><strong>Ingrediente ativo<\/strong><\/td>\n<td>Sulforafano<\/td>\n<\/tr>\n<tr>\n<td><strong>Nome qu\u00edmico<\/strong><\/td>\n<td>1-isotiocianato-4-metilsulfinilbutano<\/td>\n<\/tr>\n<tr>\n<td><strong>Fonte de Extra\u00e7\u00e3o<\/strong><\/td>\n<td>Cabe\u00e7a de flor<\/td>\n<\/tr>\n<tr>\n<td><strong>Indicadores F\u00edsicos e Qu\u00edmicos<\/strong><\/td>\n<td>P\u00f3 amarelo acastanhado, facilmente sol\u00favel em \u00e1gua<\/td>\n<\/tr>\n<tr>\n<td><strong>M\u00e9todo de detec\u00e7\u00e3o<\/strong><\/td>\n<td>Detec\u00e7\u00e3o TLC<\/td>\n<\/tr>\n<tr>\n<td><strong>Especifica\u00e7\u00f5es do produto<\/strong><\/td>\n<td>Extrato de br\u00f3colis 10:1, outras especifica\u00e7\u00f5es como 20:1, 30:1 podem ser personalizadas de acordo com as necessidades do cliente<\/td>\n<\/tr>\n<tr>\n<td><strong>F\u00f3rmula molecular<\/strong><\/td>\n<td>C<sub>6<\/sub>H<sub>11<\/sub>S<sub>2<\/sub>N\u00c3O<\/td>\n<\/tr>\n<tr>\n<td><strong>N\u00famero CAS<\/strong><\/td>\n<td>142825-10-3<\/td>\n<\/tr>\n<tr>\n<td><strong>Peso molecular<\/strong><\/td>\n<td>177.29<\/td>\n<\/tr>\n<tr>\n<td><strong>Embalagem<\/strong><\/td>\n<td>1kg-5kg\/saco de papel alum\u00ednio, mais de 25kg\/tambor de papel\u00e3o (saco pl\u00e1stico interno de camada dupla, tambor de papel\u00e3o externo)<\/td>\n<\/tr>\n<tr>\n<td><strong>Prazo de validade<\/strong><\/td>\n<td>24 meses<\/td>\n<\/tr>\n<\/tbody>\n<\/table>","protected":false},"excerpt":{"rendered":"<p>Broccoli Extract Product Information Product Name Broccoli Extract Active Ingredient Sulforaphane Chemical Name 1-Isothiocyanato-4-methylsulfinylbutane Extraction Source Flower Head Physical and<\/p>","protected":false},"featured_media":9381,"comment_status":"open","ping_status":"closed","template":"","meta":[],"product_brand":[],"product_cat":[18,19],"product_tag":[],"class_list":{"0":"post-24","1":"product","2":"type-product","3":"status-publish","4":"has-post-thumbnail","6":"product_cat-fruit-and-vegetable-powder","7":"product_cat-vegetable-powders","9":"first","10":"instock","11":"shipping-taxable","12":"product-type-simple"},"_links":{"self":[{"href":"https:\/\/www.hvbio.com\/pt\/wp-json\/wp\/v2\/product\/24","targetHints":{"allow":["GET"]}}],"collection":[{"href":"https:\/\/www.hvbio.com\/pt\/wp-json\/wp\/v2\/product"}],"about":[{"href":"https:\/\/www.hvbio.com\/pt\/wp-json\/wp\/v2\/types\/product"}],"replies":[{"embeddable":true,"href":"https:\/\/www.hvbio.com\/pt\/wp-json\/wp\/v2\/comments?post=24"}],"wp:featuredmedia":[{"embeddable":true,"href":"https:\/\/www.hvbio.com\/pt\/wp-json\/wp\/v2\/media\/9381"}],"wp:attachment":[{"href":"https:\/\/www.hvbio.com\/pt\/wp-json\/wp\/v2\/media?parent=24"}],"wp:term":[{"taxonomy":"product_brand","embeddable":true,"href":"https:\/\/www.hvbio.com\/pt\/wp-json\/wp\/v2\/product_brand?post=24"},{"taxonomy":"product_cat","embeddable":true,"href":"https:\/\/www.hvbio.com\/pt\/wp-json\/wp\/v2\/product_cat?post=24"},{"taxonomy":"product_tag","embeddable":true,"href":"https:\/\/www.hvbio.com\/pt\/wp-json\/wp\/v2\/product_tag?post=24"}],"curies":[{"name":"wp","href":"https:\/\/api.w.org\/{rel}","templated":true}]}}