{"id":26,"date":"2025-07-24T09:46:58","date_gmt":"2025-07-24T01:46:58","guid":{"rendered":"https:\/\/hvbio.com\/?post_type=product&#038;p=26"},"modified":"2025-08-13T14:59:04","modified_gmt":"2025-08-13T06:59:04","slug":"coconut-powder","status":"publish","type":"product","link":"https:\/\/www.hvbio.com\/pt\/produto\/coconut-powder\/","title":{"rendered":"P\u00f3 de coco"},"content":{"rendered":"<table class=\"wp-block-table\">\n<thead>\n<tr>\n<th colspan=\"2\">Informa\u00e7\u00f5es sobre o produto em p\u00f3 de coco<\/th>\n<\/tr>\n<\/thead>\n<tbody>\n<tr>\n<td><strong>Descri\u00e7\u00e3o<\/strong><\/td>\n<td>Um l\u00edquido branco encontrado dentro do coco, tornando-o uma bebida excelente, refrescante e que sacia a sede. Quanto mais maduro o coco, maior o teor de prote\u00edna e gordura, resultando em uma cor mais escura do leite de coco. Ele se apresenta como um p\u00f3 claro.<\/td>\n<\/tr>\n<tr>\n<td><strong>Origem<\/strong><\/td>\n<td>Hainan, China<\/td>\n<\/tr>\n<tr>\n<td><strong>Op\u00e7\u00f5es de embalagem<\/strong><\/td>\n<td>25 kg por tambor de papel\u00e3o ou saco de papel alum\u00ednio<\/td>\n<\/tr>\n<tr>\n<td><strong>Condi\u00e7\u00f5es de armazenamento<\/strong><\/td>\n<td>Selar, proteger e armazenar em local seco, fresco e bem ventilado<\/td>\n<\/tr>\n<tr>\n<td><strong>Prazo de validade<\/strong><\/td>\n<td>24 meses<\/td>\n<\/tr>\n<tr>\n<td><strong>Embalagem do produto<\/strong><\/td>\n<td>Tambores de papel\u00e3o ou sacos de papel alum\u00ednio (personaliz\u00e1veis de acordo com as necessidades do cliente)<\/td>\n<\/tr>\n<\/tbody>\n<\/table>","protected":false},"excerpt":{"rendered":"<p>Coconut Powder Product Information Description A white liquid found inside coconuts, making it an excellent refreshing and thirst-quenching beverage. The<\/p>","protected":false},"featured_media":9386,"comment_status":"open","ping_status":"closed","template":"","meta":[],"product_brand":[],"product_cat":[18,20],"product_tag":[],"class_list":{"0":"post-26","1":"product","2":"type-product","3":"status-publish","4":"has-post-thumbnail","6":"product_cat-fruit-and-vegetable-powder","7":"product_cat-fruit-powder","9":"first","10":"instock","11":"shipping-taxable","12":"product-type-simple"},"_links":{"self":[{"href":"https:\/\/www.hvbio.com\/pt\/wp-json\/wp\/v2\/product\/26","targetHints":{"allow":["GET"]}}],"collection":[{"href":"https:\/\/www.hvbio.com\/pt\/wp-json\/wp\/v2\/product"}],"about":[{"href":"https:\/\/www.hvbio.com\/pt\/wp-json\/wp\/v2\/types\/product"}],"replies":[{"embeddable":true,"href":"https:\/\/www.hvbio.com\/pt\/wp-json\/wp\/v2\/comments?post=26"}],"wp:featuredmedia":[{"embeddable":true,"href":"https:\/\/www.hvbio.com\/pt\/wp-json\/wp\/v2\/media\/9386"}],"wp:attachment":[{"href":"https:\/\/www.hvbio.com\/pt\/wp-json\/wp\/v2\/media?parent=26"}],"wp:term":[{"taxonomy":"product_brand","embeddable":true,"href":"https:\/\/www.hvbio.com\/pt\/wp-json\/wp\/v2\/product_brand?post=26"},{"taxonomy":"product_cat","embeddable":true,"href":"https:\/\/www.hvbio.com\/pt\/wp-json\/wp\/v2\/product_cat?post=26"},{"taxonomy":"product_tag","embeddable":true,"href":"https:\/\/www.hvbio.com\/pt\/wp-json\/wp\/v2\/product_tag?post=26"}],"curies":[{"name":"wp","href":"https:\/\/api.w.org\/{rel}","templated":true}]}}