{"id":33,"date":"2025-07-24T09:47:44","date_gmt":"2025-07-24T01:47:44","guid":{"rendered":"https:\/\/hvbio.com\/?post_type=product&#038;p=33"},"modified":"2025-08-13T15:00:39","modified_gmt":"2025-08-13T07:00:39","slug":"mango-powder","status":"publish","type":"product","link":"https:\/\/www.hvbio.com\/pt\/produto\/mango-powder\/","title":{"rendered":"P\u00f3 de manga"},"content":{"rendered":"<table class=\"wp-block-table\">\n<thead>\n<tr>\n<th colspan=\"2\">Informa\u00e7\u00f5es sobre o produto em p\u00f3 de manga<\/th>\n<\/tr>\n<\/thead>\n<tbody>\n<tr>\n<td><strong>Nome do produto<\/strong><\/td>\n<td>P\u00f3 de manga<\/td>\n<\/tr>\n<tr>\n<td><strong>Nome latino<\/strong><\/td>\n<td>Mangifera indica L.<\/td>\n<\/tr>\n<tr>\n<td><strong>Parte usada<\/strong><\/td>\n<td>Polpa de manga<\/td>\n<\/tr>\n<tr>\n<td><strong>Introdu\u00e7\u00e3o ao produto<\/strong><\/td>\n<td>Feito de manga usando tecnologia avan\u00e7ada de secagem por pulveriza\u00e7\u00e3o, mantendo o sabor original da manga.<\/td>\n<\/tr>\n<tr>\n<td><strong>Apar\u00eancia<\/strong><\/td>\n<td>P\u00f3 laranja claro, testado em TLC.<\/td>\n<\/tr>\n<tr>\n<td><strong>Tamanho de part\u00edcula<\/strong><\/td>\n<td>98% passa por uma peneira de 80 malhas<\/td>\n<\/tr>\n<tr>\n<td><strong>Embalagem<\/strong><\/td>\n<td>25 kg por tambor de papel\u00e3o ou saco de papel alum\u00ednio<\/td>\n<\/tr>\n<tr>\n<td><strong>Condi\u00e7\u00f5es de armazenamento<\/strong><\/td>\n<td>Deve ser selado, protegido da luz, armazenado em local seco, fresco e bem ventilado<\/td>\n<\/tr>\n<tr>\n<td><strong>Prazo de validade<\/strong><\/td>\n<td>24 meses<\/td>\n<\/tr>\n<tr>\n<td><strong>Embalagem do produto<\/strong><\/td>\n<td>Embalado em tambores de papel\u00e3o ou sacos de papel alum\u00ednio (embalagem personalizada dispon\u00edvel mediante solicita\u00e7\u00e3o do cliente)<\/td>\n<\/tr>\n<\/tbody>\n<\/table>","protected":false},"excerpt":{"rendered":"<p>Mango Powder Product Information Product Name Mango Powder Latin Name Mangifera indica L. Part Used Mango pulp Product Introduction Made<\/p>","protected":false},"featured_media":9394,"comment_status":"open","ping_status":"closed","template":"","meta":[],"product_brand":[],"product_cat":[18,20],"product_tag":[],"class_list":{"0":"post-33","1":"product","2":"type-product","3":"status-publish","4":"has-post-thumbnail","6":"product_cat-fruit-and-vegetable-powder","7":"product_cat-fruit-powder","9":"first","10":"instock","11":"shipping-taxable","12":"product-type-simple"},"_links":{"self":[{"href":"https:\/\/www.hvbio.com\/pt\/wp-json\/wp\/v2\/product\/33","targetHints":{"allow":["GET"]}}],"collection":[{"href":"https:\/\/www.hvbio.com\/pt\/wp-json\/wp\/v2\/product"}],"about":[{"href":"https:\/\/www.hvbio.com\/pt\/wp-json\/wp\/v2\/types\/product"}],"replies":[{"embeddable":true,"href":"https:\/\/www.hvbio.com\/pt\/wp-json\/wp\/v2\/comments?post=33"}],"wp:featuredmedia":[{"embeddable":true,"href":"https:\/\/www.hvbio.com\/pt\/wp-json\/wp\/v2\/media\/9394"}],"wp:attachment":[{"href":"https:\/\/www.hvbio.com\/pt\/wp-json\/wp\/v2\/media?parent=33"}],"wp:term":[{"taxonomy":"product_brand","embeddable":true,"href":"https:\/\/www.hvbio.com\/pt\/wp-json\/wp\/v2\/product_brand?post=33"},{"taxonomy":"product_cat","embeddable":true,"href":"https:\/\/www.hvbio.com\/pt\/wp-json\/wp\/v2\/product_cat?post=33"},{"taxonomy":"product_tag","embeddable":true,"href":"https:\/\/www.hvbio.com\/pt\/wp-json\/wp\/v2\/product_tag?post=33"}],"curies":[{"name":"wp","href":"https:\/\/api.w.org\/{rel}","templated":true}]}}