{"id":34,"date":"2025-07-24T09:48:17","date_gmt":"2025-07-24T01:48:17","guid":{"rendered":"https:\/\/hvbio.com\/?post_type=product&#038;p=34"},"modified":"2025-08-13T15:02:04","modified_gmt":"2025-08-13T07:02:04","slug":"strawberry-powder","status":"publish","type":"product","link":"https:\/\/www.hvbio.com\/pt\/produto\/strawberry-powder\/","title":{"rendered":"P\u00f3 de morango"},"content":{"rendered":"<table class=\"wp-block-table\">\n<thead>\n<tr>\n<th colspan=\"2\">Strawberry Powder Product Information<\/th>\n<\/tr>\n<\/thead>\n<tbody>\n<tr>\n<td><strong>Nome do produto<\/strong><\/td>\n<td>P\u00f3 de Morango<\/td>\n<\/tr>\n<tr>\n<td><strong>Product Overview<\/strong><\/td>\n<td>Our company&#8217;s strawberry powder is made from high-quality strawberries and processed using advanced spray drying technology. It retains the natural flavor of strawberries and contains various vitamins and other substances. The powder has good flowability, excellent taste, easy solubility, and is easy to store.<\/td>\n<\/tr>\n<tr>\n<td><strong>Parte de uso<\/strong><\/td>\n<td>Fruta<\/td>\n<\/tr>\n<tr>\n<td><strong>Physical Characteristics<\/strong><\/td>\n<td>Pink powder, TLC tested.<\/td>\n<\/tr>\n<tr>\n<td><strong>Tamanho da malha do produto<\/strong><\/td>\n<td>98% passa por uma peneira de 80 malhas<\/td>\n<\/tr>\n<tr>\n<td><strong>M\u00e9todo de embalagem<\/strong><\/td>\n<td>25 kg por tambor de papel\u00e3o ou saco de papel alum\u00ednio<\/td>\n<\/tr>\n<tr>\n<td><strong>Condi\u00e7\u00f5es de armazenamento<\/strong><\/td>\n<td>Deve ser selado, protegido da luz, armazenado em local seco, fresco e bem ventilado<\/td>\n<\/tr>\n<tr>\n<td><strong>Prazo de validade<\/strong><\/td>\n<td>24 meses<\/td>\n<\/tr>\n<tr>\n<td><strong>Embalagem do produto<\/strong><\/td>\n<td>Embalado em tambores de papel\u00e3o ou sacos de papel alum\u00ednio (embalagem personalizada dispon\u00edvel mediante solicita\u00e7\u00e3o do cliente)<\/td>\n<\/tr>\n<\/tbody>\n<\/table>","protected":false},"excerpt":{"rendered":"<p>Strawberry Powder Product Information Product Name Strawberry Powder Product Overview Our company&#8217;s strawberry powder is made from high-quality strawberries and<\/p>","protected":false},"featured_media":9399,"comment_status":"open","ping_status":"closed","template":"","meta":[],"product_brand":[],"product_cat":[18,20],"product_tag":[],"class_list":{"0":"post-34","1":"product","2":"type-product","3":"status-publish","4":"has-post-thumbnail","6":"product_cat-fruit-and-vegetable-powder","7":"product_cat-fruit-powder","9":"first","10":"instock","11":"shipping-taxable","12":"product-type-simple"},"_links":{"self":[{"href":"https:\/\/www.hvbio.com\/pt\/wp-json\/wp\/v2\/product\/34","targetHints":{"allow":["GET"]}}],"collection":[{"href":"https:\/\/www.hvbio.com\/pt\/wp-json\/wp\/v2\/product"}],"about":[{"href":"https:\/\/www.hvbio.com\/pt\/wp-json\/wp\/v2\/types\/product"}],"replies":[{"embeddable":true,"href":"https:\/\/www.hvbio.com\/pt\/wp-json\/wp\/v2\/comments?post=34"}],"wp:featuredmedia":[{"embeddable":true,"href":"https:\/\/www.hvbio.com\/pt\/wp-json\/wp\/v2\/media\/9399"}],"wp:attachment":[{"href":"https:\/\/www.hvbio.com\/pt\/wp-json\/wp\/v2\/media?parent=34"}],"wp:term":[{"taxonomy":"product_brand","embeddable":true,"href":"https:\/\/www.hvbio.com\/pt\/wp-json\/wp\/v2\/product_brand?post=34"},{"taxonomy":"product_cat","embeddable":true,"href":"https:\/\/www.hvbio.com\/pt\/wp-json\/wp\/v2\/product_cat?post=34"},{"taxonomy":"product_tag","embeddable":true,"href":"https:\/\/www.hvbio.com\/pt\/wp-json\/wp\/v2\/product_tag?post=34"}],"curies":[{"name":"wp","href":"https:\/\/api.w.org\/{rel}","templated":true}]}}