{"id":46,"date":"2025-07-24T09:51:07","date_gmt":"2025-07-24T01:51:07","guid":{"rendered":"https:\/\/hvbio.com\/?post_type=product&#038;p=46"},"modified":"2025-08-13T14:47:53","modified_gmt":"2025-08-13T06:47:53","slug":"spinach-freeze-dried-powder","status":"publish","type":"product","link":"https:\/\/www.hvbio.com\/pt\/produto\/spinach-freeze-dried-powder\/","title":{"rendered":"P\u00f3 liofilizado de espinafre"},"content":{"rendered":"<table class=\"wp-block-table\">\n<thead>\n<tr>\n<th colspan=\"2\">Informa\u00e7\u00f5es sobre o produto em p\u00f3 liofilizado de espinafre<\/th>\n<\/tr>\n<\/thead>\n<tbody>\n<tr>\n<td><strong>Nome do produto<\/strong><\/td>\n<td>Espinafre em p\u00f3 liofilizado<\/td>\n<\/tr>\n<tr>\n<td><strong>Pseud\u00f4nimo<\/strong><\/td>\n<td>P\u00f3 de espinafre liofilizado<\/td>\n<\/tr>\n<tr>\n<td><strong>Solvente de Extra\u00e7\u00e3o e Parte de Uso<\/strong><\/td>\n<td>Normalmente utiliza folhas frescas de espinafre e talos tenros, com o processo de extra\u00e7\u00e3o empregando principalmente tecnologia de liofiliza\u00e7\u00e3o<\/td>\n<\/tr>\n<tr>\n<td><strong>Apar\u00eancia<\/strong><\/td>\n<td>P\u00f3 predominantemente verde a verde escuro, com odor caracter\u00edstico de espinafre e textura solta<\/td>\n<\/tr>\n<tr>\n<td><strong>M\u00e9todo de detec\u00e7\u00e3o<\/strong><\/td>\n<td>TLC<\/td>\n<\/tr>\n<tr>\n<td><strong>Condi\u00e7\u00f5es de armazenamento<\/strong><\/td>\n<td>Conservar fechado em local fresco, seco e com sombra, evitando altas temperaturas e umidade.<\/td>\n<\/tr>\n<tr>\n<td><strong>Prazo de validade<\/strong><\/td>\n<td>Dois anos<\/td>\n<\/tr>\n<\/tbody>\n<\/table>","protected":false},"excerpt":{"rendered":"<p>Spinach Freeze-dried Powder Product Information Product Name Spinach Freeze-dried Powder Alias Freeze-dried Spinach Powder Extraction Solvent &amp; Usage Part Typically<\/p>","protected":false},"featured_media":9252,"comment_status":"open","ping_status":"closed","template":"","meta":[],"product_brand":[],"product_cat":[18,21],"product_tag":[],"class_list":{"0":"post-46","1":"product","2":"type-product","3":"status-publish","4":"has-post-thumbnail","6":"product_cat-fruit-and-vegetable-powder","7":"product_cat-lyophilized-powder","9":"first","10":"instock","11":"shipping-taxable","12":"product-type-simple"},"_links":{"self":[{"href":"https:\/\/www.hvbio.com\/pt\/wp-json\/wp\/v2\/product\/46","targetHints":{"allow":["GET"]}}],"collection":[{"href":"https:\/\/www.hvbio.com\/pt\/wp-json\/wp\/v2\/product"}],"about":[{"href":"https:\/\/www.hvbio.com\/pt\/wp-json\/wp\/v2\/types\/product"}],"replies":[{"embeddable":true,"href":"https:\/\/www.hvbio.com\/pt\/wp-json\/wp\/v2\/comments?post=46"}],"wp:featuredmedia":[{"embeddable":true,"href":"https:\/\/www.hvbio.com\/pt\/wp-json\/wp\/v2\/media\/9252"}],"wp:attachment":[{"href":"https:\/\/www.hvbio.com\/pt\/wp-json\/wp\/v2\/media?parent=46"}],"wp:term":[{"taxonomy":"product_brand","embeddable":true,"href":"https:\/\/www.hvbio.com\/pt\/wp-json\/wp\/v2\/product_brand?post=46"},{"taxonomy":"product_cat","embeddable":true,"href":"https:\/\/www.hvbio.com\/pt\/wp-json\/wp\/v2\/product_cat?post=46"},{"taxonomy":"product_tag","embeddable":true,"href":"https:\/\/www.hvbio.com\/pt\/wp-json\/wp\/v2\/product_tag?post=46"}],"curies":[{"name":"wp","href":"https:\/\/api.w.org\/{rel}","templated":true}]}}