{"id":47,"date":"2025-07-24T09:51:46","date_gmt":"2025-07-24T01:51:46","guid":{"rendered":"https:\/\/hvbio.com\/?post_type=product&#038;p=47"},"modified":"2025-08-13T14:45:00","modified_gmt":"2025-08-13T06:45:00","slug":"pumpkin-freeze-dried-powder","status":"publish","type":"product","link":"https:\/\/www.hvbio.com\/pt\/produto\/pumpkin-freeze-dried-powder\/","title":{"rendered":"P\u00f3 liofilizado de ab\u00f3bora"},"content":{"rendered":"<table class=\"wp-block-table\">\n<thead>\n<tr>\n<th colspan=\"2\">Pumpkin Freeze-dried Powder Product Information<\/th>\n<\/tr>\n<\/thead>\n<tbody>\n<tr>\n<td><strong>Nome do produto<\/strong><\/td>\n<td>Pumpkin Freeze-dried Powder<\/td>\n<\/tr>\n<tr>\n<td><strong>Nome alternativo<\/strong><\/td>\n<td>Freeze-dried Pumpkin Powder<\/td>\n<\/tr>\n<tr>\n<td><strong>Solvente de extra\u00e7\u00e3o e parte usada<\/strong><\/td>\n<td>The extraction solvent is typically water; the part used is the fruit of the pumpkin.<\/td>\n<\/tr>\n<tr>\n<td><strong>Apar\u00eancia<\/strong><\/td>\n<td>Generally a light yellow to orange-yellow powder with a distinctive pumpkin aroma, free from lumps, and easily soluble in water.<\/td>\n<\/tr>\n<tr>\n<td><strong>M\u00e9todo de detec\u00e7\u00e3o<\/strong><\/td>\n<td>TLC<\/td>\n<\/tr>\n<tr>\n<td><strong>Condi\u00e7\u00f5es de armazenamento<\/strong><\/td>\n<td>Store in a sealed container in a cool, dry, and shaded place, avoiding high temperatures and humidity.<\/td>\n<\/tr>\n<tr>\n<td><strong>Prazo de validade<\/strong><\/td>\n<td>Dois anos<\/td>\n<\/tr>\n<\/tbody>\n<\/table>","protected":false},"excerpt":{"rendered":"<p>Pumpkin Freeze-dried Powder Product Information Product Name Pumpkin Freeze-dried Powder Alternative Name Freeze-dried Pumpkin Powder Extraction Solvent &amp; Part Used<\/p>","protected":false},"featured_media":9275,"comment_status":"open","ping_status":"closed","template":"","meta":[],"product_brand":[],"product_cat":[18,21],"product_tag":[],"class_list":{"0":"post-47","1":"product","2":"type-product","3":"status-publish","4":"has-post-thumbnail","6":"product_cat-fruit-and-vegetable-powder","7":"product_cat-lyophilized-powder","9":"first","10":"instock","11":"shipping-taxable","12":"product-type-simple"},"_links":{"self":[{"href":"https:\/\/www.hvbio.com\/pt\/wp-json\/wp\/v2\/product\/47","targetHints":{"allow":["GET"]}}],"collection":[{"href":"https:\/\/www.hvbio.com\/pt\/wp-json\/wp\/v2\/product"}],"about":[{"href":"https:\/\/www.hvbio.com\/pt\/wp-json\/wp\/v2\/types\/product"}],"replies":[{"embeddable":true,"href":"https:\/\/www.hvbio.com\/pt\/wp-json\/wp\/v2\/comments?post=47"}],"wp:featuredmedia":[{"embeddable":true,"href":"https:\/\/www.hvbio.com\/pt\/wp-json\/wp\/v2\/media\/9275"}],"wp:attachment":[{"href":"https:\/\/www.hvbio.com\/pt\/wp-json\/wp\/v2\/media?parent=47"}],"wp:term":[{"taxonomy":"product_brand","embeddable":true,"href":"https:\/\/www.hvbio.com\/pt\/wp-json\/wp\/v2\/product_brand?post=47"},{"taxonomy":"product_cat","embeddable":true,"href":"https:\/\/www.hvbio.com\/pt\/wp-json\/wp\/v2\/product_cat?post=47"},{"taxonomy":"product_tag","embeddable":true,"href":"https:\/\/www.hvbio.com\/pt\/wp-json\/wp\/v2\/product_tag?post=47"}],"curies":[{"name":"wp","href":"https:\/\/api.w.org\/{rel}","templated":true}]}}