{"id":48,"date":"2025-07-24T09:52:43","date_gmt":"2025-07-24T01:52:43","guid":{"rendered":"https:\/\/hvbio.com\/?post_type=product&#038;p=48"},"modified":"2025-08-13T14:39:59","modified_gmt":"2025-08-13T06:39:59","slug":"corn-freeze-dried-powder","status":"publish","type":"product","link":"https:\/\/www.hvbio.com\/pt\/produto\/corn-freeze-dried-powder\/","title":{"rendered":"P\u00f3 liofilizado de milho"},"content":{"rendered":"<table class=\"wp-block-table\">\n<thead>\n<tr>\n<th colspan=\"2\">Informa\u00e7\u00f5es sobre o produto p\u00f3 de milho liofilizado<\/th>\n<\/tr>\n<\/thead>\n<tbody>\n<tr>\n<td><strong>Nome do produto<\/strong><\/td>\n<td>P\u00f3 de milho liofilizado<\/td>\n<\/tr>\n<tr>\n<td><strong>Nomes Alternativos<\/strong><\/td>\n<td>Milho, sabugo de milho, pain\u00e7o, arroz perolado<\/td>\n<\/tr>\n<tr>\n<td><strong>Caracter\u00edsticas do produto<\/strong><\/td>\n<td>P\u00f3 amarelo<\/td>\n<\/tr>\n<tr>\n<td><strong>Especifica\u00e7\u00f5es<\/strong><\/td>\n<td>P\u00f3 de milho liofilizado. Para outras especifica\u00e7\u00f5es, como suco de milho em p\u00f3, extrato de milho 4:1, 10:1, 20:1, entre em contato com o atendimento ao cliente.<\/td>\n<\/tr>\n<tr>\n<td><strong>Fonte<\/strong><\/td>\n<td>Sementes<\/td>\n<\/tr>\n<tr>\n<td><strong>M\u00e9todo de An\u00e1lise<\/strong><\/td>\n<td>An\u00e1lise TLC<\/td>\n<\/tr>\n<tr>\n<td><strong>Contagem de produtos<\/strong><\/td>\n<td>98% passa por tela de 80 mesh<\/td>\n<\/tr>\n<tr>\n<td><strong>M\u00e9todo de embalagem<\/strong><\/td>\n<td>25 kg\/barril de papel\u00e3o ou saco de papel alum\u00ednio<\/td>\n<\/tr>\n<tr>\n<td><strong>Condi\u00e7\u00e3o de armazenamento<\/strong><\/td>\n<td>Deve ser selado e sombreado, armazenado em local seco, fresco e bem ventilado<\/td>\n<\/tr>\n<tr>\n<td><strong>Prazo de validade<\/strong><\/td>\n<td>24 meses<\/td>\n<\/tr>\n<\/tbody>\n<\/table>","protected":false},"excerpt":{"rendered":"<p>Freeze-dried Corn Powder Product Information Product Name Freeze-dried Corn Powder Alternative Names Corn, corn cob, millet, pearl rice Product Characteristics<\/p>","protected":false},"featured_media":9356,"comment_status":"open","ping_status":"closed","template":"","meta":[],"product_brand":[],"product_cat":[18,21],"product_tag":[],"class_list":{"0":"post-48","1":"product","2":"type-product","3":"status-publish","4":"has-post-thumbnail","6":"product_cat-fruit-and-vegetable-powder","7":"product_cat-lyophilized-powder","9":"first","10":"instock","11":"shipping-taxable","12":"product-type-simple"},"_links":{"self":[{"href":"https:\/\/www.hvbio.com\/pt\/wp-json\/wp\/v2\/product\/48","targetHints":{"allow":["GET"]}}],"collection":[{"href":"https:\/\/www.hvbio.com\/pt\/wp-json\/wp\/v2\/product"}],"about":[{"href":"https:\/\/www.hvbio.com\/pt\/wp-json\/wp\/v2\/types\/product"}],"replies":[{"embeddable":true,"href":"https:\/\/www.hvbio.com\/pt\/wp-json\/wp\/v2\/comments?post=48"}],"wp:featuredmedia":[{"embeddable":true,"href":"https:\/\/www.hvbio.com\/pt\/wp-json\/wp\/v2\/media\/9356"}],"wp:attachment":[{"href":"https:\/\/www.hvbio.com\/pt\/wp-json\/wp\/v2\/media?parent=48"}],"wp:term":[{"taxonomy":"product_brand","embeddable":true,"href":"https:\/\/www.hvbio.com\/pt\/wp-json\/wp\/v2\/product_brand?post=48"},{"taxonomy":"product_cat","embeddable":true,"href":"https:\/\/www.hvbio.com\/pt\/wp-json\/wp\/v2\/product_cat?post=48"},{"taxonomy":"product_tag","embeddable":true,"href":"https:\/\/www.hvbio.com\/pt\/wp-json\/wp\/v2\/product_tag?post=48"}],"curies":[{"name":"wp","href":"https:\/\/api.w.org\/{rel}","templated":true}]}}