{"id":49,"date":"2025-07-24T09:53:27","date_gmt":"2025-07-24T01:53:27","guid":{"rendered":"https:\/\/hvbio.com\/?post_type=product&#038;p=49"},"modified":"2025-08-13T14:36:21","modified_gmt":"2025-08-13T06:36:21","slug":"blueberry-freeze-dried-powder","status":"publish","type":"product","link":"https:\/\/www.hvbio.com\/pt\/produto\/blueberry-freeze-dried-powder\/","title":{"rendered":"P\u00f3 liofilizado de mirtilo"},"content":{"rendered":"<table class=\"wp-block-table\">\n<thead>\n<tr>\n<th colspan=\"2\">Informa\u00e7\u00f5es sobre o produto em p\u00f3 liofilizado de mirtilo<\/th>\n<\/tr>\n<\/thead>\n<tbody>\n<tr>\n<td><strong>Nome do produto<\/strong><\/td>\n<td>P\u00f3 liofilizado de mirtilo<\/td>\n<\/tr>\n<tr>\n<td><strong>Nomes Alternativos<\/strong><\/td>\n<td>Dudu, Feij\u00e3o Preto, Doushi, Dianguo, Diguo<\/td>\n<\/tr>\n<tr>\n<td><strong>Nome latino<\/strong><\/td>\n<td>Vaccinium Spp<\/td>\n<\/tr>\n<tr>\n<td><strong>Distribui\u00e7\u00e3o geogr\u00e1fica<\/strong><\/td>\n<td>China (Heilongjiang), Am\u00e9rica do Norte, Europa, R\u00fassia<\/td>\n<\/tr>\n<tr>\n<td><strong>Apar\u00eancia<\/strong><\/td>\n<td>P\u00f3 roxo<\/td>\n<\/tr>\n<tr>\n<td><strong>Especifica\u00e7\u00e3o<\/strong><\/td>\n<td>Este produto \u00e9 um p\u00f3 liofilizado de mirtilo. Para outras especifica\u00e7\u00f5es, como suco de mirtilo em p\u00f3 ou extrato de mirtilo, entre em contato com o atendimento ao cliente.<\/td>\n<\/tr>\n<tr>\n<td><strong>Parte de Extra\u00e7\u00e3o<\/strong><\/td>\n<td>Polpa de frutas<\/td>\n<\/tr>\n<tr>\n<td><strong>Tamanho de part\u00edcula<\/strong><\/td>\n<td>Passa por uma peneira de 80 malhas<\/td>\n<\/tr>\n<tr>\n<td><strong>Condi\u00e7\u00f5es de armazenamento<\/strong><\/td>\n<td>Armazene em local fresco, seco, \u00e0 sombra e livre de altas temperaturas. Validade: 2 anos.<\/td>\n<\/tr>\n<\/tbody>\n<\/table>","protected":false},"excerpt":{"rendered":"<p>Blueberry Freeze-Dried Powder Product Information Product Name Blueberry Freeze-Dried Powder Alternative Names Dudu, Black Bean Tree, Doushi, Dianguo, Diguo Latin<\/p>","protected":false},"featured_media":9340,"comment_status":"open","ping_status":"closed","template":"","meta":[],"product_brand":[],"product_cat":[18,21],"product_tag":[],"class_list":{"0":"post-49","1":"product","2":"type-product","3":"status-publish","4":"has-post-thumbnail","6":"product_cat-fruit-and-vegetable-powder","7":"product_cat-lyophilized-powder","9":"first","10":"instock","11":"shipping-taxable","12":"product-type-simple"},"_links":{"self":[{"href":"https:\/\/www.hvbio.com\/pt\/wp-json\/wp\/v2\/product\/49","targetHints":{"allow":["GET"]}}],"collection":[{"href":"https:\/\/www.hvbio.com\/pt\/wp-json\/wp\/v2\/product"}],"about":[{"href":"https:\/\/www.hvbio.com\/pt\/wp-json\/wp\/v2\/types\/product"}],"replies":[{"embeddable":true,"href":"https:\/\/www.hvbio.com\/pt\/wp-json\/wp\/v2\/comments?post=49"}],"wp:featuredmedia":[{"embeddable":true,"href":"https:\/\/www.hvbio.com\/pt\/wp-json\/wp\/v2\/media\/9340"}],"wp:attachment":[{"href":"https:\/\/www.hvbio.com\/pt\/wp-json\/wp\/v2\/media?parent=49"}],"wp:term":[{"taxonomy":"product_brand","embeddable":true,"href":"https:\/\/www.hvbio.com\/pt\/wp-json\/wp\/v2\/product_brand?post=49"},{"taxonomy":"product_cat","embeddable":true,"href":"https:\/\/www.hvbio.com\/pt\/wp-json\/wp\/v2\/product_cat?post=49"},{"taxonomy":"product_tag","embeddable":true,"href":"https:\/\/www.hvbio.com\/pt\/wp-json\/wp\/v2\/product_tag?post=49"}],"curies":[{"name":"wp","href":"https:\/\/api.w.org\/{rel}","templated":true}]}}