{"id":67,"date":"2025-07-24T10:12:18","date_gmt":"2025-07-24T02:12:18","guid":{"rendered":"https:\/\/hvbio.com\/?post_type=product&#038;p=67"},"modified":"2025-08-13T14:32:13","modified_gmt":"2025-08-13T06:32:13","slug":"ganoderma-triterpenes-2-5","status":"publish","type":"product","link":"https:\/\/www.hvbio.com\/pt\/produto\/ganoderma-triterpenes-2-5\/","title":{"rendered":"Triterpenos de Ganoderma 2,5%"},"content":{"rendered":"<table class=\"wp-block-table\">\n<thead>\n<tr>\n<th colspan=\"2\">Informa\u00e7\u00f5es sobre o produto Ganoderma Triterpenes 2.5%<\/th>\n<\/tr>\n<\/thead>\n<tbody>\n<tr>\n<td><strong>Nome do produto<\/strong><\/td>\n<td>Triterpenos de Ganoderma 2,5%<\/td>\n<\/tr>\n<tr>\n<td><strong>M\u00e9todo de detec\u00e7\u00e3o<\/strong><\/td>\n<td>Cromatografia L\u00edquida de Alta Efici\u00eancia (CLAE)<\/td>\n<\/tr>\n<tr>\n<td><strong>Solvente de Extra\u00e7\u00e3o<\/strong><\/td>\n<td>Solventes org\u00e2nicos como etanol (dependendo do processo de extra\u00e7\u00e3o)<\/td>\n<\/tr>\n<tr>\n<td><strong>Uso<\/strong><\/td>\n<td>O corpo frut\u00edfero de Ganoderma lucidum<\/td>\n<\/tr>\n<tr>\n<td><strong>Propriedades<\/strong><\/td>\n<td>\n<ul>\n<li>P\u00f3 amarelo acastanhado a castanho<\/li>\n<li>Odor especial<\/li>\n<\/ul>\n<\/td>\n<\/tr>\n<tr>\n<td><strong>Condi\u00e7\u00f5es de armazenamento<\/strong><\/td>\n<td>Selar, armazenar em local fresco, seco e protegido da luz, evitar misturar com subst\u00e2ncias odor\u00edferas<\/td>\n<\/tr>\n<tr>\n<td><strong>Prazo de validade<\/strong><\/td>\n<td>Dois anos<\/td>\n<\/tr>\n<\/tbody>\n<\/table>","protected":false},"excerpt":{"rendered":"<p>Ganoderma Triterpenes 2.5% Product Information Product Name Ganoderma Triterpenes 2.5% Detection Method High Performance Liquid Chromatography (HPLC) Extraction Solvent Organic<\/p>","protected":false},"featured_media":9332,"comment_status":"open","ping_status":"closed","template":"","meta":[],"product_brand":[],"product_cat":[17,23],"product_tag":[],"class_list":{"0":"post-67","1":"product","2":"type-product","3":"status-publish","4":"has-post-thumbnail","6":"product_cat-plant-extract","7":"product_cat-standard-extract","9":"first","10":"instock","11":"shipping-taxable","12":"product-type-simple"},"_links":{"self":[{"href":"https:\/\/www.hvbio.com\/pt\/wp-json\/wp\/v2\/product\/67","targetHints":{"allow":["GET"]}}],"collection":[{"href":"https:\/\/www.hvbio.com\/pt\/wp-json\/wp\/v2\/product"}],"about":[{"href":"https:\/\/www.hvbio.com\/pt\/wp-json\/wp\/v2\/types\/product"}],"replies":[{"embeddable":true,"href":"https:\/\/www.hvbio.com\/pt\/wp-json\/wp\/v2\/comments?post=67"}],"wp:featuredmedia":[{"embeddable":true,"href":"https:\/\/www.hvbio.com\/pt\/wp-json\/wp\/v2\/media\/9332"}],"wp:attachment":[{"href":"https:\/\/www.hvbio.com\/pt\/wp-json\/wp\/v2\/media?parent=67"}],"wp:term":[{"taxonomy":"product_brand","embeddable":true,"href":"https:\/\/www.hvbio.com\/pt\/wp-json\/wp\/v2\/product_brand?post=67"},{"taxonomy":"product_cat","embeddable":true,"href":"https:\/\/www.hvbio.com\/pt\/wp-json\/wp\/v2\/product_cat?post=67"},{"taxonomy":"product_tag","embeddable":true,"href":"https:\/\/www.hvbio.com\/pt\/wp-json\/wp\/v2\/product_tag?post=67"}],"curies":[{"name":"wp","href":"https:\/\/api.w.org\/{rel}","templated":true}]}}