{"id":68,"date":"2025-07-24T10:15:04","date_gmt":"2025-07-24T02:15:04","guid":{"rendered":"https:\/\/hvbio.com\/?post_type=product&#038;p=68"},"modified":"2025-08-13T14:29:04","modified_gmt":"2025-08-13T06:29:04","slug":"white-kidney-bean-extract-10%ef%bc%9a1","status":"publish","type":"product","link":"https:\/\/www.hvbio.com\/pt\/produto\/white-kidney-bean-extract-10%ef%bc%9a1\/","title":{"rendered":"Extrato de feij\u00e3o branco 10:1"},"content":{"rendered":"<table class=\"wp-block-table\">\n<thead>\n<tr>\n<th colspan=\"2\">Informa\u00e7\u00f5es sobre o produto Extrato de Feij\u00e3o Branco<\/th>\n<\/tr>\n<\/thead>\n<tbody>\n<tr>\n<td><strong>Nome do produto<\/strong><\/td>\n<td>Extrato de feij\u00e3o branco<\/td>\n<\/tr>\n<tr>\n<td><strong>Nomes Alternativos<\/strong><\/td>\n<td>Br\u00f3colis, feij\u00e3o-de-jardim, lentilha pequena<\/td>\n<\/tr>\n<tr>\n<td><strong>Nome latino<\/strong><\/td>\n<td>Phaseolus coccineus L.<\/td>\n<\/tr>\n<tr>\n<td><strong>Apar\u00eancia f\u00edsica<\/strong><\/td>\n<td>P\u00f3 amarelo claro a esbranqui\u00e7ado<\/td>\n<\/tr>\n<tr>\n<td><strong>M\u00e9todo de teste<\/strong><\/td>\n<td>TLC<\/td>\n<\/tr>\n<tr>\n<td><strong>Ingredientes ativos<\/strong><\/td>\n<td>\n<ul>\n<li>Convicine<\/li>\n<li>Saponinas de feij\u00e3o branco<\/li>\n<li>Alto teor de prote\u00edna<\/li>\n<li>Alto Teor de Oligoelementos<\/li>\n<li>Amino\u00e1cidos<\/li>\n<li>C\u00e1lcio<\/li>\n<li>F\u00f3sforo<\/li>\n<\/ul>\n<\/td>\n<\/tr>\n<tr>\n<td><strong>Embalagem<\/strong><\/td>\n<td>\n<ul>\n<li>1kg\/saco de alum\u00ednio<\/li>\n<li>5kg\/caixa de papel\u00e3o<\/li>\n<li>Op\u00e7\u00f5es de 10 kg dispon\u00edveis<\/li>\n<\/ul>\n<\/td>\n<\/tr>\n<tr>\n<td><strong>Condi\u00e7\u00f5es de armazenamento<\/strong><\/td>\n<td>Conservar em local seco e fresco, longe da luz solar e de altas temperaturas.<\/td>\n<\/tr>\n<tr>\n<td><strong>Prazo de validade<\/strong><\/td>\n<td>Dois anos<\/td>\n<\/tr>\n<\/tbody>\n<\/table>","protected":false},"excerpt":{"rendered":"<p>White Kidney Bean Extract Product Information Product Name White Kidney Bean Extract Alternative Names Broccoli Bean, Garden Bean, Small Lentil<\/p>","protected":false},"featured_media":9328,"comment_status":"open","ping_status":"closed","template":"","meta":[],"product_brand":[],"product_cat":[17,24],"product_tag":[],"class_list":{"0":"post-68","1":"product","2":"type-product","3":"status-publish","4":"has-post-thumbnail","6":"product_cat-plant-extract","7":"product_cat-ratio-extract","9":"first","10":"instock","11":"shipping-taxable","12":"product-type-simple"},"_links":{"self":[{"href":"https:\/\/www.hvbio.com\/pt\/wp-json\/wp\/v2\/product\/68","targetHints":{"allow":["GET"]}}],"collection":[{"href":"https:\/\/www.hvbio.com\/pt\/wp-json\/wp\/v2\/product"}],"about":[{"href":"https:\/\/www.hvbio.com\/pt\/wp-json\/wp\/v2\/types\/product"}],"replies":[{"embeddable":true,"href":"https:\/\/www.hvbio.com\/pt\/wp-json\/wp\/v2\/comments?post=68"}],"wp:featuredmedia":[{"embeddable":true,"href":"https:\/\/www.hvbio.com\/pt\/wp-json\/wp\/v2\/media\/9328"}],"wp:attachment":[{"href":"https:\/\/www.hvbio.com\/pt\/wp-json\/wp\/v2\/media?parent=68"}],"wp:term":[{"taxonomy":"product_brand","embeddable":true,"href":"https:\/\/www.hvbio.com\/pt\/wp-json\/wp\/v2\/product_brand?post=68"},{"taxonomy":"product_cat","embeddable":true,"href":"https:\/\/www.hvbio.com\/pt\/wp-json\/wp\/v2\/product_cat?post=68"},{"taxonomy":"product_tag","embeddable":true,"href":"https:\/\/www.hvbio.com\/pt\/wp-json\/wp\/v2\/product_tag?post=68"}],"curies":[{"name":"wp","href":"https:\/\/api.w.org\/{rel}","templated":true}]}}