{"id":78,"date":"2025-07-24T10:16:51","date_gmt":"2025-07-24T02:16:51","guid":{"rendered":"https:\/\/hvbio.com\/?post_type=product&#038;p=78"},"modified":"2025-08-13T14:21:29","modified_gmt":"2025-08-13T06:21:29","slug":"pumpkin-seed-extract-10%ef%bc%9a1","status":"publish","type":"product","link":"https:\/\/www.hvbio.com\/pt\/produto\/pumpkin-seed-extract-10%ef%bc%9a1\/","title":{"rendered":"Extrato de semente de ab\u00f3bora 10:1"},"content":{"rendered":"<table class=\"wp-block-table\">\n<thead>\n<tr>\n<th colspan=\"2\">Informa\u00e7\u00f5es sobre o produto Extrato de Semente de Ab\u00f3bora<\/th>\n<\/tr>\n<\/thead>\n<tbody>\n<tr>\n<td><strong>Nome do produto<\/strong><\/td>\n<td>Extrato de semente de ab\u00f3bora<\/td>\n<\/tr>\n<tr>\n<td><strong>Pseud\u00f4nimo<\/strong><\/td>\n<td>Semente de mel\u00e3o do norte, semente de mel\u00e3o ninho<\/td>\n<\/tr>\n<tr>\n<td><strong>Fonte<\/strong><\/td>\n<td>Sementes de Cucurbita moschata Duch., uma planta da fam\u00edlia Cucurbitaceae<\/td>\n<\/tr>\n<tr>\n<td><strong>Origem da mat\u00e9ria-prima<\/strong><\/td>\n<td>Amplamente cultivada em todo o pa\u00eds<\/td>\n<\/tr>\n<tr>\n<td><strong>Resumo<\/strong><\/td>\n<td>Semente de ab\u00f3bora, nome da medicina chinesa. As sementes da planta Cucurbita moschata Duch., do g\u00eanero Cucurbita, fam\u00edlia Cucurbitaceae.<\/td>\n<\/tr>\n<tr>\n<td><strong>Propriedades<\/strong><\/td>\n<td>P\u00f3 amarelo acastanhado, teste TLC<\/td>\n<\/tr>\n<tr>\n<td><strong>Especifica\u00e7\u00f5es do produto<\/strong><\/td>\n<td>Extrato de semente de ab\u00f3bora 10:1 (outras especifica\u00e7\u00f5es dispon\u00edveis mediante solicita\u00e7\u00e3o)<\/td>\n<\/tr>\n<tr>\n<td><strong>Tamanho de part\u00edcula<\/strong><\/td>\n<td>98% passou pela peneira de 80 mesh<\/td>\n<\/tr>\n<tr>\n<td><strong>Embalagem<\/strong><\/td>\n<td>25 kg\/barril de papel\u00e3o ou saco de papel alum\u00ednio<\/td>\n<\/tr>\n<tr>\n<td><strong>Condi\u00e7\u00f5es de armazenamento<\/strong><\/td>\n<td>Deve ser selado e sombreado, armazenado em local seco, fresco e bem ventilado<\/td>\n<\/tr>\n<\/tbody>\n<\/table>","protected":false},"excerpt":{"rendered":"<p>Pumpkin Seed Extract Product Information Product Name Pumpkin Seed Extract Alias Northern melon seed, nest melon seed Source Seeds of<\/p>","protected":false},"featured_media":9322,"comment_status":"open","ping_status":"closed","template":"","meta":[],"product_brand":[],"product_cat":[17,24],"product_tag":[],"class_list":{"0":"post-78","1":"product","2":"type-product","3":"status-publish","4":"has-post-thumbnail","6":"product_cat-plant-extract","7":"product_cat-ratio-extract","9":"first","10":"instock","11":"shipping-taxable","12":"product-type-simple"},"_links":{"self":[{"href":"https:\/\/www.hvbio.com\/pt\/wp-json\/wp\/v2\/product\/78","targetHints":{"allow":["GET"]}}],"collection":[{"href":"https:\/\/www.hvbio.com\/pt\/wp-json\/wp\/v2\/product"}],"about":[{"href":"https:\/\/www.hvbio.com\/pt\/wp-json\/wp\/v2\/types\/product"}],"replies":[{"embeddable":true,"href":"https:\/\/www.hvbio.com\/pt\/wp-json\/wp\/v2\/comments?post=78"}],"wp:featuredmedia":[{"embeddable":true,"href":"https:\/\/www.hvbio.com\/pt\/wp-json\/wp\/v2\/media\/9322"}],"wp:attachment":[{"href":"https:\/\/www.hvbio.com\/pt\/wp-json\/wp\/v2\/media?parent=78"}],"wp:term":[{"taxonomy":"product_brand","embeddable":true,"href":"https:\/\/www.hvbio.com\/pt\/wp-json\/wp\/v2\/product_brand?post=78"},{"taxonomy":"product_cat","embeddable":true,"href":"https:\/\/www.hvbio.com\/pt\/wp-json\/wp\/v2\/product_cat?post=78"},{"taxonomy":"product_tag","embeddable":true,"href":"https:\/\/www.hvbio.com\/pt\/wp-json\/wp\/v2\/product_tag?post=78"}],"curies":[{"name":"wp","href":"https:\/\/api.w.org\/{rel}","templated":true}]}}