{"id":9165,"date":"2025-08-05T16:58:12","date_gmt":"2025-08-05T08:58:12","guid":{"rendered":"https:\/\/www.hvbio.com\/?post_type=product&#038;p=9165"},"modified":"2025-08-13T14:14:53","modified_gmt":"2025-08-13T06:14:53","slug":"valerenic-acid-0-8","status":"publish","type":"product","link":"https:\/\/www.hvbio.com\/pt\/produto\/valerenic-acid-0-8\/","title":{"rendered":"\u00c1cido valer\u00eanico 0,8%"},"content":{"rendered":"<p><strong><b>\u00c1cido valer\u00eanico 0,8% <\/b><\/strong><br \/>\nNome em latim:<strong><b>\uff1aextrato de cris\u00e2ntemo<\/b><\/strong><\/p>\n<p>M\u00e9todo de detec\u00e7\u00e3o: HPLC<br \/>\nCaracter\u00edsticas: P\u00f3 amarelo-acastanhado. Tamanho das part\u00edculas: Passa por uma peneira de malha 80. M\u00e9todo de armazenamento: Armazene em local bem ventilado, seco, fresco e protegido da luz. Especifica\u00e7\u00f5es da embalagem: 1 kg por saco de papel alum\u00ednio, caixa de papel\u00e3o r\u00edgido; 25 kg por tambor de fibra. Validade: O extrato de cris\u00e2ntemo Hangbai tem validade de dois anos.<\/p>","protected":false},"excerpt":{"rendered":"<p><strong><b>\u00c1cido valer\u00eanico 0,8% <\/b><\/strong><br \/>\nNome em latim:<strong><b>\uff1aextrato de cris\u00e2ntemo<\/b><\/strong><\/p>\n<p>M\u00e9todo de detec\u00e7\u00e3o: HPLC<br \/>\nCaracter\u00edsticas: P\u00f3 amarelo-acastanhado. Tamanho das part\u00edculas: Passa por uma peneira de malha 80. M\u00e9todo de armazenamento: Armazene em local bem ventilado, seco, fresco e protegido da luz. Especifica\u00e7\u00f5es da embalagem: 1 kg por saco de papel alum\u00ednio, caixa de papel\u00e3o r\u00edgido; 25 kg por tambor de fibra. Validade: O extrato de cris\u00e2ntemo Hangbai tem validade de dois anos.<\/p>","protected":false},"featured_media":9313,"comment_status":"closed","ping_status":"closed","template":"","meta":[],"product_brand":[],"product_cat":[23,17],"product_tag":[],"class_list":{"0":"post-9165","1":"product","2":"type-product","3":"status-publish","4":"has-post-thumbnail","6":"product_cat-standard-extract","7":"product_cat-plant-extract","9":"first","10":"instock","11":"shipping-taxable","12":"product-type-simple"},"_links":{"self":[{"href":"https:\/\/www.hvbio.com\/pt\/wp-json\/wp\/v2\/product\/9165","targetHints":{"allow":["GET"]}}],"collection":[{"href":"https:\/\/www.hvbio.com\/pt\/wp-json\/wp\/v2\/product"}],"about":[{"href":"https:\/\/www.hvbio.com\/pt\/wp-json\/wp\/v2\/types\/product"}],"replies":[{"embeddable":true,"href":"https:\/\/www.hvbio.com\/pt\/wp-json\/wp\/v2\/comments?post=9165"}],"wp:featuredmedia":[{"embeddable":true,"href":"https:\/\/www.hvbio.com\/pt\/wp-json\/wp\/v2\/media\/9313"}],"wp:attachment":[{"href":"https:\/\/www.hvbio.com\/pt\/wp-json\/wp\/v2\/media?parent=9165"}],"wp:term":[{"taxonomy":"product_brand","embeddable":true,"href":"https:\/\/www.hvbio.com\/pt\/wp-json\/wp\/v2\/product_brand?post=9165"},{"taxonomy":"product_cat","embeddable":true,"href":"https:\/\/www.hvbio.com\/pt\/wp-json\/wp\/v2\/product_cat?post=9165"},{"taxonomy":"product_tag","embeddable":true,"href":"https:\/\/www.hvbio.com\/pt\/wp-json\/wp\/v2\/product_tag?post=9165"}],"curies":[{"name":"wp","href":"https:\/\/api.w.org\/{rel}","templated":true}]}}