{"id":9216,"date":"2025-08-12T11:32:08","date_gmt":"2025-08-12T03:32:08","guid":{"rendered":"https:\/\/www.hvbio.com\/?post_type=product&#038;p=9216"},"modified":"2025-08-12T16:16:29","modified_gmt":"2025-08-12T08:16:29","slug":"freeze-dried-papaya-powder","status":"publish","type":"product","link":"https:\/\/www.hvbio.com\/pt\/produto\/freeze-dried-papaya-powder\/","title":{"rendered":"p\u00f3 de mam\u00e3o liofilizado"},"content":{"rendered":"<p>P\u00f3 de mam\u00e3o liofilizado<\/p>\n<p>Tamb\u00e9m conhecido como: P\u00f3 liofilizado de mam\u00e3o<\/p>\n<p>Solvente de extra\u00e7\u00e3o e parte usada: O solvente de extra\u00e7\u00e3o geralmente \u00e9 \u00e1gua; a parte usada \u00e9 o mam\u00e3o maduro.<\/p>\n<p>Apar\u00eancia: Geralmente um p\u00f3 amarelo claro a esbranqui\u00e7ado com aroma caracter\u00edstico de mam\u00e3o.<\/p>\n<p>M\u00e9todo de detec\u00e7\u00e3o: TLC<\/p>\n<p>Armazenamento: Armazene em local fresco, seco e escuro, longe do calor e da umidade.<\/p>\n<p>Prazo de validade: dois anos<\/p>","protected":false},"excerpt":{"rendered":"<p>P\u00f3 de mam\u00e3o liofilizado<\/p>\n<p>Tamb\u00e9m conhecido como: P\u00f3 liofilizado de mam\u00e3o<\/p>\n<p>Solvente de extra\u00e7\u00e3o e parte usada: O solvente de extra\u00e7\u00e3o geralmente \u00e9 \u00e1gua; a parte usada \u00e9 o mam\u00e3o maduro.<\/p>\n<p>Apar\u00eancia: Geralmente um p\u00f3 amarelo claro a esbranqui\u00e7ado com aroma caracter\u00edstico de mam\u00e3o.<\/p>\n<p>M\u00e9todo de detec\u00e7\u00e3o: TLC<\/p>\n<p>Armazenamento: Armazene em local fresco, seco e escuro, longe do calor e da umidade.<\/p>\n<p>Prazo de validade: dois anos<\/p>","protected":false},"featured_media":9271,"comment_status":"closed","ping_status":"closed","template":"","meta":[],"product_brand":[],"product_cat":[21],"product_tag":[],"class_list":{"0":"post-9216","1":"product","2":"type-product","3":"status-publish","4":"has-post-thumbnail","6":"product_cat-lyophilized-powder","8":"first","9":"instock","10":"shipping-taxable","11":"product-type-simple"},"_links":{"self":[{"href":"https:\/\/www.hvbio.com\/pt\/wp-json\/wp\/v2\/product\/9216","targetHints":{"allow":["GET"]}}],"collection":[{"href":"https:\/\/www.hvbio.com\/pt\/wp-json\/wp\/v2\/product"}],"about":[{"href":"https:\/\/www.hvbio.com\/pt\/wp-json\/wp\/v2\/types\/product"}],"replies":[{"embeddable":true,"href":"https:\/\/www.hvbio.com\/pt\/wp-json\/wp\/v2\/comments?post=9216"}],"wp:featuredmedia":[{"embeddable":true,"href":"https:\/\/www.hvbio.com\/pt\/wp-json\/wp\/v2\/media\/9271"}],"wp:attachment":[{"href":"https:\/\/www.hvbio.com\/pt\/wp-json\/wp\/v2\/media?parent=9216"}],"wp:term":[{"taxonomy":"product_brand","embeddable":true,"href":"https:\/\/www.hvbio.com\/pt\/wp-json\/wp\/v2\/product_brand?post=9216"},{"taxonomy":"product_cat","embeddable":true,"href":"https:\/\/www.hvbio.com\/pt\/wp-json\/wp\/v2\/product_cat?post=9216"},{"taxonomy":"product_tag","embeddable":true,"href":"https:\/\/www.hvbio.com\/pt\/wp-json\/wp\/v2\/product_tag?post=9216"}],"curies":[{"name":"wp","href":"https:\/\/api.w.org\/{rel}","templated":true}]}}