{"id":9294,"date":"2025-08-12T16:29:44","date_gmt":"2025-08-12T08:29:44","guid":{"rendered":"https:\/\/www.hvbio.com\/?post_type=product&#038;p=9294"},"modified":"2025-08-12T16:29:44","modified_gmt":"2025-08-12T08:29:44","slug":"freeze-dried-fig-powder","status":"publish","type":"product","link":"https:\/\/www.hvbio.com\/pt\/produto\/freeze-dried-fig-powder\/","title":{"rendered":"P\u00f3 de figo liofilizado"},"content":{"rendered":"<p>Nome: P\u00f3 de figo liofilizado<\/p>\n<p>P\u00f3 de figo liofilizado<\/p>\n<p>Solvente de extra\u00e7\u00e3o e parte utilizada: O solvente de extra\u00e7\u00e3o normalmente \u00e9 \u00e1gua; a parte utilizada \u00e9 o figo maduro.<\/p>\n<p>Apar\u00eancia: Geralmente p\u00f3 amarelo claro a marrom claro com aroma caracter\u00edstico de figo e sabor levemente adocicado.<\/p>\n<p>M\u00e9todo de detec\u00e7\u00e3o: TLC<\/p>\n<p>Armazenamento: Armazene bem fechado em local fresco, seco e escuro, longe do calor e da umidade.<\/p>\n<p>Prazo de validade: dois anos<\/p>","protected":false},"excerpt":{"rendered":"<p>Nome: P\u00f3 de figo liofilizado<\/p>\n<p>P\u00f3 de figo liofilizado<\/p>\n<p>Solvente de extra\u00e7\u00e3o e parte utilizada: O solvente de extra\u00e7\u00e3o normalmente \u00e9 \u00e1gua; a parte utilizada \u00e9 o figo maduro.<\/p>\n<p>Apar\u00eancia: Geralmente p\u00f3 amarelo claro a marrom claro com aroma caracter\u00edstico de figo e sabor levemente adocicado.<\/p>\n<p>M\u00e9todo de detec\u00e7\u00e3o: TLC<\/p>\n<p>Armazenamento: Armazene bem fechado em local fresco, seco e escuro, longe do calor e da umidade.<\/p>\n<p>Prazo de validade: dois anos<\/p>","protected":false},"featured_media":9295,"comment_status":"closed","ping_status":"closed","template":"","meta":[],"product_brand":[],"product_cat":[21],"product_tag":[],"class_list":{"0":"post-9294","1":"product","2":"type-product","3":"status-publish","4":"has-post-thumbnail","6":"product_cat-lyophilized-powder","8":"first","9":"instock","10":"shipping-taxable","11":"product-type-simple"},"_links":{"self":[{"href":"https:\/\/www.hvbio.com\/pt\/wp-json\/wp\/v2\/product\/9294","targetHints":{"allow":["GET"]}}],"collection":[{"href":"https:\/\/www.hvbio.com\/pt\/wp-json\/wp\/v2\/product"}],"about":[{"href":"https:\/\/www.hvbio.com\/pt\/wp-json\/wp\/v2\/types\/product"}],"replies":[{"embeddable":true,"href":"https:\/\/www.hvbio.com\/pt\/wp-json\/wp\/v2\/comments?post=9294"}],"wp:featuredmedia":[{"embeddable":true,"href":"https:\/\/www.hvbio.com\/pt\/wp-json\/wp\/v2\/media\/9295"}],"wp:attachment":[{"href":"https:\/\/www.hvbio.com\/pt\/wp-json\/wp\/v2\/media?parent=9294"}],"wp:term":[{"taxonomy":"product_brand","embeddable":true,"href":"https:\/\/www.hvbio.com\/pt\/wp-json\/wp\/v2\/product_brand?post=9294"},{"taxonomy":"product_cat","embeddable":true,"href":"https:\/\/www.hvbio.com\/pt\/wp-json\/wp\/v2\/product_cat?post=9294"},{"taxonomy":"product_tag","embeddable":true,"href":"https:\/\/www.hvbio.com\/pt\/wp-json\/wp\/v2\/product_tag?post=9294"}],"curies":[{"name":"wp","href":"https:\/\/api.w.org\/{rel}","templated":true}]}}