{"id":9382,"date":"2025-08-13T15:06:44","date_gmt":"2025-08-13T07:06:44","guid":{"rendered":"https:\/\/www.hvbio.com\/?post_type=product&#038;p=9382"},"modified":"2025-08-13T15:06:44","modified_gmt":"2025-08-13T07:06:44","slug":"pea-powder","status":"publish","type":"product","link":"https:\/\/www.hvbio.com\/pt\/produto\/pea-powder\/","title":{"rendered":"p\u00f3 de ervilha"},"content":{"rendered":"<p>&nbsp;<\/p>\n<p>Farinha de ervilha<\/p>\n<p>Nome alternativo: Macarr\u00e3o de ervilha<\/p>\n<p>Partes de extra\u00e7\u00e3o e uso de solvente: A \u00e1gua \u00e9 usada como o principal solvente de extra\u00e7\u00e3o (ou pode ser ajustada de acordo com diferentes t\u00e9cnicas de processamento), e a parte de uso s\u00e3o as sementes de ervilhas<\/p>\n<p>Apar\u00eancia: Geralmente p\u00f3 amarelo claro a branco, textura fina, com aroma caracter\u00edstico de ervilha, sabor suave<\/p>\n<p>m\u00e9todo de detec\u00e7\u00e3o: TLC<\/p>\n<p>Condi\u00e7\u00f5es de armazenamento: Manter fechado em local fresco, seco e ao abrigo da sombra, longe de altas temperaturas e umidade.<\/p>\n<p>Prazo de validade: dois anos<\/p>","protected":false},"excerpt":{"rendered":"<p>&nbsp;<\/p>\n<p>P\u00f3 de ervilha<\/p>\n<p>Nome alternativo: Macarr\u00e3o de ervilha<\/p>\n<p>Partes de extra\u00e7\u00e3o e uso de solvente: A \u00e1gua \u00e9 usada como o principal solvente de extra\u00e7\u00e3o (ou pode ser ajustada de acordo com diferentes t\u00e9cnicas de processamento), e a parte de uso s\u00e3o as sementes de ervilhas<\/p>\n<p>Apar\u00eancia: Geralmente p\u00f3 amarelo claro a branco, textura fina, com aroma caracter\u00edstico de ervilha, sabor suave<\/p>\n<p>m\u00e9todo de detec\u00e7\u00e3o: TLC<\/p>\n<p>Condi\u00e7\u00f5es de armazenamento: Manter fechado em local fresco, seco e ao abrigo da sombra, longe de altas temperaturas e umidade.<\/p>\n<p>Prazo de validade: dois anos<\/p>\n<p>&nbsp;<\/p>","protected":false},"featured_media":9387,"comment_status":"closed","ping_status":"closed","template":"","meta":[],"product_brand":[],"product_cat":[18],"product_tag":[],"class_list":{"0":"post-9382","1":"product","2":"type-product","3":"status-publish","4":"has-post-thumbnail","6":"product_cat-fruit-and-vegetable-powder","8":"first","9":"instock","10":"shipping-taxable","11":"product-type-simple"},"_links":{"self":[{"href":"https:\/\/www.hvbio.com\/pt\/wp-json\/wp\/v2\/product\/9382","targetHints":{"allow":["GET"]}}],"collection":[{"href":"https:\/\/www.hvbio.com\/pt\/wp-json\/wp\/v2\/product"}],"about":[{"href":"https:\/\/www.hvbio.com\/pt\/wp-json\/wp\/v2\/types\/product"}],"replies":[{"embeddable":true,"href":"https:\/\/www.hvbio.com\/pt\/wp-json\/wp\/v2\/comments?post=9382"}],"wp:featuredmedia":[{"embeddable":true,"href":"https:\/\/www.hvbio.com\/pt\/wp-json\/wp\/v2\/media\/9387"}],"wp:attachment":[{"href":"https:\/\/www.hvbio.com\/pt\/wp-json\/wp\/v2\/media?parent=9382"}],"wp:term":[{"taxonomy":"product_brand","embeddable":true,"href":"https:\/\/www.hvbio.com\/pt\/wp-json\/wp\/v2\/product_brand?post=9382"},{"taxonomy":"product_cat","embeddable":true,"href":"https:\/\/www.hvbio.com\/pt\/wp-json\/wp\/v2\/product_cat?post=9382"},{"taxonomy":"product_tag","embeddable":true,"href":"https:\/\/www.hvbio.com\/pt\/wp-json\/wp\/v2\/product_tag?post=9382"}],"curies":[{"name":"wp","href":"https:\/\/api.w.org\/{rel}","templated":true}]}}