{"id":9402,"date":"2025-08-13T15:15:54","date_gmt":"2025-08-13T07:15:54","guid":{"rendered":"https:\/\/www.hvbio.com\/?post_type=product&#038;p=9402"},"modified":"2025-08-13T15:18:20","modified_gmt":"2025-08-13T07:18:20","slug":"potato-powder","status":"publish","type":"product","link":"https:\/\/www.hvbio.com\/pt\/produto\/potato-powder\/","title":{"rendered":"P\u00f3 de batata"},"content":{"rendered":"<div class=\"inter-jQQQ8P\">\n<div class=\"container-PrUkKo\">\n<div class=\"item-hGGxLi\">\n<div class=\"container-arOxqB chrome70-container\">\n<div class=\"inner-FyM8gE inner-item-swzCut\" data-target-id=\"message-box-target-id\" data-testid=\"union_message\">\n<div class=\"message-block-container-aFugD6\" data-testid=\"message-block-container\">\n<div class=\"flex flex-row w-full w-full max-w-full s-font-base text-s-color-text-secondary p-0 rounded-s-radius-s bg-transparent group data-[attr=select-mode]:-mt-10 data-[attr=select-mode]:py-10 data-[attr=select-mode]:px-16 data-[attr=select-mode]:sm:p-10 data-[attr=select-mode]:hover:bg-s-color-bg-base data-[attr=select-mode]:hover:rounded-s-radius-xs data-[attr=select-mode]:has-[:checked]:bg-s-color-bg-trans data-[attr=select-mode]:has-[:checked]:rounded-s-radius-xs data-[attr=select-mode]:pointer-events-none\" data-testid=\"receive_message\">\n<div class=\"flex flex-col flex-grow max-w-full min-w-0\">\n<div class=\"flex flex-row w-full\" data-testid=\"message_content\" data-message-id=\"40621793797903\">\n<div class=\"w-full\" data-plugin-identifier=\"Symbol(infra:receive-message-box:text)\">\n<div class=\"container-ZYIsnH flow-markdown-body theme-samantha-Nbr9UN\" dir=\"ltr\" data-testid=\"message_text_content\" data-show-indicator=\"false\">\n<p>Nome: Batata em P\u00f3<\/p>\n<p>Outros nomes: Amido de batata, p\u00f3 de Yangyu, farinha de batata, p\u00f3 de amido de batata<\/p>\n<p>Solvente de Extra\u00e7\u00e3o e Parte Utilizada: \u00c1gua \u00e9 usada como solvente de extra\u00e7\u00e3o. A mat\u00e9ria-prima do p\u00f3 de batata vem dos tub\u00e9rculos subterr\u00e2neos da batata.<\/p>\n<p>Apar\u00eancia: P\u00f3 bege claro<\/p>\n<p>M\u00e9todo de detec\u00e7\u00e3o: cromatografia em camada fina (TLC)<\/p>\n<p>Armazenamento: Armazene em recipiente fechado, mantenha em local fresco, seco e escuro, longe de fontes de calor e ambientes \u00famidos.<\/p>\n<p>Prazo de validade: dois anos<\/p>\n<\/div>\n<\/div>\n<\/div>\n<div class=\"answer-action-bar-pgm2JD answer-action-bar flex flex-col justify-end\" data-testid=\"message_action_bar\">\n<div class=\"container-rxM4SW flex flex-row items-start w-full self-center\" data-message-action-bar=\"1\">\n<div class=\"left-Y7jNAM\"><\/div>\n<\/div>\n<\/div>\n<div class=\"suggest-message-list-wrapper-Hn7Sfr\" data-testid=\"suggest_message_list\">\n<div class=\"suggest-list-item suggest-message-LJeEWd\" data-testid=\"suggest_message_item\"><\/div>\n<\/div>\n<\/div>\n<\/div>\n<\/div>\n<\/div>\n<\/div>\n<\/div>\n<\/div>\n<\/div>","protected":false},"excerpt":{"rendered":"<div class=\"auto-hide-last-sibling-br paragraph-JOTKXA paragraph-element br-paragraph-space\">Nome: Batata em P\u00f3<\/div>\n<div class=\"auto-hide-last-sibling-br paragraph-JOTKXA paragraph-element br-paragraph-space\"><br class=\"container-utlnW2 wrapper-d0Cc1k undefined\" \/>Outros nomes: Amido de batata, p\u00f3 de Yangyu, farinha de batata, p\u00f3 de amido de batata<\/div>\n<div><\/div>\n<div class=\"auto-hide-last-sibling-br paragraph-JOTKXA paragraph-element br-paragraph-space\">Solvente de Extra\u00e7\u00e3o e Parte Utilizada: \u00c1gua \u00e9 usada como solvente de extra\u00e7\u00e3o. A mat\u00e9ria-prima do p\u00f3 de batata vem dos tub\u00e9rculos subterr\u00e2neos da batata.<\/div>\n<div><\/div>\n<div class=\"auto-hide-last-sibling-br paragraph-JOTKXA paragraph-element br-paragraph-space\">Apar\u00eancia: P\u00f3 bege claro<\/div>\n<div><\/div>\n<div class=\"auto-hide-last-sibling-br paragraph-JOTKXA paragraph-element br-paragraph-space\">M\u00e9todo de detec\u00e7\u00e3o: cromatografia em camada fina (TLC)<\/div>\n<div><\/div>\n<div class=\"auto-hide-last-sibling-br paragraph-JOTKXA paragraph-element br-paragraph-space\">Armazenamento: Armazene em recipiente fechado, mantenha em local fresco, seco e escuro, longe de fontes de calor e ambientes \u00famidos.<\/div>\n<div><\/div>\n<div class=\"auto-hide-last-sibling-br paragraph-JOTKXA paragraph-element br-paragraph-space\">Prazo de validade: dois anos<\/div>","protected":false},"featured_media":9407,"comment_status":"closed","ping_status":"closed","template":"","meta":[],"product_brand":[],"product_cat":[18,19],"product_tag":[],"class_list":{"0":"post-9402","1":"product","2":"type-product","3":"status-publish","4":"has-post-thumbnail","6":"product_cat-fruit-and-vegetable-powder","7":"product_cat-vegetable-powders","9":"first","10":"instock","11":"shipping-taxable","12":"product-type-simple"},"_links":{"self":[{"href":"https:\/\/www.hvbio.com\/pt\/wp-json\/wp\/v2\/product\/9402","targetHints":{"allow":["GET"]}}],"collection":[{"href":"https:\/\/www.hvbio.com\/pt\/wp-json\/wp\/v2\/product"}],"about":[{"href":"https:\/\/www.hvbio.com\/pt\/wp-json\/wp\/v2\/types\/product"}],"replies":[{"embeddable":true,"href":"https:\/\/www.hvbio.com\/pt\/wp-json\/wp\/v2\/comments?post=9402"}],"wp:featuredmedia":[{"embeddable":true,"href":"https:\/\/www.hvbio.com\/pt\/wp-json\/wp\/v2\/media\/9407"}],"wp:attachment":[{"href":"https:\/\/www.hvbio.com\/pt\/wp-json\/wp\/v2\/media?parent=9402"}],"wp:term":[{"taxonomy":"product_brand","embeddable":true,"href":"https:\/\/www.hvbio.com\/pt\/wp-json\/wp\/v2\/product_brand?post=9402"},{"taxonomy":"product_cat","embeddable":true,"href":"https:\/\/www.hvbio.com\/pt\/wp-json\/wp\/v2\/product_cat?post=9402"},{"taxonomy":"product_tag","embeddable":true,"href":"https:\/\/www.hvbio.com\/pt\/wp-json\/wp\/v2\/product_tag?post=9402"}],"curies":[{"name":"wp","href":"https:\/\/api.w.org\/{rel}","templated":true}]}}