{"id":9408,"date":"2025-08-13T15:25:59","date_gmt":"2025-08-13T07:25:59","guid":{"rendered":"https:\/\/www.hvbio.com\/?post_type=product&#038;p=9408"},"modified":"2025-09-01T11:01:54","modified_gmt":"2025-09-01T03:01:54","slug":"celery-powder","status":"publish","type":"product","link":"https:\/\/www.hvbio.com\/pt\/produto\/celery-powder\/","title":{"rendered":"p\u00f3 de aipo"},"content":{"rendered":"<p>&nbsp;<\/p>\n<p>P\u00f3 de aipo<\/p>\n<p>Solvente de extra\u00e7\u00e3o e partes utilizadas: Utilizando o aipo (principalmente caules e folhas) como mat\u00e9ria-prima, ele \u00e9 seco e mo\u00eddo at\u00e9 virar p\u00f3. Geralmente, n\u00e3o s\u00e3o utilizados solventes de extra\u00e7\u00e3o adicionais.<\/p>\n<p>Apar\u00eancia: Geralmente um p\u00f3 amarelo-esverdeado claro a amarelo-esverdeado, com aroma e sabor caracter\u00edsticos de aipo e textura fina.<\/p>\n<p>m\u00e9todo de detec\u00e7\u00e3o: TLC<\/p>\n<p>Condi\u00e7\u00f5es de armazenamento: Manter fechado em local fresco, seco e ao abrigo da sombra, longe de altas temperaturas e umidade.<\/p>\n<p>Prazo de validade: dois anos<\/p>","protected":false},"excerpt":{"rendered":"<p>P\u00f3 de aipo<\/p>\n<p>Solvente de extra\u00e7\u00e3o e partes utilizadas: Utilizando o aipo (principalmente caules e folhas) como mat\u00e9ria-prima, ele \u00e9 seco e mo\u00eddo at\u00e9 virar p\u00f3. Geralmente, n\u00e3o s\u00e3o utilizados solventes de extra\u00e7\u00e3o adicionais.<\/p>\n<p>Apar\u00eancia: Geralmente um p\u00f3 amarelo-esverdeado claro a amarelo-esverdeado, com aroma e sabor caracter\u00edsticos de aipo e textura fina.<\/p>\n<p>m\u00e9todo de detec\u00e7\u00e3o: TLC<\/p>\n<p>Condi\u00e7\u00f5es de armazenamento: Manter fechado em local fresco, seco e ao abrigo da sombra, longe de altas temperaturas e umidade.<\/p>\n<p>Prazo de validade: dois anos<\/p>","protected":false},"featured_media":9932,"comment_status":"closed","ping_status":"closed","template":"","meta":[],"product_brand":[],"product_cat":[18,19],"product_tag":[28],"class_list":{"0":"post-9408","1":"product","2":"type-product","3":"status-publish","4":"has-post-thumbnail","6":"product_cat-fruit-and-vegetable-powder","7":"product_cat-vegetable-powders","8":"product_tag-celery-powder","10":"first","11":"instock","12":"shipping-taxable","13":"product-type-simple"},"_links":{"self":[{"href":"https:\/\/www.hvbio.com\/pt\/wp-json\/wp\/v2\/product\/9408","targetHints":{"allow":["GET"]}}],"collection":[{"href":"https:\/\/www.hvbio.com\/pt\/wp-json\/wp\/v2\/product"}],"about":[{"href":"https:\/\/www.hvbio.com\/pt\/wp-json\/wp\/v2\/types\/product"}],"replies":[{"embeddable":true,"href":"https:\/\/www.hvbio.com\/pt\/wp-json\/wp\/v2\/comments?post=9408"}],"wp:featuredmedia":[{"embeddable":true,"href":"https:\/\/www.hvbio.com\/pt\/wp-json\/wp\/v2\/media\/9932"}],"wp:attachment":[{"href":"https:\/\/www.hvbio.com\/pt\/wp-json\/wp\/v2\/media?parent=9408"}],"wp:term":[{"taxonomy":"product_brand","embeddable":true,"href":"https:\/\/www.hvbio.com\/pt\/wp-json\/wp\/v2\/product_brand?post=9408"},{"taxonomy":"product_cat","embeddable":true,"href":"https:\/\/www.hvbio.com\/pt\/wp-json\/wp\/v2\/product_cat?post=9408"},{"taxonomy":"product_tag","embeddable":true,"href":"https:\/\/www.hvbio.com\/pt\/wp-json\/wp\/v2\/product_tag?post=9408"}],"curies":[{"name":"wp","href":"https:\/\/api.w.org\/{rel}","templated":true}]}}