{"id":9427,"date":"2025-08-13T15:43:06","date_gmt":"2025-08-13T07:43:06","guid":{"rendered":"https:\/\/www.hvbio.com\/?post_type=product&#038;p=9427"},"modified":"2025-08-18T11:57:57","modified_gmt":"2025-08-18T03:57:57","slug":"cucumber-powder","status":"publish","type":"product","link":"https:\/\/www.hvbio.com\/pt\/produto\/cucumber-powder\/","title":{"rendered":"pepino em p\u00f3"},"content":{"rendered":"<table>\n<thead>\n<tr>\n<th><strong>Item<\/strong><\/th>\n<th><strong>Descri\u00e7\u00e3o em ingl\u00eas<\/strong><\/th>\n<\/tr>\n<\/thead>\n<tbody>\n<tr>\n<td><strong>Nome do produto<\/strong><\/td>\n<td>Pepino em p\u00f3<\/td>\n<\/tr>\n<tr>\n<td><strong>Tamb\u00e9m conhecido como<\/strong><\/td>\n<td>Pepino em p\u00f3, pepino em p\u00f3 liofilizado<\/td>\n<\/tr>\n<tr>\n<td><strong>Solvente de Extra\u00e7\u00e3o e Parte Utilizada<\/strong><\/td>\n<td>A \u00e1gua \u00e9 usada como solvente de extra\u00e7\u00e3o (ou sem solvente, produzida por desidrata\u00e7\u00e3o). A parte utilizada \u00e9 o fruto do pepino.<\/td>\n<\/tr>\n<tr>\n<td><strong>Apar\u00eancia<\/strong><\/td>\n<td>P\u00f3 amarelo claro a verde-amarelado com aroma caracter\u00edstico de pepino.<\/td>\n<\/tr>\n<tr>\n<td><strong>M\u00e9todo de detec\u00e7\u00e3o<\/strong><\/td>\n<td>TLC (Cromatografia em Camada Delgada)<\/td>\n<\/tr>\n<tr>\n<td><strong>Condi\u00e7\u00f5es de armazenamento<\/strong><\/td>\n<td>Conservar em local fresco, seco, escuro, fechado e longe do calor e da umidade.<\/td>\n<\/tr>\n<tr>\n<td><strong>Prazo de validade<\/strong><\/td>\n<td>Dois anos<\/td>\n<\/tr>\n<\/tbody>\n<\/table>","protected":false},"excerpt":{"rendered":"<table>\n<thead>\n<tr>\n<th><strong>Item<\/strong><\/th>\n<th><strong>Descri\u00e7\u00e3o em ingl\u00eas<\/strong><\/th>\n<\/tr>\n<\/thead>\n<tbody>\n<tr>\n<td><strong>Nome do produto<\/strong><\/td>\n<td>Pepino em p\u00f3<\/td>\n<\/tr>\n<tr>\n<td><strong>Tamb\u00e9m conhecido como<\/strong><\/td>\n<td>Pepino em p\u00f3, pepino em p\u00f3 liofilizado<\/td>\n<\/tr>\n<tr>\n<td><strong>Solvente de Extra\u00e7\u00e3o e Parte Utilizada<\/strong><\/td>\n<td>A \u00e1gua \u00e9 usada como solvente de extra\u00e7\u00e3o (ou sem solvente, produzida por desidrata\u00e7\u00e3o). A parte utilizada \u00e9 o fruto do pepino.<\/td>\n<\/tr>\n<tr>\n<td><strong>Apar\u00eancia<\/strong><\/td>\n<td>P\u00f3 amarelo claro a verde-amarelado com aroma caracter\u00edstico de pepino.<\/td>\n<\/tr>\n<tr>\n<td><strong>M\u00e9todo de detec\u00e7\u00e3o<\/strong><\/td>\n<td>TLC (Cromatografia em Camada Delgada)<\/td>\n<\/tr>\n<tr>\n<td><strong>Condi\u00e7\u00f5es de armazenamento<\/strong><\/td>\n<td>Conservar em local fresco, seco, escuro, fechado e longe do calor e da umidade.<\/td>\n<\/tr>\n<tr>\n<td><strong>Prazo de validade<\/strong><\/td>\n<td>Dois anos<\/td>\n<\/tr>\n<\/tbody>\n<\/table>","protected":false},"featured_media":9431,"comment_status":"closed","ping_status":"closed","template":"","meta":[],"product_brand":[],"product_cat":[19],"product_tag":[],"class_list":{"0":"post-9427","1":"product","2":"type-product","3":"status-publish","4":"has-post-thumbnail","6":"product_cat-vegetable-powders","8":"first","9":"instock","10":"shipping-taxable","11":"product-type-simple"},"_links":{"self":[{"href":"https:\/\/www.hvbio.com\/pt\/wp-json\/wp\/v2\/product\/9427","targetHints":{"allow":["GET"]}}],"collection":[{"href":"https:\/\/www.hvbio.com\/pt\/wp-json\/wp\/v2\/product"}],"about":[{"href":"https:\/\/www.hvbio.com\/pt\/wp-json\/wp\/v2\/types\/product"}],"replies":[{"embeddable":true,"href":"https:\/\/www.hvbio.com\/pt\/wp-json\/wp\/v2\/comments?post=9427"}],"wp:featuredmedia":[{"embeddable":true,"href":"https:\/\/www.hvbio.com\/pt\/wp-json\/wp\/v2\/media\/9431"}],"wp:attachment":[{"href":"https:\/\/www.hvbio.com\/pt\/wp-json\/wp\/v2\/media?parent=9427"}],"wp:term":[{"taxonomy":"product_brand","embeddable":true,"href":"https:\/\/www.hvbio.com\/pt\/wp-json\/wp\/v2\/product_brand?post=9427"},{"taxonomy":"product_cat","embeddable":true,"href":"https:\/\/www.hvbio.com\/pt\/wp-json\/wp\/v2\/product_cat?post=9427"},{"taxonomy":"product_tag","embeddable":true,"href":"https:\/\/www.hvbio.com\/pt\/wp-json\/wp\/v2\/product_tag?post=9427"}],"curies":[{"name":"wp","href":"https:\/\/api.w.org\/{rel}","templated":true}]}}