{"id":9450,"date":"2025-08-13T16:06:26","date_gmt":"2025-08-13T08:06:26","guid":{"rendered":"https:\/\/www.hvbio.com\/?post_type=product&#038;p=9450"},"modified":"2025-08-18T11:49:19","modified_gmt":"2025-08-18T03:49:19","slug":"freeze-dried-purple-sweet-potato-powder","status":"publish","type":"product","link":"https:\/\/www.hvbio.com\/pt\/produto\/freeze-dried-purple-sweet-potato-powder\/","title":{"rendered":"P\u00f3 de batata-doce roxa liofilizada"},"content":{"rendered":"<table>\n<thead>\n<tr>\n<th><strong>Item<\/strong><\/th>\n<th><strong>Detalhes<\/strong><\/th>\n<\/tr>\n<\/thead>\n<tbody>\n<tr>\n<td><strong>Nome do produto<\/strong><\/td>\n<td>P\u00f3 de batata-doce roxa liofilizada<\/td>\n<\/tr>\n<tr>\n<td><strong>Outros nomes<\/strong><\/td>\n<td>P\u00f3 de batata-doce liofilizada (Shao Shu)<\/td>\n<\/tr>\n<tr>\n<td><strong>Solvente de Extra\u00e7\u00e3o e Parte Usada<\/strong><\/td>\n<td>O principal processo de produ\u00e7\u00e3o do p\u00f3 de batata-doce roxa liofilizada \u00e9 a liofiliza\u00e7\u00e3o, uma tecnologia de desidrata\u00e7\u00e3o f\u00edsica.<br class=\"container-utlnW2 wrapper-d0Cc1k undefined\" \/>Mat\u00e9ria-prima: Tub\u00e9rculos subterr\u00e2neos de batata-doce roxa (ou seja, a parte carnuda comest\u00edvel da batata-doce roxa)<\/td>\n<\/tr>\n<tr>\n<td><strong>Apar\u00eancia<\/strong><\/td>\n<td>P\u00f3 roxo<\/td>\n<\/tr>\n<tr>\n<td><strong>M\u00e9todo de detec\u00e7\u00e3o<\/strong><\/td>\n<td>Cromatografia em Camada Delgada (TLC)<\/td>\n<\/tr>\n<tr>\n<td><strong>Armazenar<\/strong><\/td>\n<td>Armazene em recipiente fechado; mantenha em local fresco, seco e escuro; longe de fontes de calor e ambientes \u00famidos<\/td>\n<\/tr>\n<tr>\n<td><strong>Prazo de validade<\/strong><\/td>\n<td>Dois anos<\/td>\n<\/tr>\n<\/tbody>\n<\/table>","protected":false},"excerpt":{"rendered":"<div class=\"auto-hide-last-sibling-br paragraph-JOTKXA paragraph-element br-paragraph-space\">\n<table>\n<thead>\n<tr>\n<th><strong>Item<\/strong><\/th>\n<th><strong>Detalhes<\/strong><\/th>\n<\/tr>\n<\/thead>\n<tbody>\n<tr>\n<td><strong>Nome do produto<\/strong><\/td>\n<td>P\u00f3 de batata-doce roxa liofilizada<\/td>\n<\/tr>\n<tr>\n<td><strong>Outros nomes<\/strong><\/td>\n<td>P\u00f3 de batata-doce liofilizada (Shao Shu)<\/td>\n<\/tr>\n<tr>\n<td><strong>Solvente de Extra\u00e7\u00e3o e Parte Usada<\/strong><\/td>\n<td>O principal processo de produ\u00e7\u00e3o do p\u00f3 de batata-doce roxa liofilizada \u00e9 a liofiliza\u00e7\u00e3o, uma tecnologia de desidrata\u00e7\u00e3o f\u00edsica.<br class=\"container-utlnW2 wrapper-d0Cc1k undefined\" \/>Mat\u00e9ria-prima: Tub\u00e9rculos subterr\u00e2neos de batata-doce roxa (ou seja, a parte carnuda comest\u00edvel da batata-doce roxa)<\/td>\n<\/tr>\n<tr>\n<td><strong>Apar\u00eancia<\/strong><\/td>\n<td>P\u00f3 roxo<\/td>\n<\/tr>\n<tr>\n<td><strong>M\u00e9todo de detec\u00e7\u00e3o<\/strong><\/td>\n<td>Cromatografia em Camada Delgada (TLC)<\/td>\n<\/tr>\n<tr>\n<td><strong>Armazenar<\/strong><\/td>\n<td>Armazene em recipiente fechado; mantenha em local fresco, seco e escuro; longe de fontes de calor e ambientes \u00famidos<\/td>\n<\/tr>\n<tr>\n<td><strong>Prazo de validade<\/strong><\/td>\n<td>Dois anos<\/td>\n<\/tr>\n<\/tbody>\n<\/table>\n<\/div>","protected":false},"featured_media":9456,"comment_status":"closed","ping_status":"closed","template":"","meta":[],"product_brand":[],"product_cat":[18,21],"product_tag":[],"class_list":{"0":"post-9450","1":"product","2":"type-product","3":"status-publish","4":"has-post-thumbnail","6":"product_cat-fruit-and-vegetable-powder","7":"product_cat-lyophilized-powder","9":"first","10":"instock","11":"shipping-taxable","12":"product-type-simple"},"_links":{"self":[{"href":"https:\/\/www.hvbio.com\/pt\/wp-json\/wp\/v2\/product\/9450","targetHints":{"allow":["GET"]}}],"collection":[{"href":"https:\/\/www.hvbio.com\/pt\/wp-json\/wp\/v2\/product"}],"about":[{"href":"https:\/\/www.hvbio.com\/pt\/wp-json\/wp\/v2\/types\/product"}],"replies":[{"embeddable":true,"href":"https:\/\/www.hvbio.com\/pt\/wp-json\/wp\/v2\/comments?post=9450"}],"wp:featuredmedia":[{"embeddable":true,"href":"https:\/\/www.hvbio.com\/pt\/wp-json\/wp\/v2\/media\/9456"}],"wp:attachment":[{"href":"https:\/\/www.hvbio.com\/pt\/wp-json\/wp\/v2\/media?parent=9450"}],"wp:term":[{"taxonomy":"product_brand","embeddable":true,"href":"https:\/\/www.hvbio.com\/pt\/wp-json\/wp\/v2\/product_brand?post=9450"},{"taxonomy":"product_cat","embeddable":true,"href":"https:\/\/www.hvbio.com\/pt\/wp-json\/wp\/v2\/product_cat?post=9450"},{"taxonomy":"product_tag","embeddable":true,"href":"https:\/\/www.hvbio.com\/pt\/wp-json\/wp\/v2\/product_tag?post=9450"}],"curies":[{"name":"wp","href":"https:\/\/api.w.org\/{rel}","templated":true}]}}