{"id":9458,"date":"2025-08-13T16:10:23","date_gmt":"2025-08-13T08:10:23","guid":{"rendered":"https:\/\/www.hvbio.com\/?post_type=product&#038;p=9458"},"modified":"2025-08-18T11:42:48","modified_gmt":"2025-08-18T03:42:48","slug":"freeze-dried-broccoli-powder","status":"publish","type":"product","link":"https:\/\/www.hvbio.com\/pt\/produto\/freeze-dried-broccoli-powder\/","title":{"rendered":"br\u00f3colis em p\u00f3 liofilizado"},"content":{"rendered":"<table>\n<thead>\n<tr>\n<th>Item<\/th>\n<th>Descri\u00e7\u00e3o em ingl\u00eas<\/th>\n<\/tr>\n<\/thead>\n<tbody>\n<tr>\n<td><strong>Nome do produto<\/strong><\/td>\n<td>P\u00f3 de br\u00f3colis liofilizado<\/td>\n<\/tr>\n<tr>\n<td><strong>Tamb\u00e9m conhecido como<\/strong><\/td>\n<td>P\u00f3 de br\u00f3colis liofilizado, p\u00f3 de br\u00f3colis liofilizado<\/td>\n<\/tr>\n<tr>\n<td><strong>Solvente de Extra\u00e7\u00e3o e Parte Utilizada<\/strong><\/td>\n<td>O solvente de extra\u00e7\u00e3o geralmente \u00e9 \u00e1gua; a parte usada s\u00e3o os floretes e talos tenros do br\u00f3colis.<\/td>\n<\/tr>\n<tr>\n<td><strong>Apar\u00eancia<\/strong><\/td>\n<td>P\u00f3 amarelo-esverdeado claro a verde com odor caracter\u00edstico de br\u00f3colis.<\/td>\n<\/tr>\n<tr>\n<td><strong>M\u00e9todo de detec\u00e7\u00e3o<\/strong><\/td>\n<td>TLC (Cromatografia em Camada Delgada)<\/td>\n<\/tr>\n<tr>\n<td><strong>Armazenar<\/strong><\/td>\n<td>Armazene bem fechado em local fresco, seco e escuro, longe do calor e da umidade.<\/td>\n<\/tr>\n<tr>\n<td><strong>Prazo de validade<\/strong><\/td>\n<td>Dois anos<\/td>\n<\/tr>\n<\/tbody>\n<\/table>","protected":false},"excerpt":{"rendered":"<table>\n<thead>\n<tr>\n<th>Item<\/th>\n<th>Descri\u00e7\u00e3o em ingl\u00eas<\/th>\n<\/tr>\n<\/thead>\n<tbody>\n<tr>\n<td><strong>Nome do produto<\/strong><\/td>\n<td>P\u00f3 de br\u00f3colis liofilizado<\/td>\n<\/tr>\n<tr>\n<td><strong>Tamb\u00e9m conhecido como<\/strong><\/td>\n<td>P\u00f3 de br\u00f3colis liofilizado, p\u00f3 de br\u00f3colis liofilizado<\/td>\n<\/tr>\n<tr>\n<td><strong>Solvente de Extra\u00e7\u00e3o e Parte Utilizada<\/strong><\/td>\n<td>O solvente de extra\u00e7\u00e3o geralmente \u00e9 \u00e1gua; a parte usada s\u00e3o os floretes e talos tenros do br\u00f3colis.<\/td>\n<\/tr>\n<tr>\n<td><strong>Apar\u00eancia<\/strong><\/td>\n<td>P\u00f3 amarelo-esverdeado claro a verde com odor caracter\u00edstico de br\u00f3colis.<\/td>\n<\/tr>\n<tr>\n<td><strong>M\u00e9todo de detec\u00e7\u00e3o<\/strong><\/td>\n<td>TLC (Cromatografia em Camada Delgada)<\/td>\n<\/tr>\n<tr>\n<td><strong>Armazenar<\/strong><\/td>\n<td>Armazene bem fechado em local fresco, seco e escuro, longe do calor e da umidade.<\/td>\n<\/tr>\n<tr>\n<td><strong>Prazo de validade<\/strong><\/td>\n<td>Dois anos<\/td>\n<\/tr>\n<\/tbody>\n<\/table>","protected":false},"featured_media":9462,"comment_status":"closed","ping_status":"closed","template":"","meta":[],"product_brand":[],"product_cat":[18,21],"product_tag":[],"class_list":{"0":"post-9458","1":"product","2":"type-product","3":"status-publish","4":"has-post-thumbnail","6":"product_cat-fruit-and-vegetable-powder","7":"product_cat-lyophilized-powder","9":"first","10":"instock","11":"shipping-taxable","12":"product-type-simple"},"_links":{"self":[{"href":"https:\/\/www.hvbio.com\/pt\/wp-json\/wp\/v2\/product\/9458","targetHints":{"allow":["GET"]}}],"collection":[{"href":"https:\/\/www.hvbio.com\/pt\/wp-json\/wp\/v2\/product"}],"about":[{"href":"https:\/\/www.hvbio.com\/pt\/wp-json\/wp\/v2\/types\/product"}],"replies":[{"embeddable":true,"href":"https:\/\/www.hvbio.com\/pt\/wp-json\/wp\/v2\/comments?post=9458"}],"wp:featuredmedia":[{"embeddable":true,"href":"https:\/\/www.hvbio.com\/pt\/wp-json\/wp\/v2\/media\/9462"}],"wp:attachment":[{"href":"https:\/\/www.hvbio.com\/pt\/wp-json\/wp\/v2\/media?parent=9458"}],"wp:term":[{"taxonomy":"product_brand","embeddable":true,"href":"https:\/\/www.hvbio.com\/pt\/wp-json\/wp\/v2\/product_brand?post=9458"},{"taxonomy":"product_cat","embeddable":true,"href":"https:\/\/www.hvbio.com\/pt\/wp-json\/wp\/v2\/product_cat?post=9458"},{"taxonomy":"product_tag","embeddable":true,"href":"https:\/\/www.hvbio.com\/pt\/wp-json\/wp\/v2\/product_tag?post=9458"}],"curies":[{"name":"wp","href":"https:\/\/api.w.org\/{rel}","templated":true}]}}