{"id":9463,"date":"2025-08-13T16:17:49","date_gmt":"2025-08-13T08:17:49","guid":{"rendered":"https:\/\/www.hvbio.com\/?post_type=product&#038;p=9463"},"modified":"2025-08-18T11:30:29","modified_gmt":"2025-08-18T03:30:29","slug":"freeze-dried-taro-powder","status":"publish","type":"product","link":"https:\/\/www.hvbio.com\/pt\/produto\/freeze-dried-taro-powder\/","title":{"rendered":"P\u00f3 de taro liofilizado"},"content":{"rendered":"<div class=\"auto-hide-last-sibling-br paragraph-JOTKXA paragraph-element br-paragraph-space\">\n<table>\n<thead>\n<tr>\n<th>Item<\/th>\n<th>Detalhes<\/th>\n<\/tr>\n<\/thead>\n<tbody>\n<tr>\n<td>Nome<\/td>\n<td>P\u00f3 de taro liofilizado<\/td>\n<\/tr>\n<tr>\n<td>Outros nomes<\/td>\n<td>P\u00f3 de Yu liofilizado<\/td>\n<\/tr>\n<tr>\n<td>Solvente de Extra\u00e7\u00e3o e Parte Usada<\/td>\n<td>O principal processo de produ\u00e7\u00e3o do p\u00f3 de taro liofilizado \u00e9 a liofiliza\u00e7\u00e3o, que \u00e9 uma tecnologia de desidrata\u00e7\u00e3o f\u00edsica. A mat\u00e9ria-prima vem dos bulbos subterr\u00e2neos do taro (ou seja, a parte carnosa comest\u00edvel do taro).<\/td>\n<\/tr>\n<tr>\n<td>Apar\u00eancia<\/td>\n<td>P\u00f3 roxo<\/td>\n<\/tr>\n<tr>\n<td>M\u00e9todo de detec\u00e7\u00e3o<\/td>\n<td>Cromatografia em Camada Delgada (TLC)<\/td>\n<\/tr>\n<tr>\n<td>Armazenar<\/td>\n<td>Conservar em recipiente fechado, em local fresco, seco e escuro, longe de fontes de calor e ambientes \u00famidos.<\/td>\n<\/tr>\n<tr>\n<td>Prazo de validade<\/td>\n<td>dois anos<\/td>\n<\/tr>\n<\/tbody>\n<\/table>\n<\/div>","protected":false},"excerpt":{"rendered":"<div class=\"auto-hide-last-sibling-br paragraph-JOTKXA paragraph-element br-paragraph-space\">\n<table>\n<thead>\n<tr>\n<th>Item<\/th>\n<th>Detalhes<\/th>\n<\/tr>\n<\/thead>\n<tbody>\n<tr>\n<td>Nome<\/td>\n<td>P\u00f3 de taro liofilizado<\/td>\n<\/tr>\n<tr>\n<td>Outros nomes<\/td>\n<td>P\u00f3 de Yu liofilizado<\/td>\n<\/tr>\n<tr>\n<td>Solvente de Extra\u00e7\u00e3o e Parte Usada<\/td>\n<td>O principal processo de produ\u00e7\u00e3o do p\u00f3 de taro liofilizado \u00e9 a liofiliza\u00e7\u00e3o, que \u00e9 uma tecnologia de desidrata\u00e7\u00e3o f\u00edsica. A mat\u00e9ria-prima vem dos bulbos subterr\u00e2neos do taro (ou seja, a parte carnosa comest\u00edvel do taro).<\/td>\n<\/tr>\n<tr>\n<td>Apar\u00eancia<\/td>\n<td>P\u00f3 roxo<\/td>\n<\/tr>\n<tr>\n<td>M\u00e9todo de detec\u00e7\u00e3o<\/td>\n<td>Cromatografia em Camada Delgada (TLC)<\/td>\n<\/tr>\n<tr>\n<td>Armazenar<\/td>\n<td>Conservar em recipiente fechado, em local fresco, seco e escuro, longe de fontes de calor e ambientes \u00famidos.<\/td>\n<\/tr>\n<tr>\n<td>Prazo de validade<\/td>\n<td>dois anos<\/td>\n<\/tr>\n<\/tbody>\n<\/table>\n<\/div>","protected":false},"featured_media":9468,"comment_status":"closed","ping_status":"closed","template":"","meta":[],"product_brand":[],"product_cat":[18,21],"product_tag":[],"class_list":{"0":"post-9463","1":"product","2":"type-product","3":"status-publish","4":"has-post-thumbnail","6":"product_cat-fruit-and-vegetable-powder","7":"product_cat-lyophilized-powder","9":"first","10":"instock","11":"shipping-taxable","12":"product-type-simple"},"_links":{"self":[{"href":"https:\/\/www.hvbio.com\/pt\/wp-json\/wp\/v2\/product\/9463","targetHints":{"allow":["GET"]}}],"collection":[{"href":"https:\/\/www.hvbio.com\/pt\/wp-json\/wp\/v2\/product"}],"about":[{"href":"https:\/\/www.hvbio.com\/pt\/wp-json\/wp\/v2\/types\/product"}],"replies":[{"embeddable":true,"href":"https:\/\/www.hvbio.com\/pt\/wp-json\/wp\/v2\/comments?post=9463"}],"wp:featuredmedia":[{"embeddable":true,"href":"https:\/\/www.hvbio.com\/pt\/wp-json\/wp\/v2\/media\/9468"}],"wp:attachment":[{"href":"https:\/\/www.hvbio.com\/pt\/wp-json\/wp\/v2\/media?parent=9463"}],"wp:term":[{"taxonomy":"product_brand","embeddable":true,"href":"https:\/\/www.hvbio.com\/pt\/wp-json\/wp\/v2\/product_brand?post=9463"},{"taxonomy":"product_cat","embeddable":true,"href":"https:\/\/www.hvbio.com\/pt\/wp-json\/wp\/v2\/product_cat?post=9463"},{"taxonomy":"product_tag","embeddable":true,"href":"https:\/\/www.hvbio.com\/pt\/wp-json\/wp\/v2\/product_tag?post=9463"}],"curies":[{"name":"wp","href":"https:\/\/api.w.org\/{rel}","templated":true}]}}