{"id":9469,"date":"2025-08-13T16:17:32","date_gmt":"2025-08-13T08:17:32","guid":{"rendered":"https:\/\/www.hvbio.com\/?post_type=product&#038;p=9469"},"modified":"2025-08-18T11:40:57","modified_gmt":"2025-08-18T03:40:57","slug":"freeze-dried-kale-powder","status":"publish","type":"product","link":"https:\/\/www.hvbio.com\/pt\/produto\/freeze-dried-kale-powder\/","title":{"rendered":"p\u00f3 de couve liofilizada"},"content":{"rendered":"<table>\n<thead>\n<tr>\n<th><strong>Item<\/strong><\/th>\n<th><strong>Detalhes<\/strong><\/th>\n<\/tr>\n<\/thead>\n<tbody>\n<tr>\n<td><strong>Nome do produto<\/strong><\/td>\n<td>P\u00f3 de couve liofilizada<\/td>\n<\/tr>\n<tr>\n<td><strong>Outros nomes<\/strong><\/td>\n<td>P\u00f3 de couve liofilizada<\/td>\n<\/tr>\n<tr>\n<td><strong>Solvente de Extra\u00e7\u00e3o e Parte Utilizada<\/strong><\/td>\n<td>Solvente de extra\u00e7\u00e3o: normalmente \u00e1gua<br class=\"container-utlnW2 wrapper-d0Cc1k undefined\" \/>Parte utilizada: folhas de couve<\/td>\n<\/tr>\n<tr>\n<td><strong>Apar\u00eancia<\/strong><\/td>\n<td>Geralmente um p\u00f3 verde a verde escuro com um odor caracter\u00edstico de couve<\/td>\n<\/tr>\n<tr>\n<td><strong>M\u00e9todo de detec\u00e7\u00e3o<\/strong><\/td>\n<td>TLC<\/td>\n<\/tr>\n<tr>\n<td><strong>Armazenar<\/strong><\/td>\n<td>Armazene bem fechado em local fresco, seco e escuro, longe do calor e da umidade<\/td>\n<\/tr>\n<tr>\n<td><strong>Prazo de validade<\/strong><\/td>\n<td>Dois anos<\/td>\n<\/tr>\n<\/tbody>\n<\/table>","protected":false},"excerpt":{"rendered":"<table>\n<thead>\n<tr>\n<th><strong>Item<\/strong><\/th>\n<th><strong>Detalhes<\/strong><\/th>\n<\/tr>\n<\/thead>\n<tbody>\n<tr>\n<td><strong>Nome do produto<\/strong><\/td>\n<td>P\u00f3 de couve liofilizada<\/td>\n<\/tr>\n<tr>\n<td><strong>Outros nomes<\/strong><\/td>\n<td>P\u00f3 de couve liofilizada<\/td>\n<\/tr>\n<tr>\n<td><strong>Solvente de Extra\u00e7\u00e3o e Parte Utilizada<\/strong><\/td>\n<td>Solvente de extra\u00e7\u00e3o: normalmente \u00e1gua<br class=\"container-utlnW2 wrapper-d0Cc1k undefined\" \/>\u00a0Parte utilizada: folhas de couve<\/td>\n<\/tr>\n<tr>\n<td><strong>Apar\u00eancia<\/strong><\/td>\n<td>Geralmente um p\u00f3 verde a verde escuro com um odor caracter\u00edstico de couve<\/td>\n<\/tr>\n<tr>\n<td><strong>M\u00e9todo de detec\u00e7\u00e3o<\/strong><\/td>\n<td>TLC<\/td>\n<\/tr>\n<tr>\n<td><strong>Armazenar<\/strong><\/td>\n<td>Armazene bem fechado em local fresco, seco e escuro, longe do calor e da umidade<\/td>\n<\/tr>\n<tr>\n<td><strong>Prazo de validade<\/strong><\/td>\n<td>Dois anos<\/td>\n<\/tr>\n<\/tbody>\n<\/table>","protected":false},"featured_media":9473,"comment_status":"closed","ping_status":"closed","template":"","meta":[],"product_brand":[],"product_cat":[21],"product_tag":[],"class_list":{"0":"post-9469","1":"product","2":"type-product","3":"status-publish","4":"has-post-thumbnail","6":"product_cat-lyophilized-powder","8":"first","9":"instock","10":"shipping-taxable","11":"product-type-simple"},"_links":{"self":[{"href":"https:\/\/www.hvbio.com\/pt\/wp-json\/wp\/v2\/product\/9469","targetHints":{"allow":["GET"]}}],"collection":[{"href":"https:\/\/www.hvbio.com\/pt\/wp-json\/wp\/v2\/product"}],"about":[{"href":"https:\/\/www.hvbio.com\/pt\/wp-json\/wp\/v2\/types\/product"}],"replies":[{"embeddable":true,"href":"https:\/\/www.hvbio.com\/pt\/wp-json\/wp\/v2\/comments?post=9469"}],"wp:featuredmedia":[{"embeddable":true,"href":"https:\/\/www.hvbio.com\/pt\/wp-json\/wp\/v2\/media\/9473"}],"wp:attachment":[{"href":"https:\/\/www.hvbio.com\/pt\/wp-json\/wp\/v2\/media?parent=9469"}],"wp:term":[{"taxonomy":"product_brand","embeddable":true,"href":"https:\/\/www.hvbio.com\/pt\/wp-json\/wp\/v2\/product_brand?post=9469"},{"taxonomy":"product_cat","embeddable":true,"href":"https:\/\/www.hvbio.com\/pt\/wp-json\/wp\/v2\/product_cat?post=9469"},{"taxonomy":"product_tag","embeddable":true,"href":"https:\/\/www.hvbio.com\/pt\/wp-json\/wp\/v2\/product_tag?post=9469"}],"curies":[{"name":"wp","href":"https:\/\/api.w.org\/{rel}","templated":true}]}}