{"id":9498,"date":"2025-08-19T11:17:57","date_gmt":"2025-08-19T03:17:57","guid":{"rendered":"https:\/\/www.hvbio.com\/?post_type=product&#038;p=9498"},"modified":"2025-08-19T11:17:57","modified_gmt":"2025-08-19T03:17:57","slug":"cranberry-powder","status":"publish","type":"product","link":"https:\/\/www.hvbio.com\/pt\/produto\/cranberry-powder\/","title":{"rendered":"P\u00f3 de cranberry"},"content":{"rendered":"<table>\n<tbody>\n<tr>\n<td><strong>Nome do produto<\/strong><\/td>\n<td>P\u00f3 de cranberry<\/td>\n<\/tr>\n<tr>\n<td><strong>Extra\u00eddo de<\/strong><\/td>\n<td>Fruta de cranberry<\/td>\n<\/tr>\n<tr>\n<td><strong>Propriedades<\/strong><\/td>\n<td>P\u00f3 vermelho-p\u00farpura, testado por TLC<\/td>\n<\/tr>\n<tr>\n<td><strong>Tamanho da malha<\/strong><\/td>\n<td>98% passando por peneira de 80 malhas<\/td>\n<\/tr>\n<tr>\n<td><strong>Embalagem<\/strong><\/td>\n<td>25 kg\/tambor de papel\u00e3o ou saco de papel alum\u00ednio;<br class=\"container-utlnW2 wrapper-d0Cc1k undefined\" \/>Tambor de papel\u00e3o ou saco de papel alum\u00ednio (embalagem espec\u00edfica para o cliente dispon\u00edvel)<\/td>\n<\/tr>\n<tr>\n<td><strong>Armazenar<\/strong><\/td>\n<td>Armazene em local fechado e protegido da luz, em local seco, fresco e bem ventilado.<\/td>\n<\/tr>\n<tr>\n<td><strong>Prazo de validade<\/strong><\/td>\n<td>24 meses<\/td>\n<\/tr>\n<tr>\n<td><strong>Entrega expressa<\/strong><\/td>\n<td>Dispon\u00edvel via expresso ou log\u00edstica.<br class=\"container-utlnW2 wrapper-d0Cc1k undefined\" \/>Entrega expressa nacional: geralmente chega em 3 dias.<br class=\"container-utlnW2 wrapper-d0Cc1k undefined\" \/>Entrega log\u00edstica nacional: Geralmente chega em 5 dias.<br class=\"container-utlnW2 wrapper-d0Cc1k undefined\" \/>Os custos de envio dom\u00e9stico geralmente est\u00e3o inclu\u00eddos no or\u00e7amento.<\/td>\n<\/tr>\n<tr>\n<td><strong>Amostra<\/strong><\/td>\n<td>Amostras de 5-20g geralmente est\u00e3o dispon\u00edveis; taxas de amostra se aplicam a alguns produtos<\/td>\n<\/tr>\n<\/tbody>\n<\/table>","protected":false},"excerpt":{"rendered":"<table>\n<tbody>\n<tr>\n<td><strong>Nome do produto<\/strong><\/td>\n<td>P\u00f3 de cranberry<\/td>\n<\/tr>\n<tr>\n<td><strong>Extra\u00eddo de<\/strong><\/td>\n<td>Fruta de cranberry<\/td>\n<\/tr>\n<tr>\n<td><strong>Propriedades<\/strong><\/td>\n<td>P\u00f3 vermelho-p\u00farpura, testado por TLC<\/td>\n<\/tr>\n<tr>\n<td><strong>Tamanho da malha<\/strong><\/td>\n<td>98% passando por peneira de 80 malhas<\/td>\n<\/tr>\n<tr>\n<td><strong>Embalagem<\/strong><\/td>\n<td>25 kg\/tambor de papel\u00e3o ou saco de papel alum\u00ednio;<br class=\"container-utlnW2 wrapper-d0Cc1k undefined\" \/>Tambor de papel\u00e3o ou saco de papel alum\u00ednio (embalagem espec\u00edfica para o cliente dispon\u00edvel)<\/td>\n<\/tr>\n<tr>\n<td><strong>Armazenar<\/strong><\/td>\n<td>Armazene em local fechado e protegido da luz, em local seco, fresco e bem ventilado.<\/td>\n<\/tr>\n<tr>\n<td><strong>Prazo de validade<\/strong><\/td>\n<td>24 meses<\/td>\n<\/tr>\n<tr>\n<td><strong>Entrega expressa<\/strong><\/td>\n<td>Dispon\u00edvel via expresso ou log\u00edstica.<br class=\"container-utlnW2 wrapper-d0Cc1k undefined\" \/>Entrega expressa nacional: geralmente chega em 3 dias.<br class=\"container-utlnW2 wrapper-d0Cc1k undefined\" \/>Entrega log\u00edstica nacional: Geralmente chega em 5 dias.<br class=\"container-utlnW2 wrapper-d0Cc1k undefined\" \/>Os custos de envio dom\u00e9stico geralmente est\u00e3o inclu\u00eddos no or\u00e7amento.<\/td>\n<\/tr>\n<tr>\n<td><strong>Amostra<\/strong><\/td>\n<td>Amostras de 5-20g geralmente est\u00e3o dispon\u00edveis; taxas de amostra se aplicam a alguns produtos<\/td>\n<\/tr>\n<\/tbody>\n<\/table>","protected":false},"featured_media":9502,"comment_status":"closed","ping_status":"closed","template":"","meta":[],"product_brand":[],"product_cat":[20],"product_tag":[],"class_list":{"0":"post-9498","1":"product","2":"type-product","3":"status-publish","4":"has-post-thumbnail","6":"product_cat-fruit-powder","8":"first","9":"instock","10":"shipping-taxable","11":"product-type-simple"},"_links":{"self":[{"href":"https:\/\/www.hvbio.com\/pt\/wp-json\/wp\/v2\/product\/9498","targetHints":{"allow":["GET"]}}],"collection":[{"href":"https:\/\/www.hvbio.com\/pt\/wp-json\/wp\/v2\/product"}],"about":[{"href":"https:\/\/www.hvbio.com\/pt\/wp-json\/wp\/v2\/types\/product"}],"replies":[{"embeddable":true,"href":"https:\/\/www.hvbio.com\/pt\/wp-json\/wp\/v2\/comments?post=9498"}],"wp:featuredmedia":[{"embeddable":true,"href":"https:\/\/www.hvbio.com\/pt\/wp-json\/wp\/v2\/media\/9502"}],"wp:attachment":[{"href":"https:\/\/www.hvbio.com\/pt\/wp-json\/wp\/v2\/media?parent=9498"}],"wp:term":[{"taxonomy":"product_brand","embeddable":true,"href":"https:\/\/www.hvbio.com\/pt\/wp-json\/wp\/v2\/product_brand?post=9498"},{"taxonomy":"product_cat","embeddable":true,"href":"https:\/\/www.hvbio.com\/pt\/wp-json\/wp\/v2\/product_cat?post=9498"},{"taxonomy":"product_tag","embeddable":true,"href":"https:\/\/www.hvbio.com\/pt\/wp-json\/wp\/v2\/product_tag?post=9498"}],"curies":[{"name":"wp","href":"https:\/\/api.w.org\/{rel}","templated":true}]}}