{"id":9514,"date":"2025-08-19T11:37:12","date_gmt":"2025-08-19T03:37:12","guid":{"rendered":"https:\/\/www.hvbio.com\/?post_type=product&#038;p=9514"},"modified":"2025-08-19T11:37:12","modified_gmt":"2025-08-19T03:37:12","slug":"barley-grass-powder","status":"publish","type":"product","link":"https:\/\/www.hvbio.com\/pt\/produto\/barley-grass-powder\/","title":{"rendered":"P\u00f3 de grama de cevada"},"content":{"rendered":"<table style=\"height: 339px;\" width=\"1573\">\n<thead>\n<tr>\n<th><strong>Item<\/strong><\/th>\n<th><strong>Tradu\u00e7\u00e3o para o ingl\u00eas<\/strong><\/th>\n<\/tr>\n<\/thead>\n<tbody>\n<tr>\n<td><strong>Nome do produto<\/strong><\/td>\n<td>P\u00f3 de grama de cevada<\/td>\n<\/tr>\n<tr>\n<td><strong>Outros nomes<\/strong><\/td>\n<td>P\u00f3 de grama de cevada, p\u00f3 de suco verde de folhas jovens de cevada, p\u00f3 de grama de trigo<\/td>\n<\/tr>\n<tr>\n<td><strong>Solvente de Extra\u00e7\u00e3o e Parte Usada<\/strong><\/td>\n<td>A mat\u00e9ria-prima do p\u00f3 de grama de trigo geralmente s\u00e3o as partes jovens das folhas das mudas de trigo, como as folhas do trigo jovem e as mudas jovens de cevada. Essas partes possuem alto teor de nutrientes e s\u00e3o adequadas para a extra\u00e7\u00e3o e prepara\u00e7\u00e3o do p\u00f3 de grama de trigo. A \u00e1gua pode ser usada como solvente para o extrato de mudas de trigo; em alguns processos de prepara\u00e7\u00e3o do p\u00f3 de grama de trigo, o etanol \u00e9 usado como solvente de extra\u00e7\u00e3o.<\/td>\n<\/tr>\n<tr>\n<td><strong>Apar\u00eancia<\/strong><\/td>\n<td>P\u00f3 verde<\/td>\n<\/tr>\n<tr>\n<td><strong>M\u00e9todo de detec\u00e7\u00e3o<\/strong><\/td>\n<td>Cromatografia em Camada Delgada (TLC)<\/td>\n<\/tr>\n<tr>\n<td><strong>Armazenar<\/strong><\/td>\n<td>Armazene em recipiente fechado, em local fresco, seco e escuro, longe de fontes de calor e ambientes \u00famidos.<\/td>\n<\/tr>\n<tr>\n<td><strong>Prazo de validade<\/strong><\/td>\n<td>Dois anos<\/td>\n<\/tr>\n<\/tbody>\n<\/table>","protected":false},"excerpt":{"rendered":"<h3 class=\"header-vfC6AV auto-hide-last-sibling-br\">Detalhes do produto<\/h3>\n<ul class=\"auto-hide-last-sibling-br\">\n<li><strong>Nome do produto<\/strong>P\u00f3 de grama de cevada<\/li>\n<li><strong>Outros nomes<\/strong>: Extrato de grama de cevada em p\u00f3, suco de folhas verdes de cevada em p\u00f3, p\u00f3 de grama de trigo<\/li>\n<li><strong>Solvente de Extra\u00e7\u00e3o e Parte Usada<\/strong>: As mat\u00e9rias-primas do p\u00f3 de grama de trigo e do p\u00f3 de grama de cevada s\u00e3o geralmente as partes jovens das folhas das mudas de trigo, como folhas jovens de trigo e folhas de mudas jovens de cevada. Essas partes s\u00e3o ricas em nutrientes e adequadas para a extra\u00e7\u00e3o e prepara\u00e7\u00e3o do p\u00f3 de grama de trigo. A \u00e1gua pode ser usada como solvente para a extra\u00e7\u00e3o de mudas de trigo. Em alguns processos de prepara\u00e7\u00e3o do p\u00f3 de grama de trigo, o etanol \u00e9 usado como solvente de extra\u00e7\u00e3o.<\/li>\n<li><strong>Apar\u00eancia<\/strong>: P\u00f3 verde<\/li>\n<li><strong>Quantidade de adi\u00e7\u00e3o recomendada<\/strong>: 5% para bebidas s\u00f3lidas, 5% para bebidas e 3 \u2013 5% para salgadinhos<\/li>\n<li><strong>\u00c2mbito de aplica\u00e7\u00e3o<\/strong>: Bebidas s\u00f3lidas, latic\u00ednios, alimentos de conveni\u00eancia, alimentos inflados, condimentos, alimentos para meia-idade e idosos, alimentos assados, salgadinhos, alimentos frios e bebidas frias, etc.<\/li>\n<\/ul>\n<h3 class=\"header-vfC6AV auto-hide-last-sibling-br\">Instru\u00e7\u00f5es de compra<\/h3>\n<ul class=\"auto-hide-last-sibling-br\">\n<li><strong>M\u00e9todo de embalagem<\/strong>: 25 kg\/tambor de papel\u00e3o ou saco de papel alum\u00ednio<\/li>\n<li><strong>Condi\u00e7\u00f5es de armazenamento<\/strong>: Deve ser selado, protegido da luz e armazenado em local seco, fresco e bem ventilado<\/li>\n<li><strong>Per\u00edodo de validade<\/strong>:Dois anos<\/li>\n<li><strong>Provis\u00e3o de amostra<\/strong>: Geralmente, s\u00e3o fornecidas amostras de 5 a 20 g para cada produto. Alguns produtos est\u00e3o sujeitos a taxas de amostra.<\/li>\n<li><strong>Embalagem do produto<\/strong>: Embalado em tambores de papel\u00e3o ou sacos de papel alum\u00ednio (pode ser personalizado de acordo com as necessidades do cliente)<\/li>\n<li><strong>Prazo de entrega<\/strong>Produtos n\u00e3o personalizados ser\u00e3o enviados em at\u00e9 48 horas. Para produtos personalizados, o prazo de entrega ser\u00e1 ajustado de acordo com as necessidades reais.<\/li>\n<li><strong>M\u00e9todo de transporte<\/strong>: Expresso nacional ou log\u00edstica. O or\u00e7amento inclui os custos de transporte.<\/li>\n<\/ul>","protected":false},"featured_media":9515,"comment_status":"closed","ping_status":"closed","template":"","meta":[],"product_brand":[],"product_cat":[18,19],"product_tag":[],"class_list":{"0":"post-9514","1":"product","2":"type-product","3":"status-publish","4":"has-post-thumbnail","6":"product_cat-fruit-and-vegetable-powder","7":"product_cat-vegetable-powders","9":"first","10":"instock","11":"shipping-taxable","12":"product-type-simple"},"_links":{"self":[{"href":"https:\/\/www.hvbio.com\/pt\/wp-json\/wp\/v2\/product\/9514","targetHints":{"allow":["GET"]}}],"collection":[{"href":"https:\/\/www.hvbio.com\/pt\/wp-json\/wp\/v2\/product"}],"about":[{"href":"https:\/\/www.hvbio.com\/pt\/wp-json\/wp\/v2\/types\/product"}],"replies":[{"embeddable":true,"href":"https:\/\/www.hvbio.com\/pt\/wp-json\/wp\/v2\/comments?post=9514"}],"wp:featuredmedia":[{"embeddable":true,"href":"https:\/\/www.hvbio.com\/pt\/wp-json\/wp\/v2\/media\/9515"}],"wp:attachment":[{"href":"https:\/\/www.hvbio.com\/pt\/wp-json\/wp\/v2\/media?parent=9514"}],"wp:term":[{"taxonomy":"product_brand","embeddable":true,"href":"https:\/\/www.hvbio.com\/pt\/wp-json\/wp\/v2\/product_brand?post=9514"},{"taxonomy":"product_cat","embeddable":true,"href":"https:\/\/www.hvbio.com\/pt\/wp-json\/wp\/v2\/product_cat?post=9514"},{"taxonomy":"product_tag","embeddable":true,"href":"https:\/\/www.hvbio.com\/pt\/wp-json\/wp\/v2\/product_tag?post=9514"}],"curies":[{"name":"wp","href":"https:\/\/api.w.org\/{rel}","templated":true}]}}